{"id":6060,"date":"2025-09-10T14:05:44","date_gmt":"2025-09-10T12:05:44","guid":{"rendered":"https:\/\/www.euromat.be\/product\/kunstof-oprijplaten-met-handvaten\/"},"modified":"2025-09-11T11:35:24","modified_gmt":"2025-09-11T09:35:24","slug":"plaques-de-roulage-synthetiques-a-poignees","status":"publish","type":"product","link":"https:\/\/www.euromat.be\/fr\/produit\/plaques-de-roulage-synthetiques-a-poignees\/","title":{"rendered":"Plaques de roulage synth\u00e9tiques \u00e0 poign\u00e9es"},"content":{"rendered":"<section class=\"l-section wpb_row height_auto\"><div class=\"l-section-h i-cf\"><div class=\"g-cols vc_row via_flex valign_top type_default stacking_default\"><div class=\"vc_col-sm-12 wpb_column vc_column_container\"><div class=\"vc_column-inner\"><div class=\"wpb_wrapper\"><div class=\"wpb_text_column\"><div class=\"wpb_wrapper\"><p>Les rampes en plastique avec poign\u00e9es sont id\u00e9ales pour renforcer temporairement les surfaces et prot\u00e9ger les routes, les terrains ou les pelouses. D&rsquo;une capacit\u00e9 de charge de 45 tonnes, ces plaques conviennent aux v\u00e9hicules et machines lourds. Mesurant 2000 x 1000 x 15 mm, elles offrent un passage stable et s\u00fbr. Les poign\u00e9es int\u00e9gr\u00e9es facilitent le transport et la mise en place. Ces plaques sont id\u00e9ales pour les \u00e9v\u00e9nements, les chantiers et les travaux d&rsquo;infrastructure.<\/p>\n<\/div><\/div><\/div><\/div><\/div><\/div><\/div><\/section>\n","protected":false},"excerpt":{"rendered":"<p>Rampes en plastique l\u00e9g\u00e8res et solides avec poign\u00e9es, capacit\u00e9 de charge jusqu&rsquo;\u00e0 45 tonnes.<\/p>\n","protected":false},"featured_media":3155,"template":"","meta":{"_acf_changed":false},"product_brand":[],"product_cat":[1378,1374,3043],"product_tag":[],"class_list":{"0":"post-6060","1":"product","2":"type-product","3":"status-publish","4":"has-post-thumbnail","6":"product_cat-accessoires-machines-de-chantier","7":"product_cat-machines-de-chantier","8":"product_cat-plaques-de-roulage","9":"pa_afmetingen-lxbxh-2000x1000x15-mm-fr","10":"pa_draagvermogen-45-ton-fr","12":"first","13":"instock","14":"purchasable","15":"product-type-simple"},"acf":[],"_links":{"self":[{"href":"https:\/\/www.euromat.be\/fr\/wp-json\/wp\/v2\/product\/6060","targetHints":{"allow":["GET"]}}],"collection":[{"href":"https:\/\/www.euromat.be\/fr\/wp-json\/wp\/v2\/product"}],"about":[{"href":"https:\/\/www.euromat.be\/fr\/wp-json\/wp\/v2\/types\/product"}],"wp:featuredmedia":[{"embeddable":true,"href":"https:\/\/www.euromat.be\/fr\/wp-json\/wp\/v2\/media\/3155"}],"wp:attachment":[{"href":"https:\/\/www.euromat.be\/fr\/wp-json\/wp\/v2\/media?parent=6060"}],"wp:term":[{"taxonomy":"product_brand","embeddable":true,"href":"https:\/\/www.euromat.be\/fr\/wp-json\/wp\/v2\/product_brand?post=6060"},{"taxonomy":"product_cat","embeddable":true,"href":"https:\/\/www.euromat.be\/fr\/wp-json\/wp\/v2\/product_cat?post=6060"},{"taxonomy":"product_tag","embeddable":true,"href":"https:\/\/www.euromat.be\/fr\/wp-json\/wp\/v2\/product_tag?post=6060"}],"curies":[{"name":"wp","href":"https:\/\/api.w.org\/{rel}","templated":true}]}}