{"id":6061,"date":"2025-09-10T14:05:44","date_gmt":"2025-09-10T12:05:44","guid":{"rendered":"https:\/\/www.euromat.be\/product\/manitou-alle-terrein-hefttruck-cpcd25-xw98c-rt4\/"},"modified":"2025-10-21T16:57:39","modified_gmt":"2025-10-21T14:57:39","slug":"hangcha-chariot-elevateur-tout-terrain-cpcd25-xw98c-rt4","status":"publish","type":"product","link":"https:\/\/www.euromat.be\/fr\/produit\/hangcha-chariot-elevateur-tout-terrain-cpcd25-xw98c-rt4\/","title":{"rendered":"Hangcha chariot \u00e9l\u00e9vateur tout terrain CPCD25-XW98C-RT4"},"content":{"rendered":"<section class=\"l-section wpb_row height_auto\"><div class=\"l-section-h i-cf\"><div class=\"g-cols vc_row via_flex valign_top type_default stacking_default\"><div class=\"vc_col-sm-12 wpb_column vc_column_container\"><div class=\"vc_column-inner\"><div class=\"wpb_wrapper\"><div class=\"wpb_text_column\"><div class=\"wpb_wrapper\"><p><strong>Chariot \u00e9l\u00e9vateur tout-terrain Hangcha CPCD25-XW98C-RT4<\/strong><\/p>\n<p>Chariot \u00e9l\u00e9vateur tout-terrain puissant pour les terrains accident\u00e9s et les conditions difficiles<\/p>\n<p>Le chariot \u00e9l\u00e9vateur tout-terrain Hangcha CPCD25-XW98C-RT4 est un chariot \u00e9l\u00e9vateur diesel robuste et polyvalent, sp\u00e9cialement con\u00e7u pour \u00eatre utilis\u00e9 sur des terrains accident\u00e9s tels que les chantiers de construction, les sites industriels et les surfaces non rev\u00eatues. Dot\u00e9 d&rsquo;une garde au sol \u00e9lev\u00e9e, de quatre roues motrices et d&rsquo;un puissant moteur diesel, il est id\u00e9al pour les travaux de transport et de levage dans des environnements difficiles.<\/p>\n<p><strong>Caract\u00e9ristiques principales :<\/strong><br \/>\n&#8211; Marque : Hangcha &#8211; un moteur fiable pour les terrains accident\u00e9s<br \/>\n&#8211; Longueur hors fourches : 3085 mm<br \/>\n&#8211; Longueur hors tout, fourches comprises : 4305 mm<br \/>\n&#8211; Hauteur jusqu&rsquo;\u00e0ale : 2390 mm<br \/>\n&#8211; Largeur maximale : 1557 mm<br \/>\n&#8211; Hauteur de levage jusqu&rsquo;\u00e0ale (m\u00e2t en contreplaqu\u00e9 avec d\u00e9placement lat\u00e9ral) : 4000 mm<br \/>\n&#8211; Hauteur avec le m\u00e2t enti\u00e8rement d\u00e9ploy\u00e9 : 4122 mm<br \/>\n&#8211; Rayon de braquage : 3300 mm<br \/>\n&#8211; Poids net : 4850 kg<br \/>\n&#8211; Carburant : diesel<br \/>\n&#8211; Toutes les machines incluent 8 heures de fonctionnement dans le prix de location, les heures de fonctionnement suppl\u00e9mentaires seront factur\u00e9es en fonction de votre consommation.<\/p>\n<p><strong>Applications :<\/strong><br \/>\nCe chariot \u00e9l\u00e9vateur tout-terrain Hangcha est parfait pour d\u00e9placer des charges lourdes sur des surfaces rugueuses, telles que les chantiers de construction, les sites agricoles et les installations industrielles. Gr\u00e2ce \u00e0 son m\u00e2t \u00e0 d\u00e9placement lat\u00e9ral et \u00e0 sa grande capacit\u00e9 de levage, il offre un maximum de contr\u00f4le et de pr\u00e9cision.<\/p>\n<p><strong>Pourquoi choisir Euromat ?<\/strong><\/p>\n<p>\u2714\ufe0f Chariot \u00e9l\u00e9vateur tout-terrain Hangcha robuste, pr\u00eat pour les conditions de travail difficiles<br \/>\n\u2714\ufe0f Grande capacit\u00e9 de levage et excellente maniabilit\u00e9<br \/>\n\u2714\ufe0f Parfaitement utilisable sur tous les terrains<br \/>\n\u2714\ufe0f Entretenu et pr\u00eat \u00e0 \u00eatre utilis\u00e9 imm\u00e9diatement par notre flotte de location<br \/>\n\u2714\ufe0f Conseils professionnels et solutions de location flexibles<\/p>\n<\/div><\/div><\/div><\/div><\/div><\/div><\/div><\/section>\n","protected":false},"excerpt":{"rendered":"<p>Location de chariot \u00e9l\u00e9vateur tout terrain Hangcha CPCD25-XW98C-RT4 ? Chariot \u00e9l\u00e9vateur diesel 4&#215;4 avec une hauteur de levage de 4 m, un poids mort de 4850 kg et un m\u00e2t \u00e0 d\u00e9placement lat\u00e9ral. Id\u00e9al pour le levage de charges lourdes sur des surfaces rugueuses telles que les chantiers de construction, les sites agricoles et les sites industriels.<\/p>\n","protected":false},"featured_media":7182,"template":"","meta":{"_acf_changed":false},"product_brand":[],"product_cat":[3030,1374,1376],"product_tag":[],"class_list":{"0":"post-6061","1":"product","2":"type-product","3":"status-publish","4":"has-post-thumbnail","6":"product_cat-chariots-elevateurs","7":"product_cat-machines-de-chantier","8":"product_cat-minipelles-chargeurs-et-dumpers","9":"pa_brandstof-diesel-fr","10":"pa_draaicirkel-3405-mm-fr","11":"pa_eigen-gewicht-4035-kg-fr","12":"pa_lengte-excl-vorken-3045-mm-fr","13":"pa_max-breedte-1450-mm-fr","14":"pa_totale-hoogte-2340-mm-fr","15":"pa_totale-lengte-incl-vorken-4195-mm-fr","17":"first","18":"instock","19":"purchasable","20":"product-type-simple"},"acf":[],"_links":{"self":[{"href":"https:\/\/www.euromat.be\/fr\/wp-json\/wp\/v2\/product\/6061","targetHints":{"allow":["GET"]}}],"collection":[{"href":"https:\/\/www.euromat.be\/fr\/wp-json\/wp\/v2\/product"}],"about":[{"href":"https:\/\/www.euromat.be\/fr\/wp-json\/wp\/v2\/types\/product"}],"wp:featuredmedia":[{"embeddable":true,"href":"https:\/\/www.euromat.be\/fr\/wp-json\/wp\/v2\/media\/7182"}],"wp:attachment":[{"href":"https:\/\/www.euromat.be\/fr\/wp-json\/wp\/v2\/media?parent=6061"}],"wp:term":[{"taxonomy":"product_brand","embeddable":true,"href":"https:\/\/www.euromat.be\/fr\/wp-json\/wp\/v2\/product_brand?post=6061"},{"taxonomy":"product_cat","embeddable":true,"href":"https:\/\/www.euromat.be\/fr\/wp-json\/wp\/v2\/product_cat?post=6061"},{"taxonomy":"product_tag","embeddable":true,"href":"https:\/\/www.euromat.be\/fr\/wp-json\/wp\/v2\/product_tag?post=6061"}],"curies":[{"name":"wp","href":"https:\/\/api.w.org\/{rel}","templated":true}]}}