{"id":6062,"date":"2025-09-10T14:05:44","date_gmt":"2025-09-10T12:05:44","guid":{"rendered":"https:\/\/www.euromat.be\/product\/manitou-alle-terrein-4x4-heftruck-mc-25-4\/"},"modified":"2025-09-11T15:17:13","modified_gmt":"2025-09-11T13:17:13","slug":"manitou-chariot-elevateur-tout-terrain-mc-25-4","status":"publish","type":"product","link":"https:\/\/www.euromat.be\/fr\/produit\/manitou-chariot-elevateur-tout-terrain-mc-25-4\/","title":{"rendered":"Manitou chariot \u00e9l\u00e9vateur tout terrain MC 25-4"},"content":{"rendered":"<section class=\"l-section wpb_row height_auto\"><div class=\"l-section-h i-cf\"><div class=\"g-cols vc_row via_flex valign_top type_default stacking_default\"><div class=\"vc_col-sm-12 wpb_column vc_column_container\"><div class=\"vc_column-inner\"><div class=\"wpb_wrapper\"><div class=\"wpb_text_column\"><div class=\"wpb_wrapper\"><p><strong>Manitou Chariot \u00e9l\u00e9vateur tout-terrain 4&#215;4 MC 25-4<\/strong><\/p>\n<p>Chariot \u00e9l\u00e9vateur puissant et maniable pour tous les terrains<\/p>\n<p>Le chariot \u00e9l\u00e9vateur tout-terrain 4&#215;4 Manitou MC 25-4 est con\u00e7u pour le levage de charges lourdes sur des surfaces difficiles. Dot\u00e9 de quatre roues motrices, d&rsquo;une structure compacte et d&rsquo;un puissant moteur diesel, ce chariot \u00e9l\u00e9vateur tout-terrain est id\u00e9al pour une utilisation sur les chantiers de construction, les zones industrielles et d&rsquo;autres lieux o\u00f9 le terrain est accident\u00e9.<\/p>\n<p><strong>Caract\u00e9ristiques principales :<\/strong><br \/>\n&#8211; Marque : Manitou &#8211; leader dans le domaine des chariots \u00e9l\u00e9vateurs tout-terrainN\u00b0 de r\u00e9f. : 178.39<br \/>\n&#8211; Longueur hors fourches : 3045 mm<br \/>\n&#8211; Longueur hors tout avec fourches : 4195 mm<br \/>\n&#8211; Hauteur jusqu&rsquo;\u00e0ale : 2340 mm<br \/>\n&#8211; Largeur maximale : 1450 mm<br \/>\n&#8211; Hauteur de levage jusqu&rsquo;\u00e0ale (m\u00e2t double) : 3300 mm<br \/>\n&#8211; Hauteur avec le m\u00e2t enti\u00e8rement d\u00e9ploy\u00e9 : 4156 mm<br \/>\n&#8211; Rayon de braquage : 3405 mm<br \/>\n&#8211; Poids net : 4035 kg<br \/>\n&#8211; Carburant : diesel<br \/>\n&#8211; Toutes les machines incluent 8 heures de fonctionnement dans le prix de location, les heures de fonctionnement suppl\u00e9mentaires seront factur\u00e9es en fonction de votre consommation.<\/p>\n<p><strong>Applications :<\/strong><br \/>\nLe Manitou MC 25-4 est parfait pour le transport de charges lourdes sur des terrains difficiles. Ce chariot \u00e9l\u00e9vateur tout-terrain se distingue par sa stabilit\u00e9, son confort de conduite et sa maniabilit\u00e9, ce qui le rend parfaitement adapt\u00e9 aux applications exigeantes dans les secteurs de la construction, de l&rsquo;agriculture et de l&rsquo;industrie.<\/p>\n<p><strong>Pourquoi choisir Euromat ?<\/strong><\/p>\n<p>\u2714\ufe0f Manitou : des performances fiables sur tous les terrains<br \/>\n\u2714\ufe0f Conception compacte avec un rayon de braquage court<br \/>\n\u2714\ufe0f Grande hauteur de levage pour une utilisation polyvalente<br \/>\n\u2714\ufe0f Mat\u00e9riel entretenu par des professionnels<br \/>\n\u2714\ufe0f Location flexible adapt\u00e9e \u00e0 votre projet<\/p>\n<\/div><\/div><\/div><\/div><\/div><\/div><\/div><\/section>\n","protected":false},"excerpt":{"rendered":"<p>Location d&rsquo;un chariot \u00e9l\u00e9vateur tout-terrain 4&#215;4 Manitou MC 25-4 ? Chariot \u00e9l\u00e9vateur diesel compact avec une hauteur de levage de 3,3 m, un poids propre de 4035 kg et un faible rayon de braquage. Id\u00e9al pour les levages lourds sur terrain accident\u00e9 dans la construction, l&rsquo;agriculture et l&rsquo;industrie.<\/p>\n","protected":false},"featured_media":7188,"template":"","meta":{"_acf_changed":false},"product_brand":[],"product_cat":[3030,1374,1376],"product_tag":[],"class_list":{"0":"post-6062","1":"product","2":"type-product","3":"status-publish","4":"has-post-thumbnail","6":"product_cat-chariots-elevateurs","7":"product_cat-machines-de-chantier","8":"product_cat-minipelles-chargeurs-et-dumpers","10":"first","11":"instock","12":"purchasable","13":"product-type-simple"},"acf":[],"_links":{"self":[{"href":"https:\/\/www.euromat.be\/fr\/wp-json\/wp\/v2\/product\/6062","targetHints":{"allow":["GET"]}}],"collection":[{"href":"https:\/\/www.euromat.be\/fr\/wp-json\/wp\/v2\/product"}],"about":[{"href":"https:\/\/www.euromat.be\/fr\/wp-json\/wp\/v2\/types\/product"}],"wp:featuredmedia":[{"embeddable":true,"href":"https:\/\/www.euromat.be\/fr\/wp-json\/wp\/v2\/media\/7188"}],"wp:attachment":[{"href":"https:\/\/www.euromat.be\/fr\/wp-json\/wp\/v2\/media?parent=6062"}],"wp:term":[{"taxonomy":"product_brand","embeddable":true,"href":"https:\/\/www.euromat.be\/fr\/wp-json\/wp\/v2\/product_brand?post=6062"},{"taxonomy":"product_cat","embeddable":true,"href":"https:\/\/www.euromat.be\/fr\/wp-json\/wp\/v2\/product_cat?post=6062"},{"taxonomy":"product_tag","embeddable":true,"href":"https:\/\/www.euromat.be\/fr\/wp-json\/wp\/v2\/product_tag?post=6062"}],"curies":[{"name":"wp","href":"https:\/\/api.w.org\/{rel}","templated":true}]}}