{"id":6064,"date":"2025-09-10T14:05:44","date_gmt":"2025-09-10T12:05:44","guid":{"rendered":"https:\/\/www.euromat.be\/product\/dumper-op-rupsen-wacker-neuson-dt12\/"},"modified":"2025-09-11T15:15:23","modified_gmt":"2025-09-11T13:15:23","slug":"dumper-sur-chenilles-wacker-neuson-dt12","status":"publish","type":"product","link":"https:\/\/www.euromat.be\/fr\/produit\/dumper-sur-chenilles-wacker-neuson-dt12\/","title":{"rendered":"Dumper sur chenilles &#8211; Wacker Neuson DT12"},"content":{"rendered":"<section class=\"l-section wpb_row height_auto\"><div class=\"l-section-h i-cf\"><div class=\"g-cols vc_row via_flex valign_top type_default stacking_default\"><div class=\"vc_col-sm-12 wpb_column vc_column_container\"><div class=\"vc_column-inner\"><div class=\"wpb_wrapper\"><div class=\"wpb_text_column\"><div class=\"wpb_wrapper\"><p><strong>Wacker Neuson, basculeur de chenilles 1,2 tonnes DT12<\/strong><\/p>\n<p>Dumper sur chenilles compact et puissant pour les chantiers difficiles d&rsquo;acc\u00e8s<\/p>\n<p>Vous cherchez un moyen efficace de d\u00e9placer des charges lourdes sur des chantiers \u00e9troits ou difficiles d&rsquo;acc\u00e8s ? Le DT12 de Wacker Neuson est un tombereau sur chenilles robuste qui excelle en termes de maniabilit\u00e9 et de puissance. Gr\u00e2ce \u00e0 sa taille compacte et \u00e0 son ch\u00e2ssis stable, il est id\u00e9al pour les travaux d&rsquo;int\u00e9rieur, les r\u00e9novations ou les projets de jardinage n\u00e9cessitant de la pr\u00e9cision.<\/p>\n<p><strong>Caract\u00e9ristiques principales :<\/strong><br \/>\n&#8211; Capacit\u00e9 de charge : 1200 kg &#8211; id\u00e9al pour la terre, les gravats ou les mat\u00e9riaux<br \/>\n&#8211; Capacit\u00e9 de la benne : 0,446 m\u00b3 &#8211; augmente l&rsquo;efficacit\u00e9 du transport<br \/>\n&#8211; Hauteur de basculement : 460 mm &#8211; d\u00e9chargement facile et s\u00fbr<br \/>\n&#8211; Dimensions : 1800x830x1303 mm &#8211; passe dans les passages \u00e9troits<br \/>\n&#8211; Poids : 700 kg &#8211; l\u00e9ger mais puissant<br \/>\n&#8211; Puissance : 15\/11 kW\/hp &#8211; performances \u00e9lev\u00e9es avec de faibles \u00e9missions<br \/>\n&#8211; Vitesse : 4 km\/h &#8211; man\u0153uvres contr\u00f4l\u00e9es<br \/>\n&#8211; R\u00e9servoir de carburant : 9,7 litres &#8211; convient pour les longues p\u00e9riodes de travail sans ravitaillement en carburant<br \/>\n&#8211; Toutes les machines incluent 8 heures de fonctionnement dans le prix de location, les heures de fonctionnement suppl\u00e9mentaires sont factur\u00e9es en fonction de la consommation.<\/p>\n<p><strong>Applications :<\/strong><br \/>\nCe tombereau sur chenilles DT12 de Wacker Neuson est particuli\u00e8rement adapt\u00e9 aux travaux de r\u00e9novation, de jardinage et d&rsquo;am\u00e9nagement paysager, aux chantiers de petite et moyenne taille ou aux cours o\u00f9 les tombereaux classiques n&rsquo;ont pas leur place.<\/p>\n<p><strong>Pourquoi choisir Euromat ?<\/strong><br \/>\nEuromat fournit plus que des machines : nous r\u00e9fl\u00e9chissons avec vous, nous vous apportons un soutien technique et nous assurons une livraison rapide \u00e0 partir du stock.<\/p>\n<p>\u2714\ufe0f Formules flexibles de location \u00e0 court et \u00e0 long terme<br \/>\n\u2714\ufe0f Des machines en parfait \u00e9tat gr\u00e2ce \u00e0 des proc\u00e9dures d&rsquo;entretien strictes<br \/>\n\u2714\ufe0f Conseils et assistance personnalis\u00e9s sur chaque chantier<\/p>\n<\/div><\/div><\/div><\/div><\/div><\/div><\/div><\/section>\n","protected":false},"excerpt":{"rendered":"<p>Louer un tombereau sur chenilles DT12 de Wacker Neuson ? Charge utile de 1,2 tonne, taille compacte (1800&#215;830 mm) et entra\u00eenement stable des chenilles pour le transport sur des terrains difficiles ou des sites \u00e9troits. Id\u00e9al pour les projets de jardinage, les r\u00e9novations et les chantiers int\u00e9rieurs.<\/p>\n","protected":false},"featured_media":2368,"template":"","meta":{"_acf_changed":false},"product_brand":[1431],"product_cat":[3029,1374,1376],"product_tag":[],"class_list":{"0":"post-6064","1":"product","2":"type-product","3":"status-publish","4":"has-post-thumbnail","6":"product_brand-wacker-neuson","7":"product_cat-dumpers","8":"product_cat-machines-de-chantier","9":"product_cat-minipelles-chargeurs-et-dumpers","10":"pa_afmetingen-lxbxh-1800x830x1303-mm-fr","11":"pa_capaciteit-emmer-0446-m-fr","12":"pa_gewicht-700-kg-fr","13":"pa_inhoud-brandstoftank-97-l-fr","14":"pa_kiphoogte-460-mm-fr","15":"pa_laadvermogen-1200-kg-fr","16":"pa_snelheid-4-km-u-fr","17":"pa_vermogen-kw-15-11-kw-pk-fr","19":"first","20":"instock","21":"purchasable","22":"product-type-simple"},"acf":[],"_links":{"self":[{"href":"https:\/\/www.euromat.be\/fr\/wp-json\/wp\/v2\/product\/6064","targetHints":{"allow":["GET"]}}],"collection":[{"href":"https:\/\/www.euromat.be\/fr\/wp-json\/wp\/v2\/product"}],"about":[{"href":"https:\/\/www.euromat.be\/fr\/wp-json\/wp\/v2\/types\/product"}],"wp:featuredmedia":[{"embeddable":true,"href":"https:\/\/www.euromat.be\/fr\/wp-json\/wp\/v2\/media\/2368"}],"wp:attachment":[{"href":"https:\/\/www.euromat.be\/fr\/wp-json\/wp\/v2\/media?parent=6064"}],"wp:term":[{"taxonomy":"product_brand","embeddable":true,"href":"https:\/\/www.euromat.be\/fr\/wp-json\/wp\/v2\/product_brand?post=6064"},{"taxonomy":"product_cat","embeddable":true,"href":"https:\/\/www.euromat.be\/fr\/wp-json\/wp\/v2\/product_cat?post=6064"},{"taxonomy":"product_tag","embeddable":true,"href":"https:\/\/www.euromat.be\/fr\/wp-json\/wp\/v2\/product_tag?post=6064"}],"curies":[{"name":"wp","href":"https:\/\/api.w.org\/{rel}","templated":true}]}}