{"id":6065,"date":"2025-09-10T14:05:44","date_gmt":"2025-09-10T12:05:44","guid":{"rendered":"https:\/\/www.euromat.be\/product\/dumper-op-rupsen-wacker-neuson-dt15\/"},"modified":"2025-09-11T15:14:14","modified_gmt":"2025-09-11T13:14:14","slug":"dumper-sur-chenilles-wacker-neuson-dt15","status":"publish","type":"product","link":"https:\/\/www.euromat.be\/fr\/produit\/dumper-sur-chenilles-wacker-neuson-dt15\/","title":{"rendered":"Dumper sur chenilles &#8211; Wacker Neuson DT15"},"content":{"rendered":"<section class=\"l-section wpb_row height_auto\"><div class=\"l-section-h i-cf\"><div class=\"g-cols vc_row via_flex valign_top type_default stacking_default\"><div class=\"vc_col-sm-12 wpb_column vc_column_container\"><div class=\"vc_column-inner\"><div class=\"wpb_wrapper\"><div class=\"wpb_text_column\"><div class=\"wpb_wrapper\"><p><strong>Wacker Neuson &#8211; basculeur de chenilles de 1,5 tonne DT15<\/strong><\/p>\n<p>Tombereau sur chenilles robuste avec une charge utile \u00e9lev\u00e9e et une construction compacte<\/p>\n<p>Le DT15 de Wacker Neuson est un tombereau sur chenilles puissant et efficace, id\u00e9al pour les travaux lourds dans des environnements \u00e9troits ou difficiles d&rsquo;acc\u00e8s. Sa charge utile \u00e9lev\u00e9e de 1,5 tonne, ses dimensions compactes et son ch\u00e2ssis chenill\u00e9 stable le rendent parfait pour les chantiers de construction, d&rsquo;am\u00e9nagement paysager ou de r\u00e9novation o\u00f9 la maniabilit\u00e9 et la robustesse sont requises.<\/p>\n<p><strong>Caract\u00e9ristiques principales :<\/strong><br \/>\n&#8211; Charge utile : 1500 kg &#8211; convient aux t\u00e2ches de transport intensives<br \/>\n&#8211; Capacit\u00e9 de la benne : 0,690 m\u00b3 &#8211; d\u00e9placement efficace des mat\u00e9riaux<br \/>\n&#8211; Hauteur de la benne : 810 mm &#8211; d\u00e9chargement facile dans les conteneurs ou les camions<br \/>\n&#8211; Dimensions (lxlxh) : 2585x1060x2372 mm &#8211; man\u0153uvrable dans les espaces restreints<br \/>\n&#8211; Poids : 1340 kg &#8211; solide et stable<br \/>\n&#8211; Puissance : 15\/11 kW\/hp &#8211; \u00e9quilibre optimal entre puissance et consommation<br \/>\n&#8211; Vitesse : jusqu&rsquo;\u00e0 7,5 km\/h &#8211; d\u00e9placement rapide sur site<br \/>\n&#8211; R\u00e9servoir de carburant : 7,5 litres &#8211; compact mais suffisant pour de longues sessions de travail<br \/>\n&#8211; Toutes les machines incluent 8 heures de fonctionnement dans le prix de location, les heures de fonctionnement suppl\u00e9mentaires sont factur\u00e9es en fonction de la consommation.<\/p>\n<p><strong>Applications :<\/strong><br \/>\nLe DT15 de Wacker Neuson est le choix id\u00e9al pour les entrepreneurs, les jardiniers et les r\u00e9novateurs \u00e0 la recherche d&rsquo;un tombereau fiable pour transporter de la terre, des gravats ou d&rsquo;autres mat\u00e9riaux sur des terrains accident\u00e9s ou restreints.<\/p>\n<p><strong>Pourquoi choisir Euromat ?<\/strong><br \/>\nEuromat fournit des machines en parfait \u00e9tat, avec des conditions de location flexibles et un service professionnel qui fait avancer votre projet.<\/p>\n<p>\u2714\ufe0f Large gamme disponible imm\u00e9diatement<br \/>\n\u2714\ufe0f Formules de location \u00e0 court et \u00e0 long terme<br \/>\n\u2714\ufe0f Assistance et maintenance par des experts<\/p>\n<\/div><\/div><\/div><\/div><\/div><\/div><\/div><\/section>\n","protected":false},"excerpt":{"rendered":"<p>Benne basculante sur chenilles DT15 de Wacker Neuson \u00e0 louer ? Charge utile de 1,5 tonne, capacit\u00e9 du godet de 0,69 m\u00b3 et entra\u00eenement sur chenilles pour un transport puissant sur terrain accident\u00e9. Compact (2585&#215;1060 mm) et maniable, id\u00e9al pour les projets de construction, de jardinage et de r\u00e9novation.<\/p>\n","protected":false},"featured_media":2376,"template":"","meta":{"_acf_changed":false},"product_brand":[1431],"product_cat":[3029,1374,1376],"product_tag":[],"class_list":{"0":"post-6065","1":"product","2":"type-product","3":"status-publish","4":"has-post-thumbnail","6":"product_brand-wacker-neuson","7":"product_cat-dumpers","8":"product_cat-machines-de-chantier","9":"product_cat-minipelles-chargeurs-et-dumpers","10":"pa_afmetingen-lxbxh-2585x1060x2372-mm-fr","11":"pa_capaciteit-emmer-069-m-fr","12":"pa_gewicht-1340-kg-fr","13":"pa_inhoud-brandstoftank-75-l-fr","14":"pa_kiphoogte-810-mm-fr","15":"pa_laadvermogen-1500-kg-fr","16":"pa_snelheid-75-km-u-fr","17":"pa_vermogen-kw-15-11-kw-pk-fr","19":"first","20":"instock","21":"purchasable","22":"product-type-simple"},"acf":[],"_links":{"self":[{"href":"https:\/\/www.euromat.be\/fr\/wp-json\/wp\/v2\/product\/6065","targetHints":{"allow":["GET"]}}],"collection":[{"href":"https:\/\/www.euromat.be\/fr\/wp-json\/wp\/v2\/product"}],"about":[{"href":"https:\/\/www.euromat.be\/fr\/wp-json\/wp\/v2\/types\/product"}],"wp:featuredmedia":[{"embeddable":true,"href":"https:\/\/www.euromat.be\/fr\/wp-json\/wp\/v2\/media\/2376"}],"wp:attachment":[{"href":"https:\/\/www.euromat.be\/fr\/wp-json\/wp\/v2\/media?parent=6065"}],"wp:term":[{"taxonomy":"product_brand","embeddable":true,"href":"https:\/\/www.euromat.be\/fr\/wp-json\/wp\/v2\/product_brand?post=6065"},{"taxonomy":"product_cat","embeddable":true,"href":"https:\/\/www.euromat.be\/fr\/wp-json\/wp\/v2\/product_cat?post=6065"},{"taxonomy":"product_tag","embeddable":true,"href":"https:\/\/www.euromat.be\/fr\/wp-json\/wp\/v2\/product_tag?post=6065"}],"curies":[{"name":"wp","href":"https:\/\/api.w.org\/{rel}","templated":true}]}}