{"id":6069,"date":"2025-09-10T14:05:44","date_gmt":"2025-09-10T12:05:44","guid":{"rendered":"https:\/\/www.euromat.be\/product\/knikmops-1-ton-km100\/"},"modified":"2025-09-11T11:35:23","modified_gmt":"2025-09-11T09:35:23","slug":"knikmops-1-tonne-km100","status":"publish","type":"product","link":"https:\/\/www.euromat.be\/fr\/produit\/knikmops-1-tonne-km100\/","title":{"rendered":"Knikmops 1 tonne &#8211; KM100"},"content":{"rendered":"<section class=\"l-section wpb_row height_auto\"><div class=\"l-section-h i-cf\"><div class=\"g-cols vc_row via_flex valign_top type_default stacking_default\"><div class=\"vc_col-sm-12 wpb_column vc_column_container\"><div class=\"vc_column-inner\"><div class=\"wpb_wrapper\"><div class=\"wpb_text_column\"><div class=\"wpb_wrapper\"><p><strong>Knikmops 1 tonne KM100<\/strong><\/p>\n<p>Chargeur articul\u00e9 puissant et compact pour des op\u00e9rations en douceur dans les espaces restreints<\/p>\n<p>La Knikmops 1 tonne KM100 est une chargeuse articul\u00e9e d&rsquo;une tonne tr\u00e8s maniable, con\u00e7ue pour des applications intensives dans la construction, l&rsquo;am\u00e9nagement paysager et la r\u00e9novation. Gr\u00e2ce \u00e0 ses dimensions compactes et \u00e0 sa capacit\u00e9 de levage robuste de 910 kg, cette Knikmops est id\u00e9ale pour d\u00e9placer du sable, de la terre, des pierres ou d&rsquo;autres mat\u00e9riaux, m\u00eame dans des zones difficiles d&rsquo;acc\u00e8s. Cette machine allie puissance, simplicit\u00e9 et pr\u00e9cision dans un design fiable.<\/p>\n<p><strong>Caract\u00e9ristiques principales :<\/strong><br \/>\n&#8211; Capacit\u00e9 de levage maximale : 910 kg &#8211; puissante pour sa taille compacte<br \/>\n&#8211; Charge de basculement : 850 kg &#8211; stable et efficace \u00e0 pleine charge<br \/>\n&#8211; Hauteur de d\u00e9versement maximale : 1775 mm &#8211; id\u00e9al pour remplir des conteneurs ou des remorques<br \/>\n&#8211; Dimensions (lxlxh) : 2940x1180x2250 mm &#8211; passe dans les passages \u00e9troits<br \/>\n&#8211; Poids : 1000 kg &#8211; facile \u00e0 transporter<br \/>\n&#8211; R\u00e9servoir de carburant : 33 litres &#8211; plus qu&rsquo;il n&rsquo;en faut pour une journ\u00e9e de travail compl\u00e8te<br \/>\n&#8211; Le prix de location de toutes les machines comprend 8 heures de fonctionnement, les heures de fonctionnement suppl\u00e9mentaires sont factur\u00e9es en fonction de votre consommation.<br \/>\n&#8211; Livr\u00e9 en standard avec une pelle et une fourche \u00e0 palettes selon accord<\/p>\n<p><strong>Applications :<\/strong><br \/>\nParfait pour le terrassement, le pavage, l&rsquo;entretien des jardins, les travaux de nettoyage et les travaux dans les endroits difficiles d&rsquo;acc\u00e8s.<\/p>\n<p><strong>Pourquoi choisir Euromat ?<\/strong><br \/>\nChez Euromat, vous louez non seulement des machines fiables de grandes marques telles que Knikmops, mais vous b\u00e9n\u00e9ficiez \u00e9galement de l&rsquo;expertise et du service qui feront de votre projet une r\u00e9ussite.<\/p>\n<p>\u2714\ufe0f Options de location flexibles<br \/>\n\u2714\ufe0f Entretien et service professionnels<br \/>\n\u2714\ufe0f Des conseils adapt\u00e9s \u00e0 votre application<\/p>\n<\/div><\/div><\/div><\/div><\/div><\/div><\/div><\/section>\n","protected":false},"excerpt":{"rendered":"<p>Location de chargeuse articul\u00e9e KM100 ? Machine de 1 tonne avec une capacit\u00e9 de levage de 910 kg, une hauteur de d\u00e9versement de 1775 mm et des dimensions compactes (2940&#215;1180 mm). Id\u00e9ale pour le terrassement, le pavage et l&rsquo;am\u00e9nagement paysager dans les espaces restreints. Fournie avec un godet et une fourche \u00e0 palettes de s\u00e9rie.<\/p>\n","protected":false},"featured_media":3489,"template":"","meta":{"_acf_changed":false},"product_brand":[],"product_cat":[3031,1374,1376],"product_tag":[],"class_list":{"0":"post-6069","1":"product","2":"type-product","3":"status-publish","4":"has-post-thumbnail","6":"product_cat-knikmops","7":"product_cat-machines-de-chantier","8":"product_cat-minipelles-chargeurs-et-dumpers","9":"pa_afmetingen-lxbxh-2940x1180x2250-mm-fr","10":"pa_gewicht-1000-kg-fr","11":"pa_kiplast-850-kg-fr","12":"pa_max-dumphoogte-1775-mm-fr","13":"pa_max-hefvermogen-910-kg-fr","15":"first","16":"instock","17":"purchasable","18":"product-type-simple"},"acf":[],"_links":{"self":[{"href":"https:\/\/www.euromat.be\/fr\/wp-json\/wp\/v2\/product\/6069","targetHints":{"allow":["GET"]}}],"collection":[{"href":"https:\/\/www.euromat.be\/fr\/wp-json\/wp\/v2\/product"}],"about":[{"href":"https:\/\/www.euromat.be\/fr\/wp-json\/wp\/v2\/types\/product"}],"wp:featuredmedia":[{"embeddable":true,"href":"https:\/\/www.euromat.be\/fr\/wp-json\/wp\/v2\/media\/3489"}],"wp:attachment":[{"href":"https:\/\/www.euromat.be\/fr\/wp-json\/wp\/v2\/media?parent=6069"}],"wp:term":[{"taxonomy":"product_brand","embeddable":true,"href":"https:\/\/www.euromat.be\/fr\/wp-json\/wp\/v2\/product_brand?post=6069"},{"taxonomy":"product_cat","embeddable":true,"href":"https:\/\/www.euromat.be\/fr\/wp-json\/wp\/v2\/product_cat?post=6069"},{"taxonomy":"product_tag","embeddable":true,"href":"https:\/\/www.euromat.be\/fr\/wp-json\/wp\/v2\/product_tag?post=6069"}],"curies":[{"name":"wp","href":"https:\/\/api.w.org\/{rel}","templated":true}]}}