{"id":6070,"date":"2025-09-10T14:05:44","date_gmt":"2025-09-10T12:05:44","guid":{"rendered":"https:\/\/www.euromat.be\/product\/klinkerbord\/"},"modified":"2025-09-11T11:35:23","modified_gmt":"2025-09-11T09:35:23","slug":"pince-pour-paves","status":"publish","type":"product","link":"https:\/\/www.euromat.be\/fr\/produit\/pince-pour-paves\/","title":{"rendered":"Pince pour pav\u00e9s"},"content":{"rendered":"<section class=\"l-section wpb_row height_auto\"><div class=\"l-section-h i-cf\"><div class=\"g-cols vc_row via_flex valign_top type_default stacking_default\"><div class=\"vc_col-sm-12 wpb_column vc_column_container\"><div class=\"vc_column-inner\"><div class=\"wpb_wrapper\"><div class=\"wpb_text_column\"><div class=\"wpb_wrapper\"><p>La planche \u00e0 clinker est un outil indispensable pour une mise en place efficace et pr\u00e9cise des clinkers. Elle garantit une r\u00e9partition uniforme et un r\u00e9sultat bien fini. Sa construction robuste lui permet d&rsquo;\u00eatre utilis\u00e9e quotidiennement sur les chantiers de pavage et de voirie. Gr\u00e2ce \u00e0 sa conception ergonomique, le travail est facilit\u00e9 et la mise en place des clinkers est plus rapide et plus facile.<\/p>\n<\/div><\/div><\/div><\/div><\/div><\/div><\/div><\/section>\n","protected":false},"excerpt":{"rendered":"<p>Outil pratique pour la pose de pav\u00e9s et de clinkers.<\/p>\n","protected":false},"featured_media":3497,"template":"","meta":{"_acf_changed":false},"product_brand":[],"product_cat":[1378,1374,3042],"product_tag":[],"class_list":{"0":"post-6070","1":"product","2":"type-product","3":"status-publish","4":"has-post-thumbnail","6":"product_cat-accessoires-machines-de-chantier","7":"product_cat-machines-de-chantier","8":"product_cat-pinces-pour-paves","10":"first","11":"instock","12":"purchasable","13":"product-type-simple"},"acf":[],"_links":{"self":[{"href":"https:\/\/www.euromat.be\/fr\/wp-json\/wp\/v2\/product\/6070","targetHints":{"allow":["GET"]}}],"collection":[{"href":"https:\/\/www.euromat.be\/fr\/wp-json\/wp\/v2\/product"}],"about":[{"href":"https:\/\/www.euromat.be\/fr\/wp-json\/wp\/v2\/types\/product"}],"wp:featuredmedia":[{"embeddable":true,"href":"https:\/\/www.euromat.be\/fr\/wp-json\/wp\/v2\/media\/3497"}],"wp:attachment":[{"href":"https:\/\/www.euromat.be\/fr\/wp-json\/wp\/v2\/media?parent=6070"}],"wp:term":[{"taxonomy":"product_brand","embeddable":true,"href":"https:\/\/www.euromat.be\/fr\/wp-json\/wp\/v2\/product_brand?post=6070"},{"taxonomy":"product_cat","embeddable":true,"href":"https:\/\/www.euromat.be\/fr\/wp-json\/wp\/v2\/product_cat?post=6070"},{"taxonomy":"product_tag","embeddable":true,"href":"https:\/\/www.euromat.be\/fr\/wp-json\/wp\/v2\/product_tag?post=6070"}],"curies":[{"name":"wp","href":"https:\/\/api.w.org\/{rel}","templated":true}]}}