{"id":6072,"date":"2025-09-10T14:05:21","date_gmt":"2025-09-10T12:05:21","guid":{"rendered":"https:\/\/www.euromat.be\/product\/minigraver-16-ton-komatsu-pc16r-3\/"},"modified":"2025-09-11T15:25:54","modified_gmt":"2025-09-11T13:25:54","slug":"minipelle-16-tonnes-komatsu-pc16r-3","status":"publish","type":"product","link":"https:\/\/www.euromat.be\/fr\/produit\/minipelle-16-tonnes-komatsu-pc16r-3\/","title":{"rendered":"Minipelle 1,6 tonnes &#8211; Komatsu PC16R-3"},"content":{"rendered":"<section class=\"l-section wpb_row height_auto\"><div class=\"l-section-h i-cf\"><div class=\"g-cols vc_row via_flex valign_top type_default stacking_default\"><div class=\"vc_col-sm-12 wpb_column vc_column_container\"><div class=\"vc_column-inner\"><div class=\"wpb_wrapper\"><div class=\"wpb_text_column\"><div class=\"wpb_wrapper\"><p><strong>Komatsu Mini Excavator 1.6 Ton PC16R-3<\/strong><\/p>\n<p>La mini-pelle Komatsu PC16R-3 de 1,6 tonne est une machine puissante et polyvalente qui excelle par sa pr\u00e9cision et sa fiabilit\u00e9. Gr\u00e2ce \u00e0 sa taille compacte et \u00e0 ses performances robustes, cette mini-pelle est id\u00e9ale pour une grande vari\u00e9t\u00e9 de travaux de construction, de voirie et d&rsquo;am\u00e9nagement paysager. Avec une profondeur de fouille maximale de 2,16 m\u00e8tres et une hauteur de d\u00e9versement g\u00e9n\u00e9reuse, cette machine est un partenaire efficace sur tous les chantiers.<\/p>\n<p><strong>Caract\u00e9ristiques principales :<\/strong><br \/>\n&#8211; Poids : 1570 kg &#8211; stable et maniable pour les petits et moyens projets<br \/>\n&#8211; Profondeur de fouille maximale : 2160 mm &#8211; convient aux excavations plus profondes<br \/>\n&#8211; Hauteur de d\u00e9versement maximale : 3610 mm &#8211; chargement et d\u00e9chargement faciles des mat\u00e9riaux<br \/>\n&#8211; Dimensions (lxlxh) : 3525x1000x2500 mm &#8211; conception compacte avec une excellente accessibilit\u00e9<br \/>\n&#8211; Puissance : 11,6 kW \/ 15,6 hp &#8211; moteur fiable pour une utilisation intensive<br \/>\n&#8211; Vitesse : 2,2 \u00e0 4,2 km\/h &#8211; facile \u00e0 d\u00e9placer sur le chantier<br \/>\n&#8211; R\u00e9servoir de carburant : 19 litres &#8211; longue dur\u00e9e de travail sans interruption<br \/>\n&#8211; Raccordement : KLAC C &#8211; compatible avec divers accessoires<br \/>\n&#8211; Le prix de location de toutes les machines comprend 8 heures de fonctionnement, les heures de fonctionnement suppl\u00e9mentaires sont factur\u00e9es en fonction de votre consommation.<br \/>\n&#8211; Les mini-pelles de 1 \u00e0 8 tonnes sont livr\u00e9es en standard avec 3 godets (godet, godet pelleteuse et godet banane).<br \/>\nbanane).<\/p>\n<p><strong>Applications :<\/strong><br \/>\nId\u00e9ale pour les travaux de terrassement, de drainage, les all\u00e9es, les terrasses, les fondations et les applications dans les espaces confin\u00e9s o\u00f9 la pr\u00e9cision compte.<\/p>\n<p><strong>Pourquoi louer chez Euromat ?<\/strong><\/p>\n<p>\u2714\ufe0f Machines Komatsu de qualit\u00e9 sup\u00e9rieure jouissant d&rsquo;une excellente r\u00e9putation<br \/>\n\u2714\ufe0f Des options de location flexibles adapt\u00e9es \u00e0 votre emploi du temps<br \/>\n\u2714\ufe0f Un service rapide et une assistance technique en cas de besoin<br \/>\n\u2714\ufe0f Des \u00e9quipements s\u00fbrs, efficaces et fiables<\/p>\n<\/div><\/div><\/div><\/div><\/div><\/div><\/div><\/section>\n","protected":false},"excerpt":{"rendered":"<p>Location d&rsquo;une mini-pelle Komatsu PC16R-3 ? 1,6 tonne, 2,16 m de profondeur de fouille et seulement 1 m de large. Puissante, compacte et livr\u00e9e avec 3 godets, y compris 8 heures de fonctionnement par jour. Id\u00e9ale pour les travaux de terrassement, de drainage et d&rsquo;am\u00e9nagement paysager dans les espaces restreints.<\/p>\n","protected":false},"featured_media":2741,"template":"","meta":{"_acf_changed":false},"product_brand":[1417],"product_cat":[1374,3032,1376],"product_tag":[],"class_list":{"0":"post-6072","1":"product","2":"type-product","3":"status-publish","4":"has-post-thumbnail","6":"product_brand-komatsu","7":"product_cat-machines-de-chantier","8":"product_cat-minipelle","9":"product_cat-minipelles-chargeurs-et-dumpers","10":"pa_aansluiting-klac-c-fr","11":"pa_afmetingen-lxbxh-3525x10000x2500-mm-fr","12":"pa_gewicht-1570-kg-fr","13":"pa_inhoud-brandstoftank-19-l-fr","14":"pa_max-dumphoogte-3610-mm-fr","15":"pa_max-graafdiepte-2160-mm-fr","16":"pa_snelheid-22-42-km-u-fr","17":"pa_vermogen-kw-116-156-kw-pk-fr","19":"first","20":"instock","21":"purchasable","22":"product-type-simple"},"acf":[],"_links":{"self":[{"href":"https:\/\/www.euromat.be\/fr\/wp-json\/wp\/v2\/product\/6072","targetHints":{"allow":["GET"]}}],"collection":[{"href":"https:\/\/www.euromat.be\/fr\/wp-json\/wp\/v2\/product"}],"about":[{"href":"https:\/\/www.euromat.be\/fr\/wp-json\/wp\/v2\/types\/product"}],"wp:featuredmedia":[{"embeddable":true,"href":"https:\/\/www.euromat.be\/fr\/wp-json\/wp\/v2\/media\/2741"}],"wp:attachment":[{"href":"https:\/\/www.euromat.be\/fr\/wp-json\/wp\/v2\/media?parent=6072"}],"wp:term":[{"taxonomy":"product_brand","embeddable":true,"href":"https:\/\/www.euromat.be\/fr\/wp-json\/wp\/v2\/product_brand?post=6072"},{"taxonomy":"product_cat","embeddable":true,"href":"https:\/\/www.euromat.be\/fr\/wp-json\/wp\/v2\/product_cat?post=6072"},{"taxonomy":"product_tag","embeddable":true,"href":"https:\/\/www.euromat.be\/fr\/wp-json\/wp\/v2\/product_tag?post=6072"}],"curies":[{"name":"wp","href":"https:\/\/api.w.org\/{rel}","templated":true}]}}