{"id":6073,"date":"2025-09-10T14:05:21","date_gmt":"2025-09-10T12:05:21","guid":{"rendered":"https:\/\/www.euromat.be\/product\/minigraver-26-ton-komatsu-pc26mr-3\/"},"modified":"2025-09-11T15:25:14","modified_gmt":"2025-09-11T13:25:14","slug":"minipelle-26-tonnes-komatsu-pc26mr-3","status":"publish","type":"product","link":"https:\/\/www.euromat.be\/fr\/produit\/minipelle-26-tonnes-komatsu-pc26mr-3\/","title":{"rendered":"Minipelle 2,6 tonnes &#8211; Komatsu PC26MR-3"},"content":{"rendered":"<section class=\"l-section wpb_row height_auto\"><div class=\"l-section-h i-cf\"><div class=\"g-cols vc_row via_flex valign_top type_default stacking_default\"><div class=\"vc_col-sm-12 wpb_column vc_column_container\"><div class=\"vc_column-inner\"><div class=\"wpb_wrapper\"><div class=\"wpb_text_column\"><div class=\"wpb_wrapper\"><p><strong>Komatsu Mini Excavator 2.6 Ton PC26MR-3<\/strong><\/p>\n<p>La mini-pelle Komatsu PC26MR-3 de 2,6 tonnes combine puissance, pr\u00e9cision et maniabilit\u00e9 dans une machine compacte. Gr\u00e2ce \u00e0 sa construction robuste et \u00e0 son fonctionnement souple, cette mini-pelle est particuli\u00e8rement adapt\u00e9e aux travaux de terrassement intensifs, aux travaux d&rsquo;assainissement et aux projets d&rsquo;infrastructure o\u00f9 l&rsquo;efficacit\u00e9 et la pr\u00e9cision sont essentielles.<\/p>\n<p><strong>Caract\u00e9ristiques principales :<\/strong><br \/>\n&#8211; Poids : 2710 kg &#8211; performances stables sur diff\u00e9rents substrats<br \/>\n&#8211; Profondeur de fouille maximale : 2470 mm &#8211; id\u00e9ale pour les excavations plus profondes et les travaux de fondation<br \/>\n&#8211; Hauteur de d\u00e9versement maximale : 4170 mm &#8211; grande port\u00e9e pour un d\u00e9chargement efficace des mat\u00e9riaux<br \/>\n&#8211; Dimensions (lxlxh) : 4045x1500x2500 mm &#8211; taille compacte pour une utilisation optimale<br \/>\n&#8211; Puissance : 15,7 kW \/ 21,1 hp &#8211; moteur puissant pour une utilisation professionnelle<br \/>\n&#8211; Vitesse : 2,4 \u00e0 4,0 km\/h &#8211; d\u00e9placement en douceur sur et autour du chantier<br \/>\n&#8211; R\u00e9servoir de carburant : 28 litres &#8211; grande autonomie de travail sans ravitaillement fr\u00e9quent<br \/>\n&#8211; Raccordement : KLAC D &#8211; convient pour divers accessoires<br \/>\n&#8211; Le prix de location de toutes les machines comprend 8 heures de fonctionnement, les heures de fonctionnement suppl\u00e9mentaires \u00e9tant factur\u00e9es en fonction de la consommation.<br \/>\n&#8211; Les mini-pelles de 1 \u00e0 8 tonnes sont livr\u00e9es en standard avec 3 godets de creusement (godet, godet pelleteuse et<br \/>\nbanane)<\/p>\n<p><strong>Applications :<\/strong><br \/>\nCette mini-pelle Komatsu est le choix id\u00e9al pour les entrepreneurs, les paysagistes et les constructeurs de routes \u00e0 la recherche d&rsquo;une machine puissante dot\u00e9e d&rsquo;une grande capacit\u00e9 de creusement et de dimensions compactes.<\/p>\n<p><strong>Pourquoi louer chez Euromat ?<\/strong><\/p>\n<p>\u2714\ufe0f Machines de haute qualit\u00e9 de la marque Komatsu<br \/>\n\u2714\ufe0f Des conditions de location flexibles, adapt\u00e9es \u00e0 votre emploi du temps<br \/>\n\u2714\ufe0f Excellente assistance technique et livraison rapide<br \/>\n\u2714\ufe0f Des performances fiables pour tous les types de chantiers<\/p>\n<\/div><\/div><\/div><\/div><\/div><\/div><\/div><\/section>\n","protected":false},"excerpt":{"rendered":"<p>Location d&rsquo;une mini-pelle Komatsu PC26MR-3 ? 2,6 tonnes, 2,47 m de profondeur de fouille et seulement 1,5 m de largeur. Puissante, stable et livr\u00e9e avec 3 godets, y compris 8 heures de fonctionnement par jour. Id\u00e9ale pour les travaux de terrassement, de drainage et de fondation sur des sites compacts.<\/p>\n","protected":false},"featured_media":2757,"template":"","meta":{"_acf_changed":false},"product_brand":[1417],"product_cat":[1374,3032,1376],"product_tag":[],"class_list":{"0":"post-6073","1":"product","2":"type-product","3":"status-publish","4":"has-post-thumbnail","6":"product_brand-komatsu","7":"product_cat-machines-de-chantier","8":"product_cat-minipelle","9":"product_cat-minipelles-chargeurs-et-dumpers","10":"pa_aansluiting-klac-d-fr","11":"pa_afmetingen-lxbxh-4045x1500x2500-mm-fr","12":"pa_gewicht-2710-kg-fr","13":"pa_inhoud-brandstoftank-28-l-fr","14":"pa_max-dumphoogte-4170-mm-fr","15":"pa_max-graafdiepte-2470-mm-fr","16":"pa_snelheid-24-40-km-u-fr","17":"pa_vermogen-kw-157-211-kw-pk-fr","19":"first","20":"instock","21":"purchasable","22":"product-type-simple"},"acf":[],"_links":{"self":[{"href":"https:\/\/www.euromat.be\/fr\/wp-json\/wp\/v2\/product\/6073","targetHints":{"allow":["GET"]}}],"collection":[{"href":"https:\/\/www.euromat.be\/fr\/wp-json\/wp\/v2\/product"}],"about":[{"href":"https:\/\/www.euromat.be\/fr\/wp-json\/wp\/v2\/types\/product"}],"wp:featuredmedia":[{"embeddable":true,"href":"https:\/\/www.euromat.be\/fr\/wp-json\/wp\/v2\/media\/2757"}],"wp:attachment":[{"href":"https:\/\/www.euromat.be\/fr\/wp-json\/wp\/v2\/media?parent=6073"}],"wp:term":[{"taxonomy":"product_brand","embeddable":true,"href":"https:\/\/www.euromat.be\/fr\/wp-json\/wp\/v2\/product_brand?post=6073"},{"taxonomy":"product_cat","embeddable":true,"href":"https:\/\/www.euromat.be\/fr\/wp-json\/wp\/v2\/product_cat?post=6073"},{"taxonomy":"product_tag","embeddable":true,"href":"https:\/\/www.euromat.be\/fr\/wp-json\/wp\/v2\/product_tag?post=6073"}],"curies":[{"name":"wp","href":"https:\/\/api.w.org\/{rel}","templated":true}]}}