{"id":6075,"date":"2025-09-10T14:05:21","date_gmt":"2025-09-10T12:05:21","guid":{"rendered":"https:\/\/www.euromat.be\/product\/minigraver-5-ton-komatsu-pc55mr-3\/"},"modified":"2025-09-11T15:23:35","modified_gmt":"2025-09-11T13:23:35","slug":"minipelle-5-tonnes-komatsu-pc55mr-3","status":"publish","type":"product","link":"https:\/\/www.euromat.be\/fr\/produit\/minipelle-5-tonnes-komatsu-pc55mr-3\/","title":{"rendered":"Minipelle 5 tonnes &#8211; Komatsu PC55MR-3"},"content":{"rendered":"<section class=\"l-section wpb_row height_auto\"><div class=\"l-section-h i-cf\"><div class=\"g-cols vc_row via_flex valign_top type_default stacking_default\"><div class=\"vc_col-sm-12 wpb_column vc_column_container\"><div class=\"vc_column-inner\"><div class=\"wpb_wrapper\"><div class=\"wpb_text_column\"><div class=\"wpb_wrapper\"><p><strong>Komatsu Mini Excavator 5 Ton PC55MR-3<\/strong><\/p>\n<p>Des performances d&rsquo;excavation \u00e9lev\u00e9es dans une machine compacte<\/p>\n<p>La mini-pelle Komatsu PC55MR-3 de 5 tonnes offre une puissance, une stabilit\u00e9 et une pr\u00e9cision exceptionnelles pour les travaux d&rsquo;excavation lourds. Gr\u00e2ce \u00e0 sa taille compacte et \u00e0 ses performances impressionnantes, cette pelle est id\u00e9ale pour les applications urbaines et les projets de construction de plus grande envergure.<\/p>\n<p><strong>Caract\u00e9ristiques principales :<\/strong><br \/>\n&#8211; Poids : 5280 kg &#8211; machine robuste pour les applications intensives<br \/>\n&#8211; Profondeur de fouille maximale : 3800 mm &#8211; parfaite pour les tranch\u00e9es profondes et les travaux de terrassement<br \/>\n&#8211; Hauteur de d\u00e9versement maximale : 5945 mm &#8211; chargement efficace des camions et des conteneurs<br \/>\n&#8211; Dimensions (lxlxh) : 5550x1960x2550 mm &#8211; compacte et maniable sur les chantiers \u00e9troits<br \/>\n&#8211; Puissance : 29,5 kW \/ 39,6 hp &#8211; moteur puissant pour un fonctionnement continu<br \/>\n&#8211; Vitesse : 2,8 \u00e0 4,6 km\/h &#8211; op\u00e9ration rapide entre les zones de travail<br \/>\n&#8211; R\u00e9servoir de carburant : 65 litres &#8211; grande autonomie pour de longues journ\u00e9es de travail<br \/>\n&#8211; Connexion : KLAC F &#8211; compatible avec une large gamme d&rsquo;accessoires<br \/>\n&#8211; Le prix de location de toutes les machines comprend 8 heures de fonctionnement, les heures de fonctionnement suppl\u00e9mentaires sont factur\u00e9es en fonction de votre consommation.<br \/>\n&#8211; Les mini-pelles de 1 \u00e0 8 tonnes sont livr\u00e9es en standard avec 3 godets d&rsquo;excavation (godet, godet pelle et godet banane).<br \/>\nbanane).<\/p>\n<p><strong>Applications :<\/strong><br \/>\nCette mini-pelle Komatsu est id\u00e9ale pour les entrepreneurs, les terrassiers, les constructeurs d&rsquo;infrastructures et les travaux publics qui ont besoin d&rsquo;une machine puissante et polyvalente.<\/p>\n<p><strong>Pourquoi louer chez Euromat ?<\/strong><\/p>\n<p>\u2714\ufe0f Minipelles de haute qualit\u00e9 de la marque Komatsu<br \/>\n\u2714\ufe0f Des options de location flexibles pour chaque projet<br \/>\n\u2714\ufe0f Entretien conforme aux normes de s\u00e9curit\u00e9 et de qualit\u00e9 les plus strictes<br \/>\n\u2714\ufe0f Disponibilit\u00e9 rapide et assistance professionnelle<\/p>\n<\/div><\/div><\/div><\/div><\/div><\/div><\/div><\/section>\n","protected":false},"excerpt":{"rendered":"<p>Location d&rsquo;une mini-pelle Komatsu PC55MR-3 ? 5 tonnes, 3,8 m de profondeur de fouille et 5,95 m de hauteur de d\u00e9versement. Compacte mais puissante pour les travaux de terrassement urbains et lourds. Livr\u00e9e avec 3 godets, 8 heures de travail par jour incluses. Id\u00e9ale pour les entrepreneurs, les infrastructures et les travaux publics.<\/p>\n","protected":false},"featured_media":2773,"template":"","meta":{"_acf_changed":false},"product_brand":[1417],"product_cat":[1374,3032,1376],"product_tag":[],"class_list":{"0":"post-6075","1":"product","2":"type-product","3":"status-publish","4":"has-post-thumbnail","6":"product_brand-komatsu","7":"product_cat-machines-de-chantier","8":"product_cat-minipelle","9":"product_cat-minipelles-chargeurs-et-dumpers","10":"pa_aansluiting-klac-f-fr","11":"pa_afmetingen-lxbxh-5550x1960x2550-mm-fr","12":"pa_gewicht-5280-kg-fr","13":"pa_inhoud-brandstoftank-65-l-fr","14":"pa_max-dumphoogte-5945-mm-fr","15":"pa_max-graafdiepte-3800-mm-fr","16":"pa_snelheid-28-46-km-u-fr","17":"pa_vermogen-kw-295-396-kw-pk-fr","19":"first","20":"instock","21":"purchasable","22":"product-type-simple"},"acf":[],"_links":{"self":[{"href":"https:\/\/www.euromat.be\/fr\/wp-json\/wp\/v2\/product\/6075","targetHints":{"allow":["GET"]}}],"collection":[{"href":"https:\/\/www.euromat.be\/fr\/wp-json\/wp\/v2\/product"}],"about":[{"href":"https:\/\/www.euromat.be\/fr\/wp-json\/wp\/v2\/types\/product"}],"wp:featuredmedia":[{"embeddable":true,"href":"https:\/\/www.euromat.be\/fr\/wp-json\/wp\/v2\/media\/2773"}],"wp:attachment":[{"href":"https:\/\/www.euromat.be\/fr\/wp-json\/wp\/v2\/media?parent=6075"}],"wp:term":[{"taxonomy":"product_brand","embeddable":true,"href":"https:\/\/www.euromat.be\/fr\/wp-json\/wp\/v2\/product_brand?post=6075"},{"taxonomy":"product_cat","embeddable":true,"href":"https:\/\/www.euromat.be\/fr\/wp-json\/wp\/v2\/product_cat?post=6075"},{"taxonomy":"product_tag","embeddable":true,"href":"https:\/\/www.euromat.be\/fr\/wp-json\/wp\/v2\/product_tag?post=6075"}],"curies":[{"name":"wp","href":"https:\/\/api.w.org\/{rel}","templated":true}]}}