{"id":6078,"date":"2025-09-10T14:05:21","date_gmt":"2025-09-10T12:05:21","guid":{"rendered":"https:\/\/www.euromat.be\/product\/breekhamer-rotsbreker-1-ton\/"},"modified":"2025-09-11T11:35:29","modified_gmt":"2025-09-11T09:35:29","slug":"marteau-brise-roche-1-tonnesne","status":"publish","type":"product","link":"https:\/\/www.euromat.be\/fr\/produit\/marteau-brise-roche-1-tonnesne\/","title":{"rendered":"Marteau\/brise-roche 1 tonnesne"},"content":{"rendered":"<section class=\"l-section wpb_row height_auto\"><div class=\"l-section-h i-cf\"><div class=\"g-cols vc_row via_flex valign_top type_default stacking_default\"><div class=\"vc_col-sm-12 wpb_column vc_column_container\"><div class=\"vc_column-inner\"><div class=\"wpb_wrapper\"><div class=\"wpb_text_column\"><div class=\"wpb_wrapper\"><p>Ce marteau pour les excavateurs \u00e0 partir de 1 tonne convient aux applications de d\u00e9molition et de cassage plus l\u00e9g\u00e8res. Gr\u00e2ce \u00e0 la connexion KLAC C, le marteau peut \u00eatre facilement mont\u00e9. Parfait pour briser le b\u00e9ton, l&rsquo;asphalte ou la pierre naturelle sur les petits chantiers et les travaux de r\u00e9novation.<\/p>\n<\/div><\/div><\/div><\/div><\/div><\/div><\/div><\/section>\n","protected":false},"excerpt":{"rendered":"<p>Brise-roche compact pour les excavateurs \u00e0 partir de 1 tonne, id\u00e9al pour les travaux de d\u00e9molition et de cassage l\u00e9gers.<\/p>\n","protected":false},"featured_media":1358,"template":"","meta":{"_acf_changed":false},"product_brand":[],"product_cat":[1378,1374,3037],"product_tag":[],"class_list":{"0":"post-6078","1":"product","2":"type-product","3":"status-publish","4":"has-post-thumbnail","6":"product_cat-accessoires-machines-de-chantier","7":"product_cat-machines-de-chantier","8":"product_cat-marteaux","9":"pa_aansluiting-klac-c-fr","10":"pa_gewicht-1-ton-kg-fr","12":"first","13":"instock","14":"purchasable","15":"product-type-simple"},"acf":[],"_links":{"self":[{"href":"https:\/\/www.euromat.be\/fr\/wp-json\/wp\/v2\/product\/6078","targetHints":{"allow":["GET"]}}],"collection":[{"href":"https:\/\/www.euromat.be\/fr\/wp-json\/wp\/v2\/product"}],"about":[{"href":"https:\/\/www.euromat.be\/fr\/wp-json\/wp\/v2\/types\/product"}],"wp:featuredmedia":[{"embeddable":true,"href":"https:\/\/www.euromat.be\/fr\/wp-json\/wp\/v2\/media\/1358"}],"wp:attachment":[{"href":"https:\/\/www.euromat.be\/fr\/wp-json\/wp\/v2\/media?parent=6078"}],"wp:term":[{"taxonomy":"product_brand","embeddable":true,"href":"https:\/\/www.euromat.be\/fr\/wp-json\/wp\/v2\/product_brand?post=6078"},{"taxonomy":"product_cat","embeddable":true,"href":"https:\/\/www.euromat.be\/fr\/wp-json\/wp\/v2\/product_cat?post=6078"},{"taxonomy":"product_tag","embeddable":true,"href":"https:\/\/www.euromat.be\/fr\/wp-json\/wp\/v2\/product_tag?post=6078"}],"curies":[{"name":"wp","href":"https:\/\/api.w.org\/{rel}","templated":true}]}}