{"id":6080,"date":"2025-09-10T14:05:21","date_gmt":"2025-09-10T12:05:21","guid":{"rendered":"https:\/\/www.euromat.be\/product\/breekhamer-rotsbreker-25-ton\/"},"modified":"2025-09-11T11:35:28","modified_gmt":"2025-09-11T09:35:28","slug":"marteau-brise-roche-25-tonnesnes","status":"publish","type":"product","link":"https:\/\/www.euromat.be\/fr\/produit\/marteau-brise-roche-25-tonnesnes\/","title":{"rendered":"Marteau\/brise-roche 2,5 tonnesnes"},"content":{"rendered":"<section class=\"l-section wpb_row height_auto\"><div class=\"l-section-h i-cf\"><div class=\"g-cols vc_row via_flex valign_top type_default stacking_default\"><div class=\"vc_col-sm-12 wpb_column vc_column_container\"><div class=\"vc_column-inner\"><div class=\"wpb_wrapper\"><div class=\"wpb_text_column\"><div class=\"wpb_wrapper\"><p>De conception robuste, ce brise-roche convient aux excavateurs \u00e0 partir de 2,5 tonnes. Le raccord KLAC D assure un montage facile et une fixation s\u00fbre. Id\u00e9al pour briser les sols en b\u00e9ton, les murs et les rochers de taille moyenne.<\/p>\n<\/div><\/div><\/div><\/div><\/div><\/div><\/div><\/section>\n","protected":false},"excerpt":{"rendered":"<p>Brise-roche fiable pour les excavateurs \u00e0 partir de 2,5 tonnes, id\u00e9al pour les travaux de d\u00e9molition plus intensifs.<\/p>\n","protected":false},"featured_media":2941,"template":"","meta":{"_acf_changed":false},"product_brand":[],"product_cat":[1378,1374,3037],"product_tag":[],"class_list":{"0":"post-6080","1":"product","2":"type-product","3":"status-publish","4":"has-post-thumbnail","6":"product_cat-accessoires-machines-de-chantier","7":"product_cat-machines-de-chantier","8":"product_cat-marteaux","9":"pa_aansluiting-klac-d-fr","10":"pa_gewicht-25-ton-kg-fr","12":"first","13":"instock","14":"purchasable","15":"product-type-simple"},"acf":[],"_links":{"self":[{"href":"https:\/\/www.euromat.be\/fr\/wp-json\/wp\/v2\/product\/6080","targetHints":{"allow":["GET"]}}],"collection":[{"href":"https:\/\/www.euromat.be\/fr\/wp-json\/wp\/v2\/product"}],"about":[{"href":"https:\/\/www.euromat.be\/fr\/wp-json\/wp\/v2\/types\/product"}],"wp:featuredmedia":[{"embeddable":true,"href":"https:\/\/www.euromat.be\/fr\/wp-json\/wp\/v2\/media\/2941"}],"wp:attachment":[{"href":"https:\/\/www.euromat.be\/fr\/wp-json\/wp\/v2\/media?parent=6080"}],"wp:term":[{"taxonomy":"product_brand","embeddable":true,"href":"https:\/\/www.euromat.be\/fr\/wp-json\/wp\/v2\/product_brand?post=6080"},{"taxonomy":"product_cat","embeddable":true,"href":"https:\/\/www.euromat.be\/fr\/wp-json\/wp\/v2\/product_cat?post=6080"},{"taxonomy":"product_tag","embeddable":true,"href":"https:\/\/www.euromat.be\/fr\/wp-json\/wp\/v2\/product_tag?post=6080"}],"curies":[{"name":"wp","href":"https:\/\/api.w.org\/{rel}","templated":true}]}}