{"id":6081,"date":"2025-09-10T14:05:21","date_gmt":"2025-09-10T12:05:21","guid":{"rendered":"https:\/\/www.euromat.be\/product\/breekhamer-rotsbreker-5-ton\/"},"modified":"2025-09-11T11:35:27","modified_gmt":"2025-09-11T09:35:27","slug":"marteau-brise-roche-5-tonnesnes","status":"publish","type":"product","link":"https:\/\/www.euromat.be\/fr\/produit\/marteau-brise-roche-5-tonnesnes\/","title":{"rendered":"Marteau\/brise-roche 5 tonnesnes"},"content":{"rendered":"<section class=\"l-section wpb_row height_auto\"><div class=\"l-section-h i-cf\"><div class=\"g-cols vc_row via_flex valign_top type_default stacking_default\"><div class=\"vc_col-sm-12 wpb_column vc_column_container\"><div class=\"vc_column-inner\"><div class=\"wpb_wrapper\"><div class=\"wpb_text_column\"><div class=\"wpb_wrapper\"><p>Con\u00e7u pour les excavateurs \u00e0 partir de 5 tonnes, ce puissant marteau fournit la force d&rsquo;impact n\u00e9cessaire pour les projets exigeants. \u00c9quip\u00e9 d&rsquo;un raccord KLAC F pour un montage rapide. Convient \u00e0 la d\u00e9molition \u00e0 grande \u00e9chelle, aux fondations de routes et aux roches dures.<\/p>\n<\/div><\/div><\/div><\/div><\/div><\/div><\/div><\/section>\n","protected":false},"excerpt":{"rendered":"<p>Brise-roche \u00e0 usage intensif pour les excavateurs \u00e0 partir de 5 tonnes, utilisable dans les applications de brise-roche intensives.<\/p>\n","protected":false},"featured_media":2943,"template":"","meta":{"_acf_changed":false},"product_brand":[],"product_cat":[1378,1374,3037],"product_tag":[],"class_list":{"0":"post-6081","1":"product","2":"type-product","3":"status-publish","4":"has-post-thumbnail","6":"product_cat-accessoires-machines-de-chantier","7":"product_cat-machines-de-chantier","8":"product_cat-marteaux","9":"pa_aansluiting-klac-f-fr","10":"pa_gewicht-5-ton-kg-fr","12":"first","13":"instock","14":"purchasable","15":"product-type-simple"},"acf":[],"_links":{"self":[{"href":"https:\/\/www.euromat.be\/fr\/wp-json\/wp\/v2\/product\/6081","targetHints":{"allow":["GET"]}}],"collection":[{"href":"https:\/\/www.euromat.be\/fr\/wp-json\/wp\/v2\/product"}],"about":[{"href":"https:\/\/www.euromat.be\/fr\/wp-json\/wp\/v2\/types\/product"}],"wp:featuredmedia":[{"embeddable":true,"href":"https:\/\/www.euromat.be\/fr\/wp-json\/wp\/v2\/media\/2943"}],"wp:attachment":[{"href":"https:\/\/www.euromat.be\/fr\/wp-json\/wp\/v2\/media?parent=6081"}],"wp:term":[{"taxonomy":"product_brand","embeddable":true,"href":"https:\/\/www.euromat.be\/fr\/wp-json\/wp\/v2\/product_brand?post=6081"},{"taxonomy":"product_cat","embeddable":true,"href":"https:\/\/www.euromat.be\/fr\/wp-json\/wp\/v2\/product_cat?post=6081"},{"taxonomy":"product_tag","embeddable":true,"href":"https:\/\/www.euromat.be\/fr\/wp-json\/wp\/v2\/product_tag?post=6081"}],"curies":[{"name":"wp","href":"https:\/\/api.w.org\/{rel}","templated":true}]}}