{"id":6082,"date":"2025-09-10T14:05:21","date_gmt":"2025-09-10T12:05:21","guid":{"rendered":"https:\/\/www.euromat.be\/product\/breekhamer-rotsbreker-8-ton\/"},"modified":"2025-09-11T11:35:27","modified_gmt":"2025-09-11T09:35:27","slug":"marteau-brise-roche-8-tonnesnes","status":"publish","type":"product","link":"https:\/\/www.euromat.be\/fr\/produit\/marteau-brise-roche-8-tonnesnes\/","title":{"rendered":"Marteau\/brise-roche 8 tonnesnes"},"content":{"rendered":"<section class=\"l-section wpb_row height_auto\"><div class=\"l-section-h i-cf\"><div class=\"g-cols vc_row via_flex valign_top type_default stacking_default\"><div class=\"vc_col-sm-12 wpb_column vc_column_container\"><div class=\"vc_column-inner\"><div class=\"wpb_wrapper\"><div class=\"wpb_text_column\"><div class=\"wpb_wrapper\"><p>Ce brise-roche pour excavateurs \u00e0 partir de 8 tonnes offre une force d&rsquo;impact et une efficacit\u00e9 maximales dans les applications lourdes. Gr\u00e2ce \u00e0 la connexion KLAC F, l&rsquo;installation est facile et s\u00fbre. Convient pour briser le b\u00e9ton \u00e9pais, les massifs rocheux et les travaux d&rsquo;infrastructure.<\/p>\n<\/div><\/div><\/div><\/div><\/div><\/div><\/div><\/section>\n","protected":false},"excerpt":{"rendered":"<p>Brise-roche extra puissant pour les excavateurs \u00e0 partir de 8 tonnes, id\u00e9al pour la d\u00e9molition lourde et le cassage de roches.<\/p>\n","protected":false},"featured_media":2947,"template":"","meta":{"_acf_changed":false},"product_brand":[],"product_cat":[1378,1374,3037],"product_tag":[],"class_list":{"0":"post-6082","1":"product","2":"type-product","3":"status-publish","4":"has-post-thumbnail","6":"product_cat-accessoires-machines-de-chantier","7":"product_cat-machines-de-chantier","8":"product_cat-marteaux","9":"pa_aansluiting-klac-f-fr","10":"pa_gewicht-8-ton-kg-fr","12":"first","13":"instock","14":"purchasable","15":"product-type-simple"},"acf":[],"_links":{"self":[{"href":"https:\/\/www.euromat.be\/fr\/wp-json\/wp\/v2\/product\/6082","targetHints":{"allow":["GET"]}}],"collection":[{"href":"https:\/\/www.euromat.be\/fr\/wp-json\/wp\/v2\/product"}],"about":[{"href":"https:\/\/www.euromat.be\/fr\/wp-json\/wp\/v2\/types\/product"}],"wp:featuredmedia":[{"embeddable":true,"href":"https:\/\/www.euromat.be\/fr\/wp-json\/wp\/v2\/media\/2947"}],"wp:attachment":[{"href":"https:\/\/www.euromat.be\/fr\/wp-json\/wp\/v2\/media?parent=6082"}],"wp:term":[{"taxonomy":"product_brand","embeddable":true,"href":"https:\/\/www.euromat.be\/fr\/wp-json\/wp\/v2\/product_brand?post=6082"},{"taxonomy":"product_cat","embeddable":true,"href":"https:\/\/www.euromat.be\/fr\/wp-json\/wp\/v2\/product_cat?post=6082"},{"taxonomy":"product_tag","embeddable":true,"href":"https:\/\/www.euromat.be\/fr\/wp-json\/wp\/v2\/product_tag?post=6082"}],"curies":[{"name":"wp","href":"https:\/\/api.w.org\/{rel}","templated":true}]}}