{"id":6084,"date":"2025-09-10T14:05:21","date_gmt":"2025-09-10T12:05:21","guid":{"rendered":"https:\/\/www.euromat.be\/product\/grondboor-25-35-ton\/"},"modified":"2025-09-11T11:35:26","modified_gmt":"2025-09-11T09:35:26","slug":"tariere-25-35-tonnes","status":"publish","type":"product","link":"https:\/\/www.euromat.be\/fr\/produit\/tariere-25-35-tonnes\/","title":{"rendered":"Tari\u00e8re 2,5-3,5 tonnes"},"content":{"rendered":"<section class=\"l-section wpb_row height_auto\"><div class=\"l-section-h i-cf\"><div class=\"g-cols vc_row via_flex valign_top type_default stacking_default\"><div class=\"vc_col-sm-12 wpb_column vc_column_container\"><div class=\"vc_column-inner\"><div class=\"wpb_wrapper\"><div class=\"wpb_text_column\"><div class=\"wpb_wrapper\"><p>Adapt\u00e9e aux excavatrices d&rsquo;une classe de poids de 2,5 \u00e0 3,5 tonnes, cette tari\u00e8re est \u00e9quip\u00e9e d&rsquo;un raccord KLAC D pour un montage rapide et s\u00fbr.<br \/>\nLa tari\u00e8re est disponible en diff\u00e9rents diam\u00e8tres (150, 200, 300 et 400 mm) et est id\u00e9ale pour forer des trous pour les poteaux, les fondations, les cl\u00f4tures et les plantations. Gr\u00e2ce \u00e0 sa construction robuste et \u00e0 son entra\u00eenement puissant, elle peut travailler efficacement aussi bien dans les sols meubles que dans les sols durs.<\/p>\n<\/div><\/div><\/div><\/div><\/div><\/div><\/div><\/section>\n","protected":false},"excerpt":{"rendered":"<p>Tari\u00e8re pour pelles de 2,5 \u00e0 3,5 tonnes, id\u00e9ale pour le forage de pieux et de trous de fondation.<\/p>\n","protected":false},"featured_media":2789,"template":"","meta":{"_acf_changed":false},"product_brand":[],"product_cat":[1378,1374,3038],"product_tag":[],"class_list":{"0":"post-6084","1":"product","2":"type-product","3":"status-publish","4":"has-post-thumbnail","6":"product_cat-accessoires-machines-de-chantier","7":"product_cat-machines-de-chantier","8":"product_cat-tarieres","9":"pa_aansluiting-klac-d-fr","10":"pa_gewicht-25-35-ton-kg-fr","12":"first","13":"instock","14":"purchasable","15":"product-type-simple"},"acf":[],"_links":{"self":[{"href":"https:\/\/www.euromat.be\/fr\/wp-json\/wp\/v2\/product\/6084","targetHints":{"allow":["GET"]}}],"collection":[{"href":"https:\/\/www.euromat.be\/fr\/wp-json\/wp\/v2\/product"}],"about":[{"href":"https:\/\/www.euromat.be\/fr\/wp-json\/wp\/v2\/types\/product"}],"wp:featuredmedia":[{"embeddable":true,"href":"https:\/\/www.euromat.be\/fr\/wp-json\/wp\/v2\/media\/2789"}],"wp:attachment":[{"href":"https:\/\/www.euromat.be\/fr\/wp-json\/wp\/v2\/media?parent=6084"}],"wp:term":[{"taxonomy":"product_brand","embeddable":true,"href":"https:\/\/www.euromat.be\/fr\/wp-json\/wp\/v2\/product_brand?post=6084"},{"taxonomy":"product_cat","embeddable":true,"href":"https:\/\/www.euromat.be\/fr\/wp-json\/wp\/v2\/product_cat?post=6084"},{"taxonomy":"product_tag","embeddable":true,"href":"https:\/\/www.euromat.be\/fr\/wp-json\/wp\/v2\/product_tag?post=6084"}],"curies":[{"name":"wp","href":"https:\/\/api.w.org\/{rel}","templated":true}]}}