{"id":6085,"date":"2025-09-10T14:05:21","date_gmt":"2025-09-10T12:05:21","guid":{"rendered":"https:\/\/www.euromat.be\/product\/sorteergrijper-voor-minigraver-25-35-ton\/"},"modified":"2025-09-11T11:35:26","modified_gmt":"2025-09-11T09:35:26","slug":"grappin-de-tri-industriel-pour-minipelle-25-35-tonnes","status":"publish","type":"product","link":"https:\/\/www.euromat.be\/fr\/produit\/grappin-de-tri-industriel-pour-minipelle-25-35-tonnes\/","title":{"rendered":"Grappin de tri industriel pour minipelle 2,5-3,5 tonnes"},"content":{"rendered":"<section class=\"l-section wpb_row height_auto\"><div class=\"l-section-h i-cf\"><div class=\"g-cols vc_row via_flex valign_top type_default stacking_default\"><div class=\"vc_col-sm-12 wpb_column vc_column_container\"><div class=\"vc_column-inner\"><div class=\"wpb_wrapper\"><div class=\"wpb_text_column\"><div class=\"wpb_wrapper\"><p>Cette benne de nivellement est sp\u00e9cialement con\u00e7ue pour les mini-pelles de 2,5 \u00e0 3,5 tonnes et se connecte \u00e0 l&rsquo;aide d&rsquo;un accouplement KLAC D. Gr\u00e2ce \u00e0 sa construction robuste, elle convient parfaitement \u00e0 la d\u00e9molition l\u00e9g\u00e8re, au nivellement et \u00e0 la manutention de pierres et de bois. Le grappin offre une grande pr\u00e9cision et assure un travail efficace sur les chantiers de petite et moyenne taille.<\/p>\n<\/div><\/div><\/div><\/div><\/div><\/div><\/div><\/section>\n","protected":false},"excerpt":{"rendered":"<p>Grappin de triage compact pour mini-pelles de 2,5 \u00e0 3,5 tonnes, id\u00e9al pour les travaux de triage et de d\u00e9molition.<\/p>\n","protected":false},"featured_media":2797,"template":"","meta":{"_acf_changed":false},"product_brand":[],"product_cat":[1378,3039,1374],"product_tag":[],"class_list":{"0":"post-6085","1":"product","2":"type-product","3":"status-publish","4":"has-post-thumbnail","6":"product_cat-accessoires-machines-de-chantier","7":"product_cat-grappins-de-tri-industriel","8":"product_cat-machines-de-chantier","9":"pa_aansluiting-klac-d-fr","10":"pa_gewicht-25-35-ton-kg-fr","12":"first","13":"instock","14":"purchasable","15":"product-type-simple"},"acf":[],"_links":{"self":[{"href":"https:\/\/www.euromat.be\/fr\/wp-json\/wp\/v2\/product\/6085","targetHints":{"allow":["GET"]}}],"collection":[{"href":"https:\/\/www.euromat.be\/fr\/wp-json\/wp\/v2\/product"}],"about":[{"href":"https:\/\/www.euromat.be\/fr\/wp-json\/wp\/v2\/types\/product"}],"wp:featuredmedia":[{"embeddable":true,"href":"https:\/\/www.euromat.be\/fr\/wp-json\/wp\/v2\/media\/2797"}],"wp:attachment":[{"href":"https:\/\/www.euromat.be\/fr\/wp-json\/wp\/v2\/media?parent=6085"}],"wp:term":[{"taxonomy":"product_brand","embeddable":true,"href":"https:\/\/www.euromat.be\/fr\/wp-json\/wp\/v2\/product_brand?post=6085"},{"taxonomy":"product_cat","embeddable":true,"href":"https:\/\/www.euromat.be\/fr\/wp-json\/wp\/v2\/product_cat?post=6085"},{"taxonomy":"product_tag","embeddable":true,"href":"https:\/\/www.euromat.be\/fr\/wp-json\/wp\/v2\/product_tag?post=6085"}],"curies":[{"name":"wp","href":"https:\/\/api.w.org\/{rel}","templated":true}]}}