{"id":6086,"date":"2025-09-10T14:05:21","date_gmt":"2025-09-10T12:05:21","guid":{"rendered":"https:\/\/www.euromat.be\/product\/sorteergrijper-voor-minigraver-5-ton\/"},"modified":"2025-09-11T11:35:26","modified_gmt":"2025-09-11T09:35:26","slug":"grappin-de-tri-industriel-pour-minipelle-5-tonnes","status":"publish","type":"product","link":"https:\/\/www.euromat.be\/fr\/produit\/grappin-de-tri-industriel-pour-minipelle-5-tonnes\/","title":{"rendered":"Grappin de tri industriel pour minipelle 5 tonnes"},"content":{"rendered":"<section class=\"l-section wpb_row height_auto\"><div class=\"l-section-h i-cf\"><div class=\"g-cols vc_row via_flex valign_top type_default stacking_default\"><div class=\"vc_col-sm-12 wpb_column vc_column_container\"><div class=\"vc_column-inner\"><div class=\"wpb_wrapper\"><div class=\"wpb_text_column\"><div class=\"wpb_wrapper\"><p>Ce grappin convient aux pelles de 5 tonnes et est \u00e9quip\u00e9 d&rsquo;un raccord KLAC F. Sa conception le rend id\u00e9al pour le triage pr\u00e9cis des mat\u00e9riaux de construction et les travaux de d\u00e9molition. Sa puissance de pr\u00e9hension et sa construction durable en font un partenaire fiable pour une utilisation intensive.<\/p>\n<\/div><\/div><\/div><\/div><\/div><\/div><\/div><\/section>\n","protected":false},"excerpt":{"rendered":"<p>Grappin de nivellement pour pelles de 5 tonnes, id\u00e9al pour les travaux de d\u00e9molition et de nivellement de taille moyenne.<\/p>\n","protected":false},"featured_media":2799,"template":"","meta":{"_acf_changed":false},"product_brand":[],"product_cat":[1378,3039,1374],"product_tag":[],"class_list":{"0":"post-6086","1":"product","2":"type-product","3":"status-publish","4":"has-post-thumbnail","6":"product_cat-accessoires-machines-de-chantier","7":"product_cat-grappins-de-tri-industriel","8":"product_cat-machines-de-chantier","9":"pa_aansluiting-klac-f-fr","10":"pa_gewicht-5-ton-kg-fr","12":"first","13":"instock","14":"purchasable","15":"product-type-simple"},"acf":[],"_links":{"self":[{"href":"https:\/\/www.euromat.be\/fr\/wp-json\/wp\/v2\/product\/6086","targetHints":{"allow":["GET"]}}],"collection":[{"href":"https:\/\/www.euromat.be\/fr\/wp-json\/wp\/v2\/product"}],"about":[{"href":"https:\/\/www.euromat.be\/fr\/wp-json\/wp\/v2\/types\/product"}],"wp:featuredmedia":[{"embeddable":true,"href":"https:\/\/www.euromat.be\/fr\/wp-json\/wp\/v2\/media\/2799"}],"wp:attachment":[{"href":"https:\/\/www.euromat.be\/fr\/wp-json\/wp\/v2\/media?parent=6086"}],"wp:term":[{"taxonomy":"product_brand","embeddable":true,"href":"https:\/\/www.euromat.be\/fr\/wp-json\/wp\/v2\/product_brand?post=6086"},{"taxonomy":"product_cat","embeddable":true,"href":"https:\/\/www.euromat.be\/fr\/wp-json\/wp\/v2\/product_cat?post=6086"},{"taxonomy":"product_tag","embeddable":true,"href":"https:\/\/www.euromat.be\/fr\/wp-json\/wp\/v2\/product_tag?post=6086"}],"curies":[{"name":"wp","href":"https:\/\/api.w.org\/{rel}","templated":true}]}}