{"id":6087,"date":"2025-09-10T14:05:21","date_gmt":"2025-09-10T12:05:21","guid":{"rendered":"https:\/\/www.euromat.be\/product\/sorteergrijper-voor-minigraver-8-ton\/"},"modified":"2025-09-11T11:35:27","modified_gmt":"2025-09-11T09:35:27","slug":"grappin-de-tri-industriel-pour-minipelle-8-tonnes","status":"publish","type":"product","link":"https:\/\/www.euromat.be\/fr\/produit\/grappin-de-tri-industriel-pour-minipelle-8-tonnes\/","title":{"rendered":"Grappin de tri industriel pour minipelle 8 tonnes"},"content":{"rendered":"<section class=\"l-section wpb_row height_auto\"><div class=\"l-section-h i-cf\"><div class=\"g-cols vc_row via_flex valign_top type_default stacking_default\"><div class=\"vc_col-sm-12 wpb_column vc_column_container\"><div class=\"vc_column-inner\"><div class=\"wpb_wrapper\"><div class=\"wpb_text_column\"><div class=\"wpb_wrapper\"><p>Cette pince de tri s&rsquo;adapte aux pelles de 8 tonnes et utilise un raccord KLAC F. Sa force de pr\u00e9hension \u00e9lev\u00e9e et sa grande capacit\u00e9 lui permettent d&rsquo;\u00eatre utilis\u00e9e efficacement dans les projets de d\u00e9molition, de recyclage et de triage les plus lourds. Gr\u00e2ce \u00e0 sa construction robuste, elle peut r\u00e9sister \u00e0 une utilisation intensive dans des conditions difficiles.<\/p>\n<\/div><\/div><\/div><\/div><\/div><\/div><\/div><\/section>\n","protected":false},"excerpt":{"rendered":"<p>Grappin de nivellement puissant pour pelles de 8 tonnes, adapt\u00e9 aux travaux lourds de d\u00e9molition et de recyclage.<\/p>\n","protected":false},"featured_media":2793,"template":"","meta":{"_acf_changed":false},"product_brand":[],"product_cat":[1378,3039,1374],"product_tag":[],"class_list":{"0":"post-6087","1":"product","2":"type-product","3":"status-publish","4":"has-post-thumbnail","6":"product_cat-accessoires-machines-de-chantier","7":"product_cat-grappins-de-tri-industriel","8":"product_cat-machines-de-chantier","9":"pa_aansluiting-klac-f-fr","10":"pa_gewicht-8-ton-kg-fr","12":"first","13":"instock","14":"purchasable","15":"product-type-simple"},"acf":[],"_links":{"self":[{"href":"https:\/\/www.euromat.be\/fr\/wp-json\/wp\/v2\/product\/6087","targetHints":{"allow":["GET"]}}],"collection":[{"href":"https:\/\/www.euromat.be\/fr\/wp-json\/wp\/v2\/product"}],"about":[{"href":"https:\/\/www.euromat.be\/fr\/wp-json\/wp\/v2\/types\/product"}],"wp:featuredmedia":[{"embeddable":true,"href":"https:\/\/www.euromat.be\/fr\/wp-json\/wp\/v2\/media\/2793"}],"wp:attachment":[{"href":"https:\/\/www.euromat.be\/fr\/wp-json\/wp\/v2\/media?parent=6087"}],"wp:term":[{"taxonomy":"product_brand","embeddable":true,"href":"https:\/\/www.euromat.be\/fr\/wp-json\/wp\/v2\/product_brand?post=6087"},{"taxonomy":"product_cat","embeddable":true,"href":"https:\/\/www.euromat.be\/fr\/wp-json\/wp\/v2\/product_cat?post=6087"},{"taxonomy":"product_tag","embeddable":true,"href":"https:\/\/www.euromat.be\/fr\/wp-json\/wp\/v2\/product_tag?post=6087"}],"curies":[{"name":"wp","href":"https:\/\/api.w.org\/{rel}","templated":true}]}}