{"id":6088,"date":"2025-09-10T14:05:21","date_gmt":"2025-09-10T12:05:21","guid":{"rendered":"https:\/\/www.euromat.be\/product\/sorteergrijper-voor-minigraver-14-ton\/"},"modified":"2025-09-11T11:35:27","modified_gmt":"2025-09-11T09:35:27","slug":"grappin-de-tri-industriel-pour-minipelle-14-tonnes","status":"publish","type":"product","link":"https:\/\/www.euromat.be\/fr\/produit\/grappin-de-tri-industriel-pour-minipelle-14-tonnes\/","title":{"rendered":"Grappin de tri industriel pour minipelle 14 tonnes"},"content":{"rendered":"<section class=\"l-section wpb_row height_auto\"><div class=\"l-section-h i-cf\"><div class=\"g-cols vc_row via_flex valign_top type_default stacking_default\"><div class=\"vc_col-sm-12 wpb_column vc_column_container\"><div class=\"vc_column-inner\"><div class=\"wpb_wrapper\"><div class=\"wpb_text_column\"><div class=\"wpb_wrapper\"><p>Ce grappin de nivellement robuste convient aux pelles de 14 tonnes et est reli\u00e9 \u00e0 un accouplement CW30. Il est con\u00e7u pour les applications les plus difficiles telles que la d\u00e9molition \u00e0 grande \u00e9chelle, le nivellement et la manutention de mat\u00e9riaux. Avec sa grande capacit\u00e9 et sa forte adh\u00e9rence, c&rsquo;est le choix id\u00e9al pour les entrepreneurs professionnels exigeant des performances maximales.<\/p>\n<\/div><\/div><\/div><\/div><\/div><\/div><\/div><\/section>\n","protected":false},"excerpt":{"rendered":"<p>Grappin de nivellement robuste pour pelles de 14 tonnes, con\u00e7u pour les travaux intensifs de d\u00e9molition et de nivellement.<\/p>\n","protected":false},"featured_media":2795,"template":"","meta":{"_acf_changed":false},"product_brand":[],"product_cat":[1378,3039,1374],"product_tag":[],"class_list":{"0":"post-6088","1":"product","2":"type-product","3":"status-publish","4":"has-post-thumbnail","6":"product_cat-accessoires-machines-de-chantier","7":"product_cat-grappins-de-tri-industriel","8":"product_cat-machines-de-chantier","9":"pa_aansluiting-cw-30-fr","10":"pa_gewicht-14-ton-kg-fr","12":"first","13":"instock","14":"purchasable","15":"product-type-simple"},"acf":[],"_links":{"self":[{"href":"https:\/\/www.euromat.be\/fr\/wp-json\/wp\/v2\/product\/6088","targetHints":{"allow":["GET"]}}],"collection":[{"href":"https:\/\/www.euromat.be\/fr\/wp-json\/wp\/v2\/product"}],"about":[{"href":"https:\/\/www.euromat.be\/fr\/wp-json\/wp\/v2\/types\/product"}],"wp:featuredmedia":[{"embeddable":true,"href":"https:\/\/www.euromat.be\/fr\/wp-json\/wp\/v2\/media\/2795"}],"wp:attachment":[{"href":"https:\/\/www.euromat.be\/fr\/wp-json\/wp\/v2\/media?parent=6088"}],"wp:term":[{"taxonomy":"product_brand","embeddable":true,"href":"https:\/\/www.euromat.be\/fr\/wp-json\/wp\/v2\/product_brand?post=6088"},{"taxonomy":"product_cat","embeddable":true,"href":"https:\/\/www.euromat.be\/fr\/wp-json\/wp\/v2\/product_cat?post=6088"},{"taxonomy":"product_tag","embeddable":true,"href":"https:\/\/www.euromat.be\/fr\/wp-json\/wp\/v2\/product_tag?post=6088"}],"curies":[{"name":"wp","href":"https:\/\/api.w.org\/{rel}","templated":true}]}}