{"id":6089,"date":"2025-09-10T14:05:21","date_gmt":"2025-09-10T12:05:21","guid":{"rendered":"https:\/\/www.euromat.be\/product\/kasseibak-puinbak-5-8-ton\/"},"modified":"2025-09-11T11:35:27","modified_gmt":"2025-09-11T09:35:27","slug":"godet-a-claire-voie-5-8-tonnes","status":"publish","type":"product","link":"https:\/\/www.euromat.be\/fr\/produit\/godet-a-claire-voie-5-8-tonnes\/","title":{"rendered":"Godet \u00e0 claire voie 5-8 tonnes"},"content":{"rendered":"<section class=\"l-section wpb_row height_auto\"><div class=\"l-section-h i-cf\"><div class=\"g-cols vc_row via_flex valign_top type_default stacking_default\"><div class=\"vc_col-sm-12 wpb_column vc_column_container\"><div class=\"vc_column-inner\"><div class=\"wpb_wrapper\"><div class=\"wpb_text_column\"><div class=\"wpb_wrapper\"><p>Ce godet \u00e0 cailloux \/ godet \u00e0 d\u00e9bris convient aux excavatrices de 5 \u00e0 8 tonnes et est \u00e9quip\u00e9 d&rsquo;un raccord KLAC F. Gr\u00e2ce \u00e0 sa construction robuste et \u00e0 ses dents renforc\u00e9es, il convient parfaitement \u00e0 l&rsquo;excavation, au chargement et au d\u00e9placement de mat\u00e9riaux lourds tels que les pav\u00e9s, les gravats et les morceaux de pierre. Le godet offre une r\u00e9sistance \u00e0 l&rsquo;usure et une efficacit\u00e9 \u00e9lev\u00e9es, ce qui en fait un choix fiable pour les travaux de d\u00e9molition et de terrassement exigeants.<\/p>\n<\/div><\/div><\/div><\/div><\/div><\/div><\/div><\/section>\n","protected":false},"excerpt":{"rendered":"<p>Godet \u00e0 cailloux robuste\/ godet \u00e0 d\u00e9bris pour les excavatrices de 5 \u00e0 8 tonnes, id\u00e9al pour charger et d\u00e9placer des d\u00e9bris et des mat\u00e9riaux lourds.<\/p>\n","protected":false},"featured_media":2791,"template":"","meta":{"_acf_changed":false},"product_brand":[],"product_cat":[1378,3040,1374],"product_tag":[],"class_list":{"0":"post-6089","1":"product","2":"type-product","3":"status-publish","4":"has-post-thumbnail","6":"product_cat-accessoires-machines-de-chantier","7":"product_cat-godets-a-claire-voie","8":"product_cat-machines-de-chantier","9":"pa_aansluiting-klac-f-fr","10":"pa_gewicht-5-8-ton-kg-fr","12":"first","13":"instock","14":"purchasable","15":"product-type-simple"},"acf":[],"_links":{"self":[{"href":"https:\/\/www.euromat.be\/fr\/wp-json\/wp\/v2\/product\/6089","targetHints":{"allow":["GET"]}}],"collection":[{"href":"https:\/\/www.euromat.be\/fr\/wp-json\/wp\/v2\/product"}],"about":[{"href":"https:\/\/www.euromat.be\/fr\/wp-json\/wp\/v2\/types\/product"}],"wp:featuredmedia":[{"embeddable":true,"href":"https:\/\/www.euromat.be\/fr\/wp-json\/wp\/v2\/media\/2791"}],"wp:attachment":[{"href":"https:\/\/www.euromat.be\/fr\/wp-json\/wp\/v2\/media?parent=6089"}],"wp:term":[{"taxonomy":"product_brand","embeddable":true,"href":"https:\/\/www.euromat.be\/fr\/wp-json\/wp\/v2\/product_brand?post=6089"},{"taxonomy":"product_cat","embeddable":true,"href":"https:\/\/www.euromat.be\/fr\/wp-json\/wp\/v2\/product_cat?post=6089"},{"taxonomy":"product_tag","embeddable":true,"href":"https:\/\/www.euromat.be\/fr\/wp-json\/wp\/v2\/product_tag?post=6089"}],"curies":[{"name":"wp","href":"https:\/\/api.w.org\/{rel}","templated":true}]}}