{"id":6090,"date":"2025-09-10T14:05:21","date_gmt":"2025-09-10T12:05:21","guid":{"rendered":"https:\/\/www.euromat.be\/product\/schranklader-op-banden-13-ton-bobcat-s70\/"},"modified":"2025-09-11T11:35:27","modified_gmt":"2025-09-11T09:35:27","slug":"chargeuse-compacte-sure-pneus-13-tonnes-bobcat-s70","status":"publish","type":"product","link":"https:\/\/www.euromat.be\/fr\/produit\/chargeuse-compacte-sure-pneus-13-tonnes-bobcat-s70\/","title":{"rendered":"Chargeuse compacte sure pneus 1,3 tonnes &#8211; Bobcat S70"},"content":{"rendered":"<section class=\"l-section wpb_row height_auto\"><div class=\"l-section-h i-cf\"><div class=\"g-cols vc_row via_flex valign_top type_default stacking_default\"><div class=\"vc_col-sm-12 wpb_column vc_column_container\"><div class=\"vc_column-inner\"><div class=\"wpb_wrapper\"><div class=\"wpb_text_column\"><div class=\"wpb_wrapper\"><p><strong>Chargeuse compacte sur roues Bobcat 1.3 tonnes S70<\/strong><\/p>\n<p>Une puissance compacte pour les espaces de travail restreints<\/p>\n<p>La chargeuse compacte sur roues Bobcat S70 est une machine extr\u00eamement compacte et maniable con\u00e7ue pour les lieux de travail o\u00f9 l&rsquo;espace est limit\u00e9. Gr\u00e2ce \u00e0 son syst\u00e8me de commande unique, cette chargeuse compacte se d\u00e9place en \u00ab\u00a0\u00a0\u00bbpatinant\u00a0\u00bb\u00a0\u00bb sur le sol, ce qui signifie qu&rsquo;elle peut tourner sur place et que son rayon de braquage est extr\u00eamement court. Elle est donc particuli\u00e8rement facile \u00e0 conduire dans les espaces restreints tels que les garages, les sous-sols, les entrep\u00f4ts et les chantiers comportant des obstacles.<\/p>\n<p><strong>Caract\u00e9ristiques principales :<\/strong><br \/>\n&#8211; Poids : 1291 kg &#8211; l\u00e9ger et facile \u00e0 transporter<br \/>\n&#8211; Capacit\u00e9 de travail nominale : 343 kg &#8211; d\u00e9place efficacement les mat\u00e9riaux<br \/>\n&#8211; Charge de basculement : 686 kg &#8211; utilisation s\u00fbre et stable<br \/>\n&#8211; Hauteur de d\u00e9versement maximale : 2399 mm &#8211; id\u00e9al pour le chargement de conteneurs et de camions<br \/>\n&#8211; Dimensions (lxlxh) : 2553x901x1814 mm &#8211; convient aux passages \u00e9troits<br \/>\n&#8211; Vitesse : 9,8 km\/h &#8211; d\u00e9placement en douceur sur le site<br \/>\n&#8211; R\u00e9servoir de carburant : 24,6 litres &#8211; longue dur\u00e9e d&rsquo;utilisation sans ravitaillement en carburant<br \/>\n&#8211; 8 heures de fonctionnement sont incluses dans le prix de location de toutes les machines, les heures de fonctionnement suppl\u00e9mentaires seront factur\u00e9es en fonction de votre consommation.<\/p>\n<p><strong>Applications :<\/strong><br \/>\nLe Bobcat S70 est le choix id\u00e9al pour les travaux de terrassement, de d\u00e9blaiement, de d\u00e9placement de mat\u00e9riaux et de r\u00e9novation. Sa taille compacte et sa direction pr\u00e9cise la rendent parfaite pour une utilisation sur des sites int\u00e9rieurs ou dans des zones o\u00f9 l&rsquo;espace de man\u0153uvre est limit\u00e9.<\/p>\n<p><strong>Pourquoi choisir Euromat ?<\/strong><\/p>\n<p>\u2714\ufe0f Des machines de qualit\u00e9 de grandes marques telles que Bobcat<br \/>\n\u2714\ufe0f Entretien r\u00e9gulier pour une fiabilit\u00e9 maximale<br \/>\n\u2714\ufe0f Formules de location flexibles \u00e0 la journ\u00e9e, \u00e0 la semaine ou au mois<br \/>\n\u2714\ufe0f Support technique et service rapide<\/p>\n<\/div><\/div><\/div><\/div><\/div><\/div><\/div><\/section>\n","protected":false},"excerpt":{"rendered":"<p>Location d&rsquo;une chargeuse compacte Bobcat S70 ? 1,3 tonne, 343 kg de capacit\u00e9 de travail et seulement 901 mm de large. Conception maniable \u00e0 virage court pour travailler dans les espaces restreints. Comprend 8 heures de fonctionnement par jour. Id\u00e9ale pour le terrassement, le d\u00e9blaiement et la r\u00e9novation dans les passages \u00e9troits.<\/p>\n","protected":false},"featured_media":2949,"template":"","meta":{"_acf_changed":false},"product_brand":[1393],"product_cat":[3033,1374,1376],"product_tag":[],"class_list":{"0":"post-6090","1":"product","2":"type-product","3":"status-publish","4":"has-post-thumbnail","6":"product_brand-bobcat","7":"product_cat-chargeuses-compactes","8":"product_cat-machines-de-chantier","9":"product_cat-minipelles-chargeurs-et-dumpers","10":"pa_afmetingen-lxbxh-2553x901x1814-mm-fr","11":"pa_gewicht-1291-kg-fr","12":"pa_inhoud-brandstoftank-246-l-fr","13":"pa_kiplast-686-kg-fr","14":"pa_max-dumphoogte-2399-mm-fr","15":"pa_nom-werkcapaciteit-343-kg-fr","16":"pa_snelheid-98-km-u-fr","18":"first","19":"instock","20":"purchasable","21":"product-type-simple"},"acf":[],"_links":{"self":[{"href":"https:\/\/www.euromat.be\/fr\/wp-json\/wp\/v2\/product\/6090","targetHints":{"allow":["GET"]}}],"collection":[{"href":"https:\/\/www.euromat.be\/fr\/wp-json\/wp\/v2\/product"}],"about":[{"href":"https:\/\/www.euromat.be\/fr\/wp-json\/wp\/v2\/types\/product"}],"wp:featuredmedia":[{"embeddable":true,"href":"https:\/\/www.euromat.be\/fr\/wp-json\/wp\/v2\/media\/2949"}],"wp:attachment":[{"href":"https:\/\/www.euromat.be\/fr\/wp-json\/wp\/v2\/media?parent=6090"}],"wp:term":[{"taxonomy":"product_brand","embeddable":true,"href":"https:\/\/www.euromat.be\/fr\/wp-json\/wp\/v2\/product_brand?post=6090"},{"taxonomy":"product_cat","embeddable":true,"href":"https:\/\/www.euromat.be\/fr\/wp-json\/wp\/v2\/product_cat?post=6090"},{"taxonomy":"product_tag","embeddable":true,"href":"https:\/\/www.euromat.be\/fr\/wp-json\/wp\/v2\/product_tag?post=6090"}],"curies":[{"name":"wp","href":"https:\/\/api.w.org\/{rel}","templated":true}]}}