{"id":6091,"date":"2025-09-10T14:04:50","date_gmt":"2025-09-10T12:04:50","guid":{"rendered":"https:\/\/www.euromat.be\/product\/spinhoogwerker-1775m-benzine-hinowa-lightlift\/"},"modified":"2025-09-11T11:35:29","modified_gmt":"2025-09-11T09:35:29","slug":"nacelle-araignee-1775m-essence-hinowa-lightlift","status":"publish","type":"product","link":"https:\/\/www.euromat.be\/fr\/produit\/nacelle-araignee-1775m-essence-hinowa-lightlift\/","title":{"rendered":"Nacelle araignee 17,75m essence &#8211; Hinowa Lightlift"},"content":{"rendered":"<section class=\"l-section wpb_row height_auto\"><div class=\"l-section-h i-cf\"><div class=\"g-cols vc_row via_flex valign_top type_default stacking_default\"><div class=\"vc_col-sm-12 wpb_column vc_column_container\"><div class=\"vc_column-inner\"><div class=\"wpb_wrapper\"><div class=\"wpb_text_column\"><div class=\"wpb_wrapper\"><p><strong>Hinowa Spider AWP 17.75m Petrol Lightlift<\/strong><\/p>\n<p>Hauteur maximale, impact minimal : l&rsquo;ascenseur araign\u00e9e compact pour une utilisation polyvalente<\/p>\n<p>L&rsquo;\u00e9l\u00e9vateur araign\u00e9e Lightlift 17,75 m de Hinowa combine une hauteur de travail impressionnante de 17,6 m\u00e8tres avec une conception compacte et une man\u0153uvrabilit\u00e9 exceptionnelle. Cette nacelle araign\u00e9e \u00e0 essence est con\u00e7ue pour un travail efficace et s\u00fbr dans les zones difficiles d&rsquo;acc\u00e8s, tant \u00e0 l&rsquo;int\u00e9rieur qu&rsquo;\u00e0 l&rsquo;ext\u00e9rieur. Gr\u00e2ce \u00e0 la combinaison d&rsquo;un puissant moteur \u00e0 essence Honda GX440 et d&rsquo;un moteur \u00e9lectrique (230 V), cette nacelle \u00e9l\u00e9vatrice est particuli\u00e8rement flexible dans une vari\u00e9t\u00e9 d&rsquo;environnements.<\/p>\n<p><strong>Caract\u00e9ristiques principales :<\/strong><br \/>\n&#8211; Hauteur de travail : 17,6 m &#8211; id\u00e9al pour les travaux de maintenance ou d&rsquo;installation en altitude<br \/>\n&#8211; Rayon de travail horizontal : jusqu&rsquo;\u00e0 7,5 m &#8211; longue port\u00e9e sans repositionnement<br \/>\n&#8211; Taille de transport compacte : 4,52 m de long et 2 m de haut &#8211; facile \u00e0 transporter<br \/>\n&#8211; Ch\u00e2ssis \u00e9troit : largeur de 798 mm (ferm\u00e9) &#8211; passe dans les passages \u00e9troits<br \/>\n&#8211; Motorisation : Moteur \u00e0 essence Honda GX440 + moteur \u00e9lectrique (2,2 kW, 230 V) &#8211; pour une utilisation \u00e0 l&rsquo;int\u00e9rieur et \u00e0 l&rsquo;ext\u00e9rieur<br \/>\n&#8211; Inclinaison maximale pendant la marche : 16\u00b0 \/ 28,7% &#8211; utilisable sur les terrains en pente<br \/>\n&#8211; Vitesse : 1,8 km\/h (position I) et 3,6 km\/h (position II) &#8211; facilement d\u00e9pla\u00e7able<br \/>\n&#8211; Panier de travail spacieux : 1335x690x1100 mm &#8211; travail en hauteur confortable et s\u00fbr<\/p>\n<p><strong>Applications :<\/strong><br \/>\nParfaitement adapt\u00e9 au nettoyage des fa\u00e7ades, \u00e0 l&rsquo;entretien des arbres, \u00e0 la peinture, au lavage des vitres, \u00e0 l&rsquo;entretien des toits ou des plantes, et \u00e0 d&rsquo;autres travaux en hauteur dans des endroits exigus ou difficiles d&rsquo;acc\u00e8s.<\/p>\n<p><strong>Pourquoi choisir Euromat ?<\/strong><\/p>\n<p>\u2714\ufe0f Grande disponibilit\u00e9 des nacelles araign\u00e9es modernes Hinowa<br \/>\n\u2714\ufe0f Conditions de location flexibles, \u00e0 court et \u00e0 long terme<br \/>\n\u2714\ufe0f Conseils d&rsquo;experts et assistance technique<br \/>\n\u2714\ufe0f Machines entretenues par des professionnels<br \/>\n\u2714\ufe0f Livraison rapide sur site et service complet<\/p>\n<\/div><\/div><\/div><\/div><\/div><\/div><\/div><\/section>\n","protected":false},"excerpt":{"rendered":"<p>Location d&rsquo;un \u00e9l\u00e9vateur \u00e0 nacelle araign\u00e9e Hinowa Lightlift 17,75 m ? Hauteur de travail de 17,6 m, port\u00e9e horizontale de 7,5 m et seulement 798 mm de large en position de transport. \u00c9quip\u00e9 d&rsquo;un moteur \u00e0 essence et d&rsquo;un moteur \u00e9lectrique pour une utilisation flexible \u00e0 l&rsquo;int\u00e9rieur et \u00e0 l&rsquo;ext\u00e9rieur.<\/p>\n","protected":false},"featured_media":2491,"template":"","meta":{"_acf_changed":false},"product_brand":[1411],"product_cat":[1374,3034,1377],"product_tag":[],"class_list":{"0":"post-6091","1":"product","2":"type-product","3":"status-publish","4":"has-post-thumbnail","6":"product_brand-hinowa","7":"product_cat-machines-de-chantier","8":"product_cat-nacelle","9":"product_cat-nacelles-ciseaux-et-telescopiques","10":"pa_afmetingen-hwbak-lxbxh-1335x690x1100-mm-fr","11":"pa_beschikb-therm-motor-honda-gx440-12-pk-fr","12":"pa_brandstof-benzine-fr","13":"pa_breedte-gesloten-798-1086-mm-fr","14":"pa_elektrische-motor-22-kw-230-v-50-hz-1500-rpm-fr","15":"pa_max-hor-werkvlucht-75-m-fr","16":"pa_maximale-snelheid-1-18-km-u-2-36-km-u-fr","17":"pa_toelaatbare-max-helling-16-287-tijdens-rijden-fr","18":"pa_totale-werkgewicht-2230-kg-fr","19":"pa_transporthoogte-20-m-fr","20":"pa_transportlengte-452-m-fr","21":"pa_werkhoogte-176-m-fr","23":"first","24":"instock","25":"purchasable","26":"product-type-simple"},"acf":[],"_links":{"self":[{"href":"https:\/\/www.euromat.be\/fr\/wp-json\/wp\/v2\/product\/6091","targetHints":{"allow":["GET"]}}],"collection":[{"href":"https:\/\/www.euromat.be\/fr\/wp-json\/wp\/v2\/product"}],"about":[{"href":"https:\/\/www.euromat.be\/fr\/wp-json\/wp\/v2\/types\/product"}],"wp:featuredmedia":[{"embeddable":true,"href":"https:\/\/www.euromat.be\/fr\/wp-json\/wp\/v2\/media\/2491"}],"wp:attachment":[{"href":"https:\/\/www.euromat.be\/fr\/wp-json\/wp\/v2\/media?parent=6091"}],"wp:term":[{"taxonomy":"product_brand","embeddable":true,"href":"https:\/\/www.euromat.be\/fr\/wp-json\/wp\/v2\/product_brand?post=6091"},{"taxonomy":"product_cat","embeddable":true,"href":"https:\/\/www.euromat.be\/fr\/wp-json\/wp\/v2\/product_cat?post=6091"},{"taxonomy":"product_tag","embeddable":true,"href":"https:\/\/www.euromat.be\/fr\/wp-json\/wp\/v2\/product_tag?post=6091"}],"curies":[{"name":"wp","href":"https:\/\/api.w.org\/{rel}","templated":true}]}}