{"id":6093,"date":"2025-09-10T14:04:50","date_gmt":"2025-09-10T12:04:50","guid":{"rendered":"https:\/\/www.euromat.be\/product\/minigraver-1-ton-bobcat-e10z\/"},"modified":"2025-09-11T15:27:48","modified_gmt":"2025-09-11T13:27:48","slug":"minipelle-1-tonnes-bobcat-e10z","status":"publish","type":"product","link":"https:\/\/www.euromat.be\/fr\/produit\/minipelle-1-tonnes-bobcat-e10z\/","title":{"rendered":"Minipelle 1 tonnes &#8211; Bobcat E10Z"},"content":{"rendered":"<section class=\"l-section wpb_row height_auto\"><div class=\"l-section-h i-cf\"><div class=\"g-cols vc_row via_flex valign_top type_default stacking_default\"><div class=\"vc_col-sm-12 wpb_column vc_column_container\"><div class=\"vc_column-inner\"><div class=\"wpb_wrapper\"><div class=\"wpb_text_column\"><div class=\"wpb_wrapper\"><p><strong>Bobcat Mini Excavator 1 Ton E10Z<\/strong><\/p>\n<p>Mini-pelle compacte et puissante pour des travaux d&rsquo;excavation pr\u00e9cis<\/p>\n<p>La mini-pelle Bobcat E10Z d&rsquo;une tonne offre une combinaison id\u00e9ale de puissance et de maniabilit\u00e9 pour les travaux d&rsquo;excavation de petite et moyenne envergure. Avec une profondeur de fouille maximale de 1,82 m\u00e8tre et une taille compacte, cette mini-pelle est parfaite pour les espaces \u00e9troits, les projets urbains et les travaux int\u00e9rieurs ou ext\u00e9rieurs n\u00e9cessitant pr\u00e9cision et efficacit\u00e9. Gr\u00e2ce \u00e0 sa conception robuste et \u00e0 sa poign\u00e9e de s\u00e9curit\u00e9 rabattable, la s\u00e9curit\u00e9 et la facilit\u00e9 d&rsquo;utilisation sont garanties.<\/p>\n<p><strong>Caract\u00e9ristiques principales :<\/strong><br \/>\n&#8211; Poids : 1176 kg &#8211; l\u00e9ger et facile \u00e0 transporter<br \/>\n&#8211; Profondeur de fouille maximale : 1820 mm &#8211; convient \u00e0 diff\u00e9rentes profondeurs de fouille<br \/>\n&#8211; Hauteur de d\u00e9versement maximale : 2685 mm &#8211; chargement et d\u00e9chargement efficaces<br \/>\n&#8211; Dimensions (lxlxh) : 2793x710x2209 mm &#8211; conception compacte avec poign\u00e9e de s\u00e9curit\u00e9 rabattable<br \/>\n&#8211; Puissance : 22 kW \/ 29.5 hp &#8211; moteur diesel puissant pour des performances fiables<br \/>\n&#8211; Vitesse : 2,1 \u00e0 3,1 km\/h &#8211; flexible et maniable sur site<br \/>\n&#8211; R\u00e9servoir de carburant : 16 litres &#8211; convient aux longues p\u00e9riodes de travail sans ravitaillement en carburant<br \/>\n&#8211; Connexion : KLAC C &#8211; connexion universelle pour diff\u00e9rents outils<br \/>\n&#8211; Le prix de location de toutes les machines comprend 8 heures de fonctionnement, les heures de fonctionnement suppl\u00e9mentaires sont factur\u00e9es en fonction de la consommation.<br \/>\n&#8211; Les mini-pelles de 1 \u00e0 8 tonnes sont livr\u00e9es en standard avec 3 godets (godet, godet pelle et godet banane).<br \/>\nbanane).<\/p>\n<p><strong>Applications :<\/strong><br \/>\nConvient pour les excavations dans des espaces confin\u00e9s, les petits travaux de terrassement, les services publics, les projets d&rsquo;am\u00e9nagement paysager et les travaux de r\u00e9novation.<\/p>\n<p><strong>Pourquoi choisir Euromat ?<\/strong><\/p>\n<p>\u2714\ufe0f Des machines Bobcat de qualit\u00e9 sup\u00e9rieure avec d&rsquo;excellentes performances<br \/>\n\u2714\ufe0f Des conditions de location flexibles adapt\u00e9es \u00e0 votre projet<br \/>\n\u2714\ufe0f Livraison rapide et assistance technique sur site<br \/>\n\u2714\ufe0f S\u00e9curit\u00e9 et fiabilit\u00e9 garanties<\/p>\n<\/div><\/div><\/div><\/div><\/div><\/div><\/div><\/section>\n","protected":false},"excerpt":{"rendered":"<p>Location d&rsquo;une mini-pelle Bobcat E10Z ? 1 tonne, 1,82 m de profondeur de fouille et seulement 710 mm de large. Id\u00e9ale pour creuser dans les espaces restreints, elle est fournie avec 3 godets et comprend 8 heures de fonctionnement par jour.<\/p>\n","protected":false},"featured_media":2721,"template":"","meta":{"_acf_changed":false},"product_brand":[],"product_cat":[1374,3032,1376],"product_tag":[],"class_list":{"0":"post-6093","1":"product","2":"type-product","3":"status-publish","4":"has-post-thumbnail","6":"product_cat-machines-de-chantier","7":"product_cat-minipelle","8":"product_cat-minipelles-chargeurs-et-dumpers","9":"pa_aansluiting-klac-c-fr","10":"pa_afmetingen-lxbxh-2793x710x2209-mm-met-opstaande-veiligheidsbeugel-fr","11":"pa_gewicht-1176-kg-fr","12":"pa_inhoud-brandstoftank-16-l-fr","13":"pa_max-dumphoogte-2685-mm-fr","14":"pa_max-graafdiepte-1820-mm-fr","15":"pa_snelheid-21-31-km-u-fr","16":"pa_vermogen-kw-22-295-kw-pk-fr","18":"first","19":"instock","20":"purchasable","21":"product-type-simple"},"acf":[],"_links":{"self":[{"href":"https:\/\/www.euromat.be\/fr\/wp-json\/wp\/v2\/product\/6093","targetHints":{"allow":["GET"]}}],"collection":[{"href":"https:\/\/www.euromat.be\/fr\/wp-json\/wp\/v2\/product"}],"about":[{"href":"https:\/\/www.euromat.be\/fr\/wp-json\/wp\/v2\/types\/product"}],"wp:featuredmedia":[{"embeddable":true,"href":"https:\/\/www.euromat.be\/fr\/wp-json\/wp\/v2\/media\/2721"}],"wp:attachment":[{"href":"https:\/\/www.euromat.be\/fr\/wp-json\/wp\/v2\/media?parent=6093"}],"wp:term":[{"taxonomy":"product_brand","embeddable":true,"href":"https:\/\/www.euromat.be\/fr\/wp-json\/wp\/v2\/product_brand?post=6093"},{"taxonomy":"product_cat","embeddable":true,"href":"https:\/\/www.euromat.be\/fr\/wp-json\/wp\/v2\/product_cat?post=6093"},{"taxonomy":"product_tag","embeddable":true,"href":"https:\/\/www.euromat.be\/fr\/wp-json\/wp\/v2\/product_tag?post=6093"}],"curies":[{"name":"wp","href":"https:\/\/api.w.org\/{rel}","templated":true}]}}