{"id":6096,"date":"2025-09-10T14:04:50","date_gmt":"2025-09-10T12:04:50","guid":{"rendered":"https:\/\/www.euromat.be\/product\/generac-lichtmast-v20-k2-mobiel\/"},"modified":"2025-09-11T11:35:33","modified_gmt":"2025-09-11T09:35:33","slug":"generac-poteau-declairage-v20-k2-mobiel","status":"publish","type":"product","link":"https:\/\/www.euromat.be\/fr\/produit\/generac-poteau-declairage-v20-k2-mobiel\/","title":{"rendered":"Generac poteau d&rsquo;\u00e9clairage V20 K2 mobiel"},"content":{"rendered":"<section class=\"l-section wpb_row height_auto\"><div class=\"l-section-h i-cf\"><div class=\"g-cols vc_row via_flex valign_top type_default stacking_default\"><div class=\"vc_col-sm-12 wpb_column vc_column_container\"><div class=\"vc_column-inner\"><div class=\"wpb_wrapper\"><div class=\"wpb_text_column\"><div class=\"wpb_wrapper\"><p><strong>Tour d&rsquo;\u00e9clairage mobile Generac V20 K2<\/strong><\/p>\n<p>Tour lumineuse LED mobile pour une performance et une durabilit\u00e9 maximales sur tous les chantiers<\/p>\n<p>Le m\u00e2t mobile Generac V20 K2, disponible chez Euromat, est con\u00e7u pour les professionnels qui ont besoin d&rsquo;un \u00e9clairage puissant, durable et efficace sur les chantiers temporaires. Avec sa conception robuste, son m\u00e2t hydraulique et son \u00e9clairage LED puissant, ce m\u00e2t d&rsquo;\u00e9clairage est id\u00e9al pour une utilisation intensive sur les chantiers de construction, les travaux d&rsquo;infrastructure, les projets industriels et les \u00e9v\u00e9nements.<\/p>\n<p>Les 4 lampes LED de 320 W offrent un rendement lumineux impressionnant de 167 300 lumens, garantissant une excellente visibilit\u00e9 m\u00eame dans les conditions les plus sombres. Le moteur diesel Kubota et le r\u00e9servoir de carburant de 100 litres offrent une autonomie et une efficacit\u00e9 \u00e9nerg\u00e9tique durables. Gr\u00e2ce au treuil hydraulique et \u00e0 une hauteur de m\u00e2t de 8,5 m\u00e8tres, cette tour d&rsquo;\u00e9clairage est facile \u00e0 utiliser et rapidement op\u00e9rationnelle sur site.<\/p>\n<p><strong>Caract\u00e9ristiques principales :<\/strong><br \/>\n&#8211; Marque : Generac &#8211; une qualit\u00e9 sup\u00e9rieure et fiable dans les solutions d&rsquo;\u00e9nergie mobile<br \/>\n&#8211; Mod\u00e8le : V20 K2 mobile<br \/>\n&#8211; Source lumineuse : 4 x 320 W LED<br \/>\n&#8211; Puissance lumineuse : 167 300 lumens<br \/>\n&#8211; Moteur : moteur diesel Kubota &#8211; puissant et \u00e9conomique<br \/>\n&#8211; R\u00e9servoir de carburant : 100 litres &#8211; longue dur\u00e9e d&rsquo;utilisation sans ravitaillement en carburant<br \/>\n&#8211; Fonctionnement du m\u00e2t : hydraulique, jusqu&rsquo;\u00e0 8,5 m\u00e8tres de haut<br \/>\n&#8211; Dimensions (lxlxh) : 2200 x 1400 x 2440 mm<br \/>\n&#8211; Poids : 980 kg &#8211; permis de conduire BE requis pour le transport<\/p>\n<p><strong>Applications :<\/strong><br \/>\nLa tour d&rsquo;\u00e9clairage Generac V20 K2 est id\u00e9ale pour l&rsquo;\u00e9clairage des sites de construction et industriels, des plateformes logistiques, des chemins de fer, des situations d&rsquo;urgence et des \u00e9v\u00e9nements en plein air. Son fonctionnement silencieux et sa puissante technologie LED la rendent \u00e9galement adapt\u00e9e aux environnements soumis \u00e0 des restrictions sonores ou environnementales.<\/p>\n<p><strong>Pourquoi louer chez Euromat ?<\/strong><br \/>\n\u2714\ufe0f Tours d&rsquo;\u00e9clairage mobiles de marques renomm\u00e9es telles que Generac<br \/>\n\u2714\ufe0f Pr\u00eat \u00e0 l&#8217;emploi &#8211; toujours contr\u00f4l\u00e9 techniquement<br \/>\n\u2714\ufe0f Des conditions de location flexibles adapt\u00e9es \u00e0 votre projet<br \/>\n\u2714\ufe0f Conseils et assistance de nos sp\u00e9cialistes<br \/>\n\u2714\ufe0f Livraison sur site possible, avec instructions<\/p>\n<\/div><\/div><\/div><\/div><\/div><\/div><\/div><\/section>\n","protected":false},"excerpt":{"rendered":"<p>Location de tour d&rsquo;\u00e9clairage mobile Generac V20 K2 ? Fournissez \u00e0 votre cour ou \u00e0 votre \u00e9v\u00e9nement 167 300 lumens gr\u00e2ce \u00e0 des LED 4x320W, aliment\u00e9es par un moteur diesel Kubota \u00e9conomique avec un r\u00e9servoir de 100L pour une longue autonomie. M\u00e2t extensible hydrauliquement jusqu&rsquo;\u00e0 8,5 m, conception robuste et d\u00e9ploiement rapide sur site.<\/p>\n","protected":false},"featured_media":2701,"template":"","meta":{"_acf_changed":false},"product_brand":[1408],"product_cat":[1371,1370],"product_tag":[],"class_list":{"0":"post-6096","1":"product","2":"type-product","3":"status-publish","4":"has-post-thumbnail","6":"product_brand-generac","7":"product_cat-eclairages","8":"product_cat-groupes-electrogenes-et-eclairage","9":"pa_afmetingen-lxbxh-2200x1400x2440-mm-fr","10":"pa_gewicht-980-kg-fr","11":"pa_inhoud-brandstoftank-100-l-fr","12":"pa_lampen-4x-320w-led-fr","13":"pa_lichtsterkte-167-300-lumen-fr","14":"pa_lier-hydraulisch-fr","15":"pa_max-masthoogte-85-m-fr","16":"pa_transport-750-kg-rijbewijs-be-verplicht-fr","17":"pa_type-motor-kubota-fr","19":"first","20":"instock","21":"purchasable","22":"product-type-simple"},"acf":[],"_links":{"self":[{"href":"https:\/\/www.euromat.be\/fr\/wp-json\/wp\/v2\/product\/6096","targetHints":{"allow":["GET"]}}],"collection":[{"href":"https:\/\/www.euromat.be\/fr\/wp-json\/wp\/v2\/product"}],"about":[{"href":"https:\/\/www.euromat.be\/fr\/wp-json\/wp\/v2\/types\/product"}],"wp:featuredmedia":[{"embeddable":true,"href":"https:\/\/www.euromat.be\/fr\/wp-json\/wp\/v2\/media\/2701"}],"wp:attachment":[{"href":"https:\/\/www.euromat.be\/fr\/wp-json\/wp\/v2\/media?parent=6096"}],"wp:term":[{"taxonomy":"product_brand","embeddable":true,"href":"https:\/\/www.euromat.be\/fr\/wp-json\/wp\/v2\/product_brand?post=6096"},{"taxonomy":"product_cat","embeddable":true,"href":"https:\/\/www.euromat.be\/fr\/wp-json\/wp\/v2\/product_cat?post=6096"},{"taxonomy":"product_tag","embeddable":true,"href":"https:\/\/www.euromat.be\/fr\/wp-json\/wp\/v2\/product_tag?post=6096"}],"curies":[{"name":"wp","href":"https:\/\/api.w.org\/{rel}","templated":true}]}}