{"id":6097,"date":"2025-09-10T14:04:50","date_gmt":"2025-09-10T12:04:50","guid":{"rendered":"https:\/\/www.euromat.be\/product\/schaarlift-58m-elektrisch-jlg-es1330l\/"},"modified":"2025-09-11T11:35:33","modified_gmt":"2025-09-11T09:35:33","slug":"nacelles-ciseaux-et-telescopiques-58m-electrique-jlg-es1330l","status":"publish","type":"product","link":"https:\/\/www.euromat.be\/fr\/produit\/nacelles-ciseaux-et-telescopiques-58m-electrique-jlg-es1330l\/","title":{"rendered":"Nacelles ciseaux et t\u00e9lescopiques 5,8m \u00e9lectrique &#8211; JLG ES1330L"},"content":{"rendered":"<section class=\"l-section wpb_row height_auto\"><div class=\"l-section-h i-cf\"><div class=\"g-cols vc_row via_flex valign_top type_default stacking_default\"><div class=\"vc_col-sm-12 wpb_column vc_column_container\"><div class=\"vc_column-inner\"><div class=\"wpb_wrapper\"><div class=\"wpb_text_column\"><div class=\"wpb_wrapper\"><p><strong>JLG Scissor lift 5.8m Electric ES1330L<\/strong><\/p>\n<p>Nacelle \u00e0 ciseaux \u00e9lectrique compacte et efficace pour les travaux de petite et moyenne envergure<\/p>\n<p>La plate-forme \u00e0 ciseaux \u00e9lectrique JLG de 5,8 m, mod\u00e8le ES1330L, est id\u00e9ale pour travailler rapidement et en toute s\u00e9curit\u00e9 \u00e0 des hauteurs allant jusqu&rsquo;\u00e0 5,8 m\u00e8tres. Avec une hauteur de plate-forme de 3,8 m\u00e8tres et une capacit\u00e9 de levage de 227 kg, cette plate-forme compacte \u00e0 ciseaux JLG est parfaite pour les travaux de maintenance, d&rsquo;assemblage l\u00e9ger et d&rsquo;inspection dans les espaces restreints. Gr\u00e2ce \u00e0 son entra\u00eenement \u00e9lectrique, l&rsquo;ES1330L est tr\u00e8s silencieux et respectueux de l&rsquo;environnement. Il convient \u00e0 une utilisation en int\u00e9rieur comme en ext\u00e9rieur.<\/p>\n<p><strong>Caract\u00e9ristiques principales :<\/strong><br \/>\n&#8211; Hauteur de travail : 5,8 m\u00e8tres &#8211; utilisation flexible pour divers travaux en hauteur<br \/>\n&#8211; Hauteur de la plate-forme : 3,8 m\u00e8tres &#8211; espace suffisant pour les personnes et les outils<br \/>\n&#8211; Capacit\u00e9 de levage : 227 kg &#8211; convient pour une personne et des outils<br \/>\n&#8211; Dimensions compactes : 1460x760x1800 mm &#8211; id\u00e9al pour les espaces \u00e9troits et confin\u00e9s<br \/>\n&#8211; Poids : 896 kg &#8211; l\u00e9ger et maniable pour faciliter le transport et les man\u0153uvres<br \/>\n&#8211; Entra\u00eenement \u00e9lectrique : silencieux, sans \u00e9missions et adapt\u00e9 \u00e0 une utilisation en int\u00e9rieur<\/p>\n<p><strong>Applications :<\/strong><br \/>\nLe pont \u00e9l\u00e9vateur \u00e0 ciseaux JLG 5,8 m \u00e9lectrique &#8211; ES1330L est parfait pour les travaux de maintenance, de nettoyage, d&rsquo;installation l\u00e9g\u00e8re et d&rsquo;inspection \u00e0 des hauteurs petites \u00e0 moyennes, en particulier dans les zones o\u00f9 la compacit\u00e9 est essentielle.<\/p>\n<p><strong>Pourquoi choisir Euromat ?<\/strong><\/p>\n<p>\u2714\ufe0f Disponibilit\u00e9 imm\u00e9diate des nacelles \u00e0 ciseaux de haute qualit\u00e9 JLG<br \/>\n\u2714\ufe0f Des p\u00e9riodes de location flexibles adapt\u00e9es aux besoins de votre projet<br \/>\n\u2714\ufe0f Assistance professionnelle et service technique d&rsquo;Euromat<br \/>\n\u2714\ufe0f Des machines JLG toujours bien entretenues et s\u00fbres pour des performances optimales<\/p>\n<\/div><\/div><\/div><\/div><\/div><\/div><\/div><\/section>\n","protected":false},"excerpt":{"rendered":"<p>Location d&rsquo;une plate-forme \u00e9l\u00e9vatrice \u00e0 ciseaux \u00e9lectrique JLG ES1330L ? Nacelle compacte avec une hauteur de travail de 5,8 m, une capacit\u00e9 de levage de 227 kg et un syst\u00e8me d&rsquo;entra\u00eenement silencieux et sans \u00e9missions. Id\u00e9ale pour la maintenance, l&rsquo;installation et l&rsquo;inspection dans les espaces int\u00e9rieurs restreints.<\/p>\n","protected":false},"featured_media":2627,"template":"","meta":{"_acf_changed":false},"product_brand":[],"product_cat":[1374,3036,1377],"product_tag":[],"class_list":{"0":"post-6097","1":"product","2":"type-product","3":"status-publish","4":"has-post-thumbnail","6":"product_cat-machines-de-chantier","7":"product_cat-nacelles-ciseaux","8":"product_cat-nacelles-ciseaux-et-telescopiques","9":"pa_afmetingen-lxbxh-1460x760x1800-mm-fr","10":"pa_brandstof-elektrisch-fr","11":"pa_gewicht-896-kg-fr","12":"pa_hefvermogen-227-kg-fr","13":"pa_platformhoogte-38-m-fr","14":"pa_werkhoogte-58-m-fr","16":"first","17":"instock","18":"purchasable","19":"product-type-simple"},"acf":[],"_links":{"self":[{"href":"https:\/\/www.euromat.be\/fr\/wp-json\/wp\/v2\/product\/6097","targetHints":{"allow":["GET"]}}],"collection":[{"href":"https:\/\/www.euromat.be\/fr\/wp-json\/wp\/v2\/product"}],"about":[{"href":"https:\/\/www.euromat.be\/fr\/wp-json\/wp\/v2\/types\/product"}],"wp:featuredmedia":[{"embeddable":true,"href":"https:\/\/www.euromat.be\/fr\/wp-json\/wp\/v2\/media\/2627"}],"wp:attachment":[{"href":"https:\/\/www.euromat.be\/fr\/wp-json\/wp\/v2\/media?parent=6097"}],"wp:term":[{"taxonomy":"product_brand","embeddable":true,"href":"https:\/\/www.euromat.be\/fr\/wp-json\/wp\/v2\/product_brand?post=6097"},{"taxonomy":"product_cat","embeddable":true,"href":"https:\/\/www.euromat.be\/fr\/wp-json\/wp\/v2\/product_cat?post=6097"},{"taxonomy":"product_tag","embeddable":true,"href":"https:\/\/www.euromat.be\/fr\/wp-json\/wp\/v2\/product_tag?post=6097"}],"curies":[{"name":"wp","href":"https:\/\/api.w.org\/{rel}","templated":true}]}}