{"id":6098,"date":"2025-09-10T14:04:50","date_gmt":"2025-09-10T12:04:50","guid":{"rendered":"https:\/\/www.euromat.be\/product\/schaarlift-78m-elektrisch-jlg-es1932\/"},"modified":"2025-09-11T11:35:33","modified_gmt":"2025-09-11T09:35:33","slug":"nacelles-ciseaux-et-telescopiques-78m-electrique-jlg-es1932","status":"publish","type":"product","link":"https:\/\/www.euromat.be\/fr\/produit\/nacelles-ciseaux-et-telescopiques-78m-electrique-jlg-es1932\/","title":{"rendered":"Nacelles ciseaux et t\u00e9lescopiques 7,8m \u00e9lectrique &#8211; JLG ES1932"},"content":{"rendered":"<section class=\"l-section wpb_row height_auto\"><div class=\"l-section-h i-cf\"><div class=\"g-cols vc_row via_flex valign_top type_default stacking_default\"><div class=\"vc_col-sm-12 wpb_column vc_column_container\"><div class=\"vc_column-inner\"><div class=\"wpb_wrapper\"><div class=\"wpb_text_column\"><div class=\"wpb_wrapper\"><p><strong>JLG Scissor lift 7.8m Electric ES1932<\/strong><\/p>\n<p>\u00c9l\u00e9vateur \u00e0 ciseaux \u00e9lectrique efficace pour travailler en toute s\u00e9curit\u00e9 \u00e0 des hauteurs moyennes<\/p>\n<p>La plate-forme \u00e9lectrique \u00e0 ciseaux JLG de 7,8 m, mod\u00e8le ES1932, offre un acc\u00e8s fiable et confortable \u00e0 des hauteurs de travail allant jusqu&rsquo;\u00e0 7,8 m\u00e8tres. Avec une hauteur de plate-forme de 5,8 m\u00e8tres et une capacit\u00e9 de levage de 230 kg, cette plate-forme \u00e0 ciseaux \u00e9lectrique JLG est parfaite pour les travaux de maintenance, d&rsquo;assemblage et d&rsquo;inspection en int\u00e9rieur comme en ext\u00e9rieur. Gr\u00e2ce \u00e0 son entra\u00eenement \u00e9lectrique, ce pont \u00e9l\u00e9vateur \u00e0 ciseaux fonctionne silencieusement et dans le respect de l&rsquo;environnement, ce qui est id\u00e9al pour les projets o\u00f9 la r\u00e9duction du bruit est importante.<\/p>\n<p><strong>Caract\u00e9ristiques principales :<\/strong><br \/>\n&#8211; Hauteur de travail : 7,8 m\u00e8tres &#8211; convient \u00e0 divers travaux en hauteur<br \/>\n&#8211; Hauteur de la plate-forme : 5,8 m\u00e8tres &#8211; espace suffisant pour les employ\u00e9s et les outils<br \/>\n&#8211; Capacit\u00e9 de levage : 230 kg &#8211; permet de transporter une personne avec l&rsquo;\u00e9quipement n\u00e9cessaire<br \/>\n&#8211; Conception compacte : 1740x810x2100 mm &#8211; facile \u00e0 d\u00e9ployer dans les espaces restreints<br \/>\n&#8211; Poids : 1565 kg &#8211; suffisamment l\u00e9ger pour \u00eatre facilement d\u00e9plac\u00e9 et transport\u00e9<br \/>\n&#8211; Entra\u00eenement \u00e9lectrique &#8211; respectueux de l&rsquo;environnement et silencieux pour une utilisation \u00e0 l&rsquo;int\u00e9rieur et \u00e0 l&rsquo;ext\u00e9rieur<\/p>\n<p><strong>Applications :<\/strong><br \/>\nLe pont \u00e9l\u00e9vateur \u00e0 ciseaux JLG 7,8 m \u00e9lectrique &#8211; ES1932 est id\u00e9al pour les travaux de maintenance, les installations et les inspections \u00e0 des hauteurs moyennes, en particulier dans les situations o\u00f9 un pont \u00e9l\u00e9vateur \u00e0 ciseaux compact et silencieux est n\u00e9cessaire.<\/p>\n<p><strong>Pourquoi choisir Euromat ?<\/strong><\/p>\n<p>\u2714\ufe0f Nacelles \u00e0 ciseaux JLG de qualit\u00e9 sup\u00e9rieure disponibles rapidement<br \/>\n\u2714\ufe0f Des conditions de location flexibles adapt\u00e9es \u00e0 votre projet<br \/>\n\u2714\ufe0f Assistance technique et service d&rsquo;experts par Euromat<br \/>\n\u2714\ufe0f Des \u00e9quipements toujours s\u00fbrs et bien entretenus pour des performances optimales<\/p>\n<\/div><\/div><\/div><\/div><\/div><\/div><\/div><\/section>\n","protected":false},"excerpt":{"rendered":"<p>Location d&rsquo;une plateforme \u00e9l\u00e9vatrice \u00e0 ciseaux \u00e9lectrique JLG ES1932 ? Nacelle \u00e0 ciseaux fiable avec une hauteur de travail de 7,8 m, une capacit\u00e9 de levage de 230 kg et un entra\u00eenement silencieux sans \u00e9missions. Id\u00e9al pour la maintenance, l&rsquo;assemblage et l&rsquo;inspection dans les zones int\u00e9rieures et ext\u00e9rieures \u00e0 acc\u00e8s limit\u00e9.<\/p>\n","protected":false},"featured_media":2617,"template":"","meta":{"_acf_changed":false},"product_brand":[],"product_cat":[1374,3036,1377],"product_tag":[],"class_list":{"0":"post-6098","1":"product","2":"type-product","3":"status-publish","4":"has-post-thumbnail","6":"product_cat-machines-de-chantier","7":"product_cat-nacelles-ciseaux","8":"product_cat-nacelles-ciseaux-et-telescopiques","9":"pa_afmetingen-lxbxh-1740x810x2100-mm-fr","10":"pa_brandstof-elektrisch-fr","11":"pa_gewicht-1565-kg-fr","12":"pa_hefvermogen-230-kg-fr","13":"pa_platformhoogte-58-m-fr","14":"pa_werkhoogte-78-m-fr","16":"first","17":"instock","18":"purchasable","19":"product-type-simple"},"acf":[],"_links":{"self":[{"href":"https:\/\/www.euromat.be\/fr\/wp-json\/wp\/v2\/product\/6098","targetHints":{"allow":["GET"]}}],"collection":[{"href":"https:\/\/www.euromat.be\/fr\/wp-json\/wp\/v2\/product"}],"about":[{"href":"https:\/\/www.euromat.be\/fr\/wp-json\/wp\/v2\/types\/product"}],"wp:featuredmedia":[{"embeddable":true,"href":"https:\/\/www.euromat.be\/fr\/wp-json\/wp\/v2\/media\/2617"}],"wp:attachment":[{"href":"https:\/\/www.euromat.be\/fr\/wp-json\/wp\/v2\/media?parent=6098"}],"wp:term":[{"taxonomy":"product_brand","embeddable":true,"href":"https:\/\/www.euromat.be\/fr\/wp-json\/wp\/v2\/product_brand?post=6098"},{"taxonomy":"product_cat","embeddable":true,"href":"https:\/\/www.euromat.be\/fr\/wp-json\/wp\/v2\/product_cat?post=6098"},{"taxonomy":"product_tag","embeddable":true,"href":"https:\/\/www.euromat.be\/fr\/wp-json\/wp\/v2\/product_tag?post=6098"}],"curies":[{"name":"wp","href":"https:\/\/api.w.org\/{rel}","templated":true}]}}