{"id":6099,"date":"2025-09-10T14:04:50","date_gmt":"2025-09-10T12:04:50","guid":{"rendered":"https:\/\/www.euromat.be\/product\/schaarlift-8m-elektrisch-jlg-2033es\/"},"modified":"2025-09-11T15:38:50","modified_gmt":"2025-09-11T13:38:50","slug":"nacelles-ciseaux-et-telescopiques-8m-electrique-jlg-2033es","status":"publish","type":"product","link":"https:\/\/www.euromat.be\/fr\/produit\/nacelles-ciseaux-et-telescopiques-8m-electrique-jlg-2033es\/","title":{"rendered":"Nacelles ciseaux et t\u00e9lescopiques 8m \u00e9lectrique &#8211; JLG 2033ES"},"content":{"rendered":"<section class=\"l-section wpb_row height_auto\"><div class=\"l-section-h i-cf\"><div class=\"g-cols vc_row via_flex valign_top type_default stacking_default\"><div class=\"vc_col-sm-12 wpb_column vc_column_container\"><div class=\"vc_column-inner\"><div class=\"wpb_wrapper\"><div class=\"wpb_text_column\"><div class=\"wpb_wrapper\"><p><strong>JLG Scissor lift 8m Electric 2032ES<\/strong><\/p>\n<p>Nacelle \u00e0 ciseaux \u00e9lectrique compacte et puissante pour les travaux a\u00e9riens professionnels<\/p>\n<p>Vous recherchez une nacelle \u00e0 ciseaux fiable et maniable pour des travaux jusqu&rsquo;\u00e0 pr\u00e8s de 8 m\u00e8tres de hauteur ? Avec une hauteur de plate-forme de 6,1 m\u00e8tres et une capacit\u00e9 de levage de 360 kg, la plate-forme \u00e0 ciseaux \u00e9lectrique JLG de 8 m &#8211; mod\u00e8le 2032ES &#8211; constitue une solution id\u00e9ale pour les travaux d&rsquo;entretien, d&rsquo;installation et de r\u00e9paration \u00e0 l&rsquo;int\u00e9rieur et \u00e0 l&rsquo;ext\u00e9rieur. Gr\u00e2ce \u00e0 son entra\u00eenement \u00e9lectrique, la JLG 2032ES est silencieuse, respectueuse de l&rsquo;environnement et parfaite pour une utilisation en int\u00e9rieur.<\/p>\n<p><strong>Caract\u00e9ristiques principales :<\/strong><br \/>\n&#8211; Hauteur de travail : 7,9 m\u00e8tres &#8211; travail en hauteur s\u00fbr et efficace<br \/>\n&#8211; Hauteur de la plate-forme : 6,1 m\u00e8tres &#8211; plate-forme spacieuse pour plusieurs personnes et outils<br \/>\n&#8211; Capacit\u00e9 de levage : 360 kg &#8211; convient aux personnes et aux mat\u00e9riaux lourds<br \/>\n&#8211; Taille compacte : 2300x760x2200 mm &#8211; facilement man\u0153uvrable dans les espaces restreints<br \/>\n&#8211; Poids : 2020 kg &#8211; robuste mais maniable<br \/>\n&#8211; Entra\u00eenement \u00e9lectrique &#8211; peu bruyant et respectueux de l&rsquo;environnement, id\u00e9al pour une utilisation \u00e0 l&rsquo;int\u00e9rieur.<\/p>\n<p><strong>Applications :<\/strong><br \/>\nL&rsquo;\u00e9l\u00e9vateur \u00e0 ciseaux JLG 8m \u00e9lectrique &#8211; 2032ES est parfait pour les travaux de maintenance et d&rsquo;installation, les travaux de peinture, les travaux d&rsquo;entrep\u00f4t et autres projets qui n\u00e9cessitent un travail en hauteur s\u00fbr et efficace.<\/p>\n<p><strong>Pourquoi choisir Euromat ?<\/strong><\/p>\n<p>\u2714\ufe0f Disponibilit\u00e9 rapide des derni\u00e8res nacelles \u00e0 ciseaux JLG<br \/>\n\u2714\ufe0f Des conditions de location flexibles adapt\u00e9es \u00e0 votre projet<br \/>\n\u2714\ufe0f Assistance technique et service professionnels<br \/>\n\u2714\ufe0f Des machines JLG fiables et bien entretenues pour une s\u00e9curit\u00e9 maximale<\/p>\n<\/div><\/div><\/div><\/div><\/div><\/div><\/div><\/section>\n","protected":false},"excerpt":{"rendered":"<p>Location d&rsquo;une nacelle \u00e9l\u00e9vatrice \u00e0 ciseaux \u00e9lectrique JLG 2032ES ? Nacelle compacte avec une hauteur de travail de 7,9 m, une capacit\u00e9 de levage de 360 kg et un entra\u00eenement silencieux sans \u00e9missions. Id\u00e9ale pour les travaux de maintenance, d&rsquo;installation et d&rsquo;entreposage, \u00e0 l&rsquo;int\u00e9rieur comme \u00e0 l&rsquo;ext\u00e9rieur.<\/p>\n","protected":false},"featured_media":2561,"template":"","meta":{"_acf_changed":false},"product_brand":[1416],"product_cat":[1374,3036,1377],"product_tag":[],"class_list":{"0":"post-6099","1":"product","2":"type-product","3":"status-publish","4":"has-post-thumbnail","6":"product_brand-jlg","7":"product_cat-machines-de-chantier","8":"product_cat-nacelles-ciseaux","9":"product_cat-nacelles-ciseaux-et-telescopiques","10":"pa_afmetingen-lxbxh-2300x760x2200-mm-fr","11":"pa_brandstof-elektrisch-fr","12":"pa_gewicht-2020-kg-fr","13":"pa_hefvermogen-360-kg-fr","14":"pa_platformhoogte-61-m-fr","15":"pa_werkhoogte-79-m-fr","17":"first","18":"instock","19":"purchasable","20":"product-type-simple"},"acf":[],"_links":{"self":[{"href":"https:\/\/www.euromat.be\/fr\/wp-json\/wp\/v2\/product\/6099","targetHints":{"allow":["GET"]}}],"collection":[{"href":"https:\/\/www.euromat.be\/fr\/wp-json\/wp\/v2\/product"}],"about":[{"href":"https:\/\/www.euromat.be\/fr\/wp-json\/wp\/v2\/types\/product"}],"wp:featuredmedia":[{"embeddable":true,"href":"https:\/\/www.euromat.be\/fr\/wp-json\/wp\/v2\/media\/2561"}],"wp:attachment":[{"href":"https:\/\/www.euromat.be\/fr\/wp-json\/wp\/v2\/media?parent=6099"}],"wp:term":[{"taxonomy":"product_brand","embeddable":true,"href":"https:\/\/www.euromat.be\/fr\/wp-json\/wp\/v2\/product_brand?post=6099"},{"taxonomy":"product_cat","embeddable":true,"href":"https:\/\/www.euromat.be\/fr\/wp-json\/wp\/v2\/product_cat?post=6099"},{"taxonomy":"product_tag","embeddable":true,"href":"https:\/\/www.euromat.be\/fr\/wp-json\/wp\/v2\/product_tag?post=6099"}],"curies":[{"name":"wp","href":"https:\/\/api.w.org\/{rel}","templated":true}]}}