{"id":6100,"date":"2025-09-10T14:04:50","date_gmt":"2025-09-10T12:04:50","guid":{"rendered":"https:\/\/www.euromat.be\/product\/schaarlift-10m-elektrisch-jlg-2646es\/"},"modified":"2025-09-11T15:37:37","modified_gmt":"2025-09-11T13:37:37","slug":"nacelles-ciseaux-et-telescopiques-10m-electrique-jlg-2646es","status":"publish","type":"product","link":"https:\/\/www.euromat.be\/fr\/produit\/nacelles-ciseaux-et-telescopiques-10m-electrique-jlg-2646es\/","title":{"rendered":"Nacelles ciseaux et t\u00e9lescopiques 10m \u00e9lectrique &#8211; JLG 2646ES"},"content":{"rendered":"<section class=\"l-section wpb_row height_auto\"><div class=\"l-section-h i-cf\"><div class=\"g-cols vc_row via_flex valign_top type_default stacking_default\"><div class=\"vc_col-sm-12 wpb_column vc_column_container\"><div class=\"vc_column-inner\"><div class=\"wpb_wrapper\"><div class=\"wpb_text_column\"><div class=\"wpb_wrapper\"><p><strong>JLG \u00c9l\u00e9vateur \u00e0 ciseaux 10m \u00e9lectrique 2646ES<\/strong><\/p>\n<p>Nacelle \u00e0 ciseaux \u00e9lectrique puissante et maniable pour les travaux professionnels en altitude jusqu&rsquo;\u00e0 pr\u00e8s de 10 m\u00e8tres.<\/p>\n<p>Vous recherchez une nacelle \u00e0 ciseaux \u00e9lectrique fiable qui vous permette d&rsquo;atteindre en toute s\u00e9curit\u00e9 une hauteur de pr\u00e8s de 10 m\u00e8tres ? La plate-forme \u00e0 ciseaux \u00e9lectrique JLG de 10 m, mod\u00e8le 2646ES, offre une hauteur de plate-forme de 7,9 m\u00e8tres et une capacit\u00e9 de levage de 450 kg, id\u00e9ale pour la maintenance, les travaux d&rsquo;installation et d&rsquo;autres t\u00e2ches sp\u00e9cifiques \u00e0 la hauteur. Gr\u00e2ce \u00e0 son entra\u00eenement \u00e9lectrique silencieux, cette JLG 2646ES est parfaite pour une utilisation en int\u00e9rieur et pour les projets respectueux de l&rsquo;environnement.<\/p>\n<p><strong>Caract\u00e9ristiques principales :<\/strong><br \/>\n&#8211; Hauteur de travail : 9,92 m\u00e8tres &#8211; travail en hauteur s\u00fbr et efficace<br \/>\n&#8211; Hauteur de la plate-forme : 7,9 m\u00e8tres &#8211; plate-forme spacieuse pour plusieurs personnes et outils<br \/>\n&#8211; Capacit\u00e9 de levage : 450 kg &#8211; convient aux personnes et aux mat\u00e9riaux lourds<br \/>\n&#8211; Dimensions compactes : 2500x1120x2360 mm &#8211; facile \u00e0 man\u0153uvrer<br \/>\n&#8211; Poids : 2550 kg &#8211; robuste et stable<br \/>\n&#8211; Entra\u00eenement \u00e9lectrique : respectueux de l&rsquo;environnement et silencieux pour une utilisation \u00e0 l&rsquo;int\u00e9rieur et \u00e0 l&rsquo;ext\u00e9rieur<\/p>\n<p><strong>Applications :<\/strong><br \/>\nL&rsquo;\u00e9l\u00e9vateur \u00e0 ciseaux JLG 10m \u00e9lectrique 2646ES est id\u00e9al pour les travaux de maintenance, d&rsquo;installation, de peinture et autres projets n\u00e9cessitant un travail en hauteur s\u00fbr et flexible.<\/p>\n<p><strong>Pourquoi choisir Euromat ?<\/strong><\/p>\n<p>\u2714\ufe0f Disponibilit\u00e9 rapide des nacelles \u00e0 ciseaux JLG de qualit\u00e9 sup\u00e9rieure<br \/>\n\u2714\ufe0f Des conditions de location flexibles adapt\u00e9es \u00e0 la planification de votre projet<br \/>\n\u2714\ufe0f Assistance technique experte et service fiable<br \/>\n\u2714\ufe0f Des machines JLG bien entretenues et s\u00fbres pour une s\u00e9curit\u00e9 maximale<\/p>\n<\/div><\/div><\/div><\/div><\/div><\/div><\/div><\/section>\n","protected":false},"excerpt":{"rendered":"<p>Location d&rsquo;une plate-forme \u00e0 ciseaux \u00e9lectrique JLG 2646ES ? AWP avec une hauteur de travail de 9,92 m, une capacit\u00e9 de levage de 450 kg et un entra\u00eenement silencieux sans \u00e9missions. Parfait pour les travaux de maintenance, d&rsquo;installation et de peinture, \u00e0 l&rsquo;int\u00e9rieur comme \u00e0 l&rsquo;ext\u00e9rieur.<\/p>\n","protected":false},"featured_media":2523,"template":"","meta":{"_acf_changed":false},"product_brand":[1416],"product_cat":[1374,3036,1377],"product_tag":[],"class_list":{"0":"post-6100","1":"product","2":"type-product","3":"status-publish","4":"has-post-thumbnail","6":"product_brand-jlg","7":"product_cat-machines-de-chantier","8":"product_cat-nacelles-ciseaux","9":"product_cat-nacelles-ciseaux-et-telescopiques","10":"pa_afmetingen-lxbxh-2500x1120x2360-mm-fr","11":"pa_brandstof-elektrisch-fr","12":"pa_gewicht-2550-kg-fr","13":"pa_hefvermogen-450-kg-fr","14":"pa_platformhoogte-79-m-fr","15":"pa_werkhoogte-992-m-fr","17":"first","18":"instock","19":"purchasable","20":"product-type-simple"},"acf":[],"_links":{"self":[{"href":"https:\/\/www.euromat.be\/fr\/wp-json\/wp\/v2\/product\/6100","targetHints":{"allow":["GET"]}}],"collection":[{"href":"https:\/\/www.euromat.be\/fr\/wp-json\/wp\/v2\/product"}],"about":[{"href":"https:\/\/www.euromat.be\/fr\/wp-json\/wp\/v2\/types\/product"}],"wp:featuredmedia":[{"embeddable":true,"href":"https:\/\/www.euromat.be\/fr\/wp-json\/wp\/v2\/media\/2523"}],"wp:attachment":[{"href":"https:\/\/www.euromat.be\/fr\/wp-json\/wp\/v2\/media?parent=6100"}],"wp:term":[{"taxonomy":"product_brand","embeddable":true,"href":"https:\/\/www.euromat.be\/fr\/wp-json\/wp\/v2\/product_brand?post=6100"},{"taxonomy":"product_cat","embeddable":true,"href":"https:\/\/www.euromat.be\/fr\/wp-json\/wp\/v2\/product_cat?post=6100"},{"taxonomy":"product_tag","embeddable":true,"href":"https:\/\/www.euromat.be\/fr\/wp-json\/wp\/v2\/product_tag?post=6100"}],"curies":[{"name":"wp","href":"https:\/\/api.w.org\/{rel}","templated":true}]}}