{"id":6101,"date":"2025-09-10T14:04:50","date_gmt":"2025-09-10T12:04:50","guid":{"rendered":"https:\/\/www.euromat.be\/product\/schaarlift-12m-elektrisch-jlg-3246es\/"},"modified":"2025-09-11T15:36:42","modified_gmt":"2025-09-11T13:36:42","slug":"nacelles-ciseaux-et-telescopiques-12m-electrique-jlg-3246es","status":"publish","type":"product","link":"https:\/\/www.euromat.be\/fr\/produit\/nacelles-ciseaux-et-telescopiques-12m-electrique-jlg-3246es\/","title":{"rendered":"Nacelles ciseaux et t\u00e9lescopiques 12m \u00e9lectrique &#8211; JLG 3246ES"},"content":{"rendered":"<section class=\"l-section wpb_row height_auto\"><div class=\"l-section-h i-cf\"><div class=\"g-cols vc_row via_flex valign_top type_default stacking_default\"><div class=\"vc_col-sm-12 wpb_column vc_column_container\"><div class=\"vc_column-inner\"><div class=\"wpb_wrapper\"><div class=\"wpb_text_column\"><div class=\"wpb_wrapper\"><p><strong>JLG Scissor lift 12m Electric 3246ES<\/strong><\/p>\n<p>\u00c9l\u00e9vateur \u00e0 ciseaux \u00e9lectrique puissant pour travailler en toute s\u00e9curit\u00e9 \u00e0 des hauteurs plus importantes<\/p>\n<p>La plate-forme \u00e0 ciseaux \u00e9lectrique JLG de 12 m, mod\u00e8le 3246ES, offre un acc\u00e8s fiable et efficace \u00e0 des hauteurs de travail allant jusqu&rsquo;\u00e0 11,4 m\u00e8tres. Avec une hauteur de plate-forme de 10,06 m\u00e8tres et une capacit\u00e9 de levage de 320 kg, cette plate-forme \u00e9lectrique \u00e0 ciseaux JLG est id\u00e9ale pour les travaux lourds, la maintenance et les installations en int\u00e9rieur et en ext\u00e9rieur. Gr\u00e2ce \u00e0 son entra\u00eenement \u00e9lectrique silencieux, la nacelle \u00e0 ciseaux convient aux endroits o\u00f9 un fonctionnement silencieux est requis.<\/p>\n<p><strong>Caract\u00e9ristiques principales :<\/strong><br \/>\n&#8211; Hauteur de travail : 11,4 m\u00e8tres &#8211; convient aux travaux a\u00e9riens \u00e0 grande hauteur<br \/>\n&#8211; Hauteur de la plate-forme : 10,06 m\u00e8tres &#8211; plate-forme spacieuse pour le personnel et les outils<br \/>\n&#8211; Capacit\u00e9 de levage : 320 kg &#8211; permet de transporter plusieurs personnes ou du mat\u00e9riel lourd<br \/>\n&#8211; Dimensions : 2500x1220x2360 mm &#8211; conception stable et compacte pour une plus grande maniabilit\u00e9<br \/>\n&#8211; Poids : 2750 kg &#8211; robuste et mobile<br \/>\n&#8211; Entra\u00eenement \u00e9lectrique &#8211; respectueux de l&rsquo;environnement et silencieux<\/p>\n<p><strong>Applications :<\/strong><br \/>\nLa plate-forme \u00e0 ciseaux JLG 12m \u00e9lectrique &#8211; 3246ES est parfaite pour la maintenance, la r\u00e9novation, les travaux d&rsquo;installation et les inspections \u00e0 grande hauteur, \u00e0 l&rsquo;int\u00e9rieur comme \u00e0 l&rsquo;ext\u00e9rieur.<\/p>\n<p><strong>Pourquoi choisir Euromat ?<\/strong><\/p>\n<p>\u2714\ufe0f Nacelles \u00e0 ciseaux JLG de qualit\u00e9 sup\u00e9rieure disponibles rapidement<br \/>\n\u2714\ufe0f Des conditions de location flexibles adapt\u00e9es \u00e0 votre projet<br \/>\n\u2714\ufe0f Assistance technique et service d&rsquo;experts par Euromat<br \/>\n\u2714\ufe0f Des \u00e9quipements s\u00fbrs et bien entretenus pour des performances optimales<\/p>\n<\/div><\/div><\/div><\/div><\/div><\/div><\/div><\/section>\n","protected":false},"excerpt":{"rendered":"<p>Location d&rsquo;une plate-forme \u00e0 ciseaux \u00e9lectrique JLG 3246ES ? AWP avec une hauteur de travail de 11,4 m, une capacit\u00e9 de levage de 320 kg et une plate-forme spacieuse. Silencieux, sans \u00e9missions et id\u00e9al pour la maintenance, l&rsquo;installation et la r\u00e9novation en altitude, \u00e0 l&rsquo;int\u00e9rieur comme \u00e0 l&rsquo;ext\u00e9rieur.<\/p>\n","protected":false},"featured_media":2541,"template":"","meta":{"_acf_changed":false},"product_brand":[1416],"product_cat":[1374,3036,1377],"product_tag":[],"class_list":{"0":"post-6101","1":"product","2":"type-product","3":"status-publish","4":"has-post-thumbnail","6":"product_brand-jlg","7":"product_cat-machines-de-chantier","8":"product_cat-nacelles-ciseaux","9":"product_cat-nacelles-ciseaux-et-telescopiques","10":"pa_afmetingen-lxbxh-2500x1220x2360-mm-fr","11":"pa_brandstof-elektrisch-fr","12":"pa_gewicht-2750-kg-fr","13":"pa_hefvermogen-320-kg-fr","14":"pa_platformhoogte-1006-m-fr","15":"pa_werkhoogte-114-m-fr","17":"first","18":"instock","19":"purchasable","20":"product-type-simple"},"acf":[],"_links":{"self":[{"href":"https:\/\/www.euromat.be\/fr\/wp-json\/wp\/v2\/product\/6101","targetHints":{"allow":["GET"]}}],"collection":[{"href":"https:\/\/www.euromat.be\/fr\/wp-json\/wp\/v2\/product"}],"about":[{"href":"https:\/\/www.euromat.be\/fr\/wp-json\/wp\/v2\/types\/product"}],"wp:featuredmedia":[{"embeddable":true,"href":"https:\/\/www.euromat.be\/fr\/wp-json\/wp\/v2\/media\/2541"}],"wp:attachment":[{"href":"https:\/\/www.euromat.be\/fr\/wp-json\/wp\/v2\/media?parent=6101"}],"wp:term":[{"taxonomy":"product_brand","embeddable":true,"href":"https:\/\/www.euromat.be\/fr\/wp-json\/wp\/v2\/product_brand?post=6101"},{"taxonomy":"product_cat","embeddable":true,"href":"https:\/\/www.euromat.be\/fr\/wp-json\/wp\/v2\/product_cat?post=6101"},{"taxonomy":"product_tag","embeddable":true,"href":"https:\/\/www.euromat.be\/fr\/wp-json\/wp\/v2\/product_tag?post=6101"}],"curies":[{"name":"wp","href":"https:\/\/api.w.org\/{rel}","templated":true}]}}