{"id":6103,"date":"2025-09-10T14:04:50","date_gmt":"2025-09-10T12:04:50","guid":{"rendered":"https:\/\/www.euromat.be\/product\/schaarlift-16m-diesel-jlg-rt4769\/"},"modified":"2025-09-11T15:32:53","modified_gmt":"2025-09-11T13:32:53","slug":"nacelles-ciseaux-et-telescopiques-16m-diesel-jlg-rt4769","status":"publish","type":"product","link":"https:\/\/www.euromat.be\/fr\/produit\/nacelles-ciseaux-et-telescopiques-16m-diesel-jlg-rt4769\/","title":{"rendered":"Nacelles ciseaux et t\u00e9lescopiques 16m diesel &#8211; JLG RT4769"},"content":{"rendered":"<section class=\"l-section wpb_row height_auto\"><div class=\"l-section-h i-cf\"><div class=\"g-cols vc_row via_flex valign_top type_default stacking_default\"><div class=\"vc_col-sm-12 wpb_column vc_column_container\"><div class=\"vc_column-inner\"><div class=\"wpb_wrapper\"><div class=\"wpb_text_column\"><div class=\"wpb_wrapper\"><p><strong>JLG Scissor lift 16m Diesel RT4769<\/strong><\/p>\n<p>Nacelle \u00e9l\u00e9vatrice tout-terrain puissante pour les travaux en hauteur<\/p>\n<p>La nacelle \u00e0 ciseaux JLG 16m Diesel RT4769 est la solution id\u00e9ale pour les professionnels \u00e0 la recherche d&rsquo;une nacelle \u00e9l\u00e9vatrice robuste et fiable pour les applications en ext\u00e9rieur. Avec ses quatre roues motrices, ses roues stabilisatrices et sa hauteur de travail impressionnante de 16 m\u00e8tres, cette nacelle \u00e0 ciseaux diesel est parfaite pour les travaux d&rsquo;assemblage complexes, les travaux de fa\u00e7ade ou les t\u00e2ches de maintenance dans des conditions difficiles.<\/p>\n<p><strong>Caract\u00e9ristiques principales :<\/strong><br \/>\n&#8211; Hauteur de travail : 16 m\u00e8tres &#8211; travail en hauteur en toute s\u00e9curit\u00e9<br \/>\n&#8211; Hauteur de la plate-forme : 14,33 m\u00e8tres &#8211; vaste espace de travail en hauteur<br \/>\n&#8211; Capacit\u00e9 de levage : 363 kg &#8211; capacit\u00e9 de charge suffisante pour le personnel et les mat\u00e9riaux<br \/>\n&#8211; Dimensions (lxlxh) : 3530x1760x2770 mm &#8211; construction stable et robuste<br \/>\n&#8211; Poids : 6895 kg &#8211; grande stabilit\u00e9 pendant le travail<br \/>\n&#8211; Roues stabilisatrices : s\u00e9curit\u00e9 accrue sur les terrains accident\u00e9s<br \/>\n&#8211; Moteur diesel et quatre roues motrices : pour des performances optimales sur le terrain<br \/>\n&#8211; Le prix de location de toutes les machines comprend 8 heures de fonctionnement.<br \/>\nsuppl\u00e9mentaires seront factur\u00e9es en fonction de la consommation<\/p>\n<p><strong>Applications :<\/strong><br \/>\nLe JLG RT4769 est id\u00e9al pour les environnements de travail n\u00e9cessitant une grande hauteur de travail et des comp\u00e9tences en mati\u00e8re de terrain. Pensez \u00e0 la r\u00e9novation de fa\u00e7ades, aux structures en acier, aux installations industrielles et aux travaux d&rsquo;entretien en hauteur \u00e0 l&rsquo;ext\u00e9rieur.<\/p>\n<p><strong>Pourquoi choisir Euromat ?<\/strong><\/p>\n<p>\u2714\ufe0f Grande disponibilit\u00e9 des nacelles JLG pour chaque application<br \/>\n\u2714\ufe0f Formules de location sur mesure, des tarifs journaliers aux contrats \u00e0 long terme<br \/>\n\u2714\ufe0f 8 heures de fonctionnement par jour incluses, heures suppl\u00e9mentaires possibles \u00e0 un tarif fixe<br \/>\n\u2714\ufe0f La location inclut des conseils professionnels et une livraison rapide sur site<br \/>\n\u2714\ufe0f Un harnais de s\u00e9curit\u00e9 peut \u00eatre lou\u00e9 en option pour plus de s\u00e9curit\u00e9 en hauteur.<\/p>\n<\/div><\/div><\/div><\/div><\/div><\/div><\/div><\/section>\n","protected":false},"excerpt":{"rendered":"<p>Location de la plate-forme \u00e0 ciseaux JLG RT4769 diesel ? AWP avec une hauteur de travail de 16 m, une capacit\u00e9 de levage de 363 kg, quatre roues motrices et des roues stabilisatrices. Parfait pour les travaux de fa\u00e7ade, la construction m\u00e9tallique et l&rsquo;entretien sur terrain accident\u00e9.<\/p>\n","protected":false},"featured_media":2551,"template":"","meta":{"_acf_changed":false},"product_brand":[1416],"product_cat":[1374,3036,1377],"product_tag":[],"class_list":{"0":"post-6103","1":"product","2":"type-product","3":"status-publish","4":"has-post-thumbnail","6":"product_brand-jlg","7":"product_cat-machines-de-chantier","8":"product_cat-nacelles-ciseaux","9":"product_cat-nacelles-ciseaux-et-telescopiques","10":"pa_afmetingen-lxbxh-3530x1760x2770-mm-fr","11":"pa_brandstof-diesel-fr","12":"pa_gewicht-6895-kg-fr","13":"pa_hefvermogen-363-kg-fr","14":"pa_platformhoogte-1433-m-fr","15":"pa_stabiliserende-wielen-ja-fr","16":"pa_werkhoogte-16-m-fr","18":"first","19":"instock","20":"purchasable","21":"product-type-simple"},"acf":[],"_links":{"self":[{"href":"https:\/\/www.euromat.be\/fr\/wp-json\/wp\/v2\/product\/6103","targetHints":{"allow":["GET"]}}],"collection":[{"href":"https:\/\/www.euromat.be\/fr\/wp-json\/wp\/v2\/product"}],"about":[{"href":"https:\/\/www.euromat.be\/fr\/wp-json\/wp\/v2\/types\/product"}],"wp:featuredmedia":[{"embeddable":true,"href":"https:\/\/www.euromat.be\/fr\/wp-json\/wp\/v2\/media\/2551"}],"wp:attachment":[{"href":"https:\/\/www.euromat.be\/fr\/wp-json\/wp\/v2\/media?parent=6103"}],"wp:term":[{"taxonomy":"product_brand","embeddable":true,"href":"https:\/\/www.euromat.be\/fr\/wp-json\/wp\/v2\/product_brand?post=6103"},{"taxonomy":"product_cat","embeddable":true,"href":"https:\/\/www.euromat.be\/fr\/wp-json\/wp\/v2\/product_cat?post=6103"},{"taxonomy":"product_tag","embeddable":true,"href":"https:\/\/www.euromat.be\/fr\/wp-json\/wp\/v2\/product_tag?post=6103"}],"curies":[{"name":"wp","href":"https:\/\/api.w.org\/{rel}","templated":true}]}}