{"id":6104,"date":"2025-09-10T14:04:50","date_gmt":"2025-09-10T12:04:50","guid":{"rendered":"https:\/\/www.euromat.be\/product\/veiligheidsharnas-gordel\/"},"modified":"2025-09-11T11:35:30","modified_gmt":"2025-09-11T09:35:30","slug":"harnais-ceinture-de-securite","status":"publish","type":"product","link":"https:\/\/www.euromat.be\/fr\/produit\/harnais-ceinture-de-securite\/","title":{"rendered":"Harnais \/ ceinture de s\u00e9curit\u00e9"},"content":{"rendered":"<section class=\"l-section wpb_row height_auto\"><div class=\"l-section-h i-cf\"><div class=\"g-cols vc_row via_flex valign_top type_default stacking_default\"><div class=\"vc_col-sm-12 wpb_column vc_column_container\"><div class=\"vc_column-inner\"><div class=\"wpb_wrapper\"><div class=\"wpb_text_column\"><div class=\"wpb_wrapper\"><p>Ce harnais de s\u00e9curit\u00e9 avec ceinture offre une protection maximale lors des travaux en hauteur. Gr\u00e2ce aux sangles r\u00e9glables et aux fermetures solides, le harnais est confortable et s\u00fbr. Dot\u00e9 de points d&rsquo;attache et d&rsquo;une longe avec mousqueton, ce harnais convient \u00e0 diverses applications sur les chantiers, les toits et les \u00e9chafaudages. Conforme aux normes de s\u00e9curit\u00e9 en vigueur, il est con\u00e7u pour une utilisation quotidienne dans des environnements de travail exigeants.<\/p>\n<\/div><\/div><\/div><\/div><\/div><\/div><\/div><\/section>\n","protected":false},"excerpt":{"rendered":"<p>Harnais de s\u00e9curit\u00e9 confortable avec ceinture, id\u00e9al pour travailler en hauteur en toute s\u00e9curit\u00e9.<\/p>\n","protected":false},"featured_media":3277,"template":"","meta":{"_acf_changed":false},"product_brand":[],"product_cat":[1378,3046,1374],"product_tag":[],"class_list":{"0":"post-6104","1":"product","2":"type-product","3":"status-publish","4":"has-post-thumbnail","6":"product_cat-accessoires-machines-de-chantier","7":"product_cat-harnais-de-securite","8":"product_cat-machines-de-chantier","10":"first","11":"instock","12":"purchasable","13":"product-type-simple"},"acf":[],"_links":{"self":[{"href":"https:\/\/www.euromat.be\/fr\/wp-json\/wp\/v2\/product\/6104","targetHints":{"allow":["GET"]}}],"collection":[{"href":"https:\/\/www.euromat.be\/fr\/wp-json\/wp\/v2\/product"}],"about":[{"href":"https:\/\/www.euromat.be\/fr\/wp-json\/wp\/v2\/types\/product"}],"wp:featuredmedia":[{"embeddable":true,"href":"https:\/\/www.euromat.be\/fr\/wp-json\/wp\/v2\/media\/3277"}],"wp:attachment":[{"href":"https:\/\/www.euromat.be\/fr\/wp-json\/wp\/v2\/media?parent=6104"}],"wp:term":[{"taxonomy":"product_brand","embeddable":true,"href":"https:\/\/www.euromat.be\/fr\/wp-json\/wp\/v2\/product_brand?post=6104"},{"taxonomy":"product_cat","embeddable":true,"href":"https:\/\/www.euromat.be\/fr\/wp-json\/wp\/v2\/product_cat?post=6104"},{"taxonomy":"product_tag","embeddable":true,"href":"https:\/\/www.euromat.be\/fr\/wp-json\/wp\/v2\/product_tag?post=6104"}],"curies":[{"name":"wp","href":"https:\/\/api.w.org\/{rel}","templated":true}]}}