{"id":6109,"date":"2025-09-10T14:04:50","date_gmt":"2025-09-10T12:04:50","guid":{"rendered":"https:\/\/www.euromat.be\/product\/kniktelescoop-20m-diesel-jlg-600aj\/"},"modified":"2025-09-11T11:35:31","modified_gmt":"2025-09-11T09:35:31","slug":"nacelle-telescopique-20m-diesel-jlg-600aj","status":"publish","type":"product","link":"https:\/\/www.euromat.be\/fr\/produit\/nacelle-telescopique-20m-diesel-jlg-600aj\/","title":{"rendered":"Nacelle t\u00e9lescopique 20m diesel &#8211; JLG 600AJ"},"content":{"rendered":"<section class=\"l-section wpb_row height_auto\"><div class=\"l-section-h i-cf\"><div class=\"g-cols vc_row via_flex valign_top type_default stacking_default\"><div class=\"vc_col-sm-12 wpb_column vc_column_container\"><div class=\"vc_column-inner\"><div class=\"wpb_wrapper\"><div class=\"wpb_text_column\"><div class=\"wpb_wrapper\"><p>\u00ab\u00a0<strong>JLG T\u00e9lescope articul\u00e9 20m Diesel 600AJ<\/strong><\/p>\n<p>Port\u00e9e et puissance maximales pour les travaux en hauteur exigeants<\/p>\n<p>Pour les travaux intensifs en hauteur, la nacelle articul\u00e9e JLG 600AJ offre une hauteur de travail exceptionnelle de 20,10 m\u00e8tres et une port\u00e9e lat\u00e9rale impressionnante de 12,12 m\u00e8tres. Cette nacelle \u00e0 moteur diesel est con\u00e7ue pour les environnements industriels difficiles et les terrains accident\u00e9s, o\u00f9 la mobilit\u00e9 et la fiabilit\u00e9 sont cruciales.<\/p>\n<p><strong>Caract\u00e9ristiques principales :<\/strong><br \/>\n&#8211; Hauteur de travail : 20,10 m &#8211; acc\u00e8s s\u00e9curis\u00e9 aux installations et structures de grande hauteur<br \/>\n&#8211; Port\u00e9e : 12,12 m &#8211; large acc\u00e8s horizontal sans repositionnement<br \/>\n&#8211; Entra\u00eenement diesel : performances robustes pour une utilisation en ext\u00e9rieur et sur terrain accident\u00e9<br \/>\n&#8211; Capacit\u00e9 de levage : 227 kg &#8211; convient \u00e0 une personne avec des outils<br \/>\n&#8211; Dimensions (lxlxh) : 8830x2440x2540 mm &#8211; machine stable avec capacit\u00e9 tout-terrain<br \/>\n&#8211; Rotation compl\u00e8te \u00e0 360\u00b0 : pour un positionnement efficace sur le lieu de travail<\/p>\n<p><strong>Applications :<\/strong><br \/>\nId\u00e9al pour les travaux de construction, les installations industrielles, la construction m\u00e9tallique, l&rsquo;entretien des fa\u00e7ades, la peinture et d&rsquo;autres applications professionnelles \u00e0 grande hauteur et avec un acc\u00e8s lat\u00e9ral important.<\/p>\n<p><strong>Pourquoi choisir Euromat ?<\/strong><\/p>\n<p>\u2714\ufe0f Gamme \u00e9tendue de nacelles \u00e9l\u00e9vatrices professionnelles JLG<br \/>\n\u2714\ufe0f Disponibilit\u00e9 rapide et livraison sur site<br \/>\n\u2714\ufe0f Formules de location flexibles pour les projets de courte ou de longue dur\u00e9e<br \/>\n\u2714\ufe0f Assistance technique compl\u00e8te et conseils de s\u00e9curit\u00e9<br \/>\n\u2714\ufe0f Partenaire fiable avec de nombreuses ann\u00e9es d&rsquo;exp\u00e9rience dans la location de machines\u00a0\u00bb<\/p>\n<\/div><\/div><\/div><\/div><\/div><\/div><\/div><\/section>\n","protected":false},"excerpt":{"rendered":"<p>Location de t\u00e9lescope articul\u00e9 JLG 600AJ diesel ? Hauteur de travail de 20,10 m, port\u00e9e de 12,12 m et rotation de 360\u00b0 pour un travail en hauteur puissant et flexible dans des conditions ext\u00e9rieures difficiles. Id\u00e9al pour la construction, l&rsquo;industrie et la maintenance.<\/p>\n","protected":false},"featured_media":2569,"template":"","meta":{"_acf_changed":false},"product_brand":[1416],"product_cat":[1374,3035,1377],"product_tag":[],"class_list":{"0":"post-6109","1":"product","2":"type-product","3":"status-publish","4":"has-post-thumbnail","6":"product_brand-jlg","7":"product_cat-machines-de-chantier","8":"product_cat-nacelle-telescopique","9":"product_cat-nacelles-ciseaux-et-telescopiques","10":"pa_afmetingen-lxbxh-8830x2440x2540-mm-fr","11":"pa_brandstof-diesel-fr","12":"pa_gewicht-10650-kg-fr","13":"pa_hefvermogen-227-kg-fr","14":"pa_platformhoogte-1829-m-fr","15":"pa_reikwijdte-1212-m-fr","16":"pa_werkhoogte-2010-m-fr","18":"first","19":"instock","20":"purchasable","21":"product-type-simple"},"acf":[],"_links":{"self":[{"href":"https:\/\/www.euromat.be\/fr\/wp-json\/wp\/v2\/product\/6109","targetHints":{"allow":["GET"]}}],"collection":[{"href":"https:\/\/www.euromat.be\/fr\/wp-json\/wp\/v2\/product"}],"about":[{"href":"https:\/\/www.euromat.be\/fr\/wp-json\/wp\/v2\/types\/product"}],"wp:featuredmedia":[{"embeddable":true,"href":"https:\/\/www.euromat.be\/fr\/wp-json\/wp\/v2\/media\/2569"}],"wp:attachment":[{"href":"https:\/\/www.euromat.be\/fr\/wp-json\/wp\/v2\/media?parent=6109"}],"wp:term":[{"taxonomy":"product_brand","embeddable":true,"href":"https:\/\/www.euromat.be\/fr\/wp-json\/wp\/v2\/product_brand?post=6109"},{"taxonomy":"product_cat","embeddable":true,"href":"https:\/\/www.euromat.be\/fr\/wp-json\/wp\/v2\/product_cat?post=6109"},{"taxonomy":"product_tag","embeddable":true,"href":"https:\/\/www.euromat.be\/fr\/wp-json\/wp\/v2\/product_tag?post=6109"}],"curies":[{"name":"wp","href":"https:\/\/api.w.org\/{rel}","templated":true}]}}