{"id":6111,"date":"2025-09-10T14:04:29","date_gmt":"2025-09-10T12:04:29","guid":{"rendered":"https:\/\/www.euromat.be\/product\/externe-brandstoftank-995l\/"},"modified":"2025-09-11T11:35:34","modified_gmt":"2025-09-11T09:35:34","slug":"cuve-de-carburant-externe-995l","status":"publish","type":"product","link":"https:\/\/www.euromat.be\/fr\/produit\/cuve-de-carburant-externe-995l\/","title":{"rendered":"Cuve de carburant externe 995l"},"content":{"rendered":"<section class=\"l-section wpb_row height_auto\"><div class=\"l-section-h i-cf\"><div class=\"g-cols vc_row via_flex valign_top type_default stacking_default\"><div class=\"vc_col-sm-12 wpb_column vc_column_container\"><div class=\"vc_column-inner\"><div class=\"wpb_wrapper\"><div class=\"wpb_text_column\"><div class=\"wpb_wrapper\"><p>Le r\u00e9servoir externe de 995 litres est une solution robuste et compacte pour le stockage et l&rsquo;approvisionnement en carburant. Avec un poids \u00e0 vide de 465 kg et des dimensions de 1560x1192x1260 mm, ce r\u00e9servoir est facile \u00e0 transporter et \u00e0 d\u00e9ployer sur diff\u00e9rents chantiers. Il est id\u00e9al pour les projets o\u00f9 l&rsquo;espace disponible est limit\u00e9 et o\u00f9 un approvisionnement fiable en carburant est essentiel.<\/p>\n<\/div><\/div><\/div><\/div><\/div><\/div><\/div><\/section>\n","protected":false},"excerpt":{"rendered":"<p>R\u00e9servoir de carburant externe compact de 995 litres, id\u00e9al pour les petites applications.<\/p>\n","protected":false},"featured_media":2278,"template":"","meta":{"_acf_changed":false},"product_brand":[],"product_cat":[1373,2999,1370],"product_tag":[],"class_list":{"0":"post-6111","1":"product","2":"type-product","3":"status-publish","4":"has-post-thumbnail","6":"product_cat-accessoires-electrogenes-et-mats-declairage","7":"product_cat-cuve-de-carburant","8":"product_cat-groupes-electrogenes-et-eclairage","9":"pa_afmetingen-lxbxh-1560x1192x1260-mm-fr","10":"pa_gewicht-465-kg-leeg-fr","11":"pa_model-995-l-fr","13":"first","14":"instock","15":"purchasable","16":"product-type-simple"},"acf":[],"_links":{"self":[{"href":"https:\/\/www.euromat.be\/fr\/wp-json\/wp\/v2\/product\/6111","targetHints":{"allow":["GET"]}}],"collection":[{"href":"https:\/\/www.euromat.be\/fr\/wp-json\/wp\/v2\/product"}],"about":[{"href":"https:\/\/www.euromat.be\/fr\/wp-json\/wp\/v2\/types\/product"}],"wp:featuredmedia":[{"embeddable":true,"href":"https:\/\/www.euromat.be\/fr\/wp-json\/wp\/v2\/media\/2278"}],"wp:attachment":[{"href":"https:\/\/www.euromat.be\/fr\/wp-json\/wp\/v2\/media?parent=6111"}],"wp:term":[{"taxonomy":"product_brand","embeddable":true,"href":"https:\/\/www.euromat.be\/fr\/wp-json\/wp\/v2\/product_brand?post=6111"},{"taxonomy":"product_cat","embeddable":true,"href":"https:\/\/www.euromat.be\/fr\/wp-json\/wp\/v2\/product_cat?post=6111"},{"taxonomy":"product_tag","embeddable":true,"href":"https:\/\/www.euromat.be\/fr\/wp-json\/wp\/v2\/product_tag?post=6111"}],"curies":[{"name":"wp","href":"https:\/\/api.w.org\/{rel}","templated":true}]}}