{"id":6113,"date":"2025-09-10T14:04:29","date_gmt":"2025-09-10T12:04:29","guid":{"rendered":"https:\/\/www.euromat.be\/product\/externe-brandstoftank-3000l\/"},"modified":"2025-09-11T11:35:36","modified_gmt":"2025-09-11T09:35:36","slug":"cuve-de-carburant-externe-3000l","status":"publish","type":"product","link":"https:\/\/www.euromat.be\/fr\/produit\/cuve-de-carburant-externe-3000l\/","title":{"rendered":"Cuve de carburant externe 3000l"},"content":{"rendered":"<section class=\"l-section wpb_row height_auto\"><div class=\"l-section-h i-cf\"><div class=\"g-cols vc_row via_flex valign_top type_default stacking_default\"><div class=\"vc_col-sm-12 wpb_column vc_column_container\"><div class=\"vc_column-inner\"><div class=\"wpb_wrapper\"><div class=\"wpb_text_column\"><div class=\"wpb_wrapper\"><p>Le r\u00e9servoir de carburant externe de 3000 litres est con\u00e7u pour une utilisation intensive \u00e0 long terme sur les grands chantiers. Gr\u00e2ce \u00e0 son volume g\u00e9n\u00e9reux et \u00e0 sa construction robuste (925 kg, dimensions 2760x1250x1690 mm), ce r\u00e9servoir garantit un approvisionnement constant en carburant. Il est donc particuli\u00e8rement adapt\u00e9 \u00e0 l&rsquo;utilisation \u00e0 long terme de groupes \u00e9lectrog\u00e8nes ou d&rsquo;autres machines consommant du carburant, sans qu&rsquo;il soit n\u00e9cessaire de faire le plein fr\u00e9quemment.<\/p>\n<\/div><\/div><\/div><\/div><\/div><\/div><\/div><\/section>\n","protected":false},"excerpt":{"rendered":"<p>Puissant r\u00e9servoir de carburant externe de 3 000 litres pour une utilisation intensive.<\/p>\n","protected":false},"featured_media":2286,"template":"","meta":{"_acf_changed":false},"product_brand":[],"product_cat":[1373,2999,1370],"product_tag":[],"class_list":{"0":"post-6113","1":"product","2":"type-product","3":"status-publish","4":"has-post-thumbnail","6":"product_cat-accessoires-electrogenes-et-mats-declairage","7":"product_cat-cuve-de-carburant","8":"product_cat-groupes-electrogenes-et-eclairage","9":"pa_afmetingen-lxbxh-2760x1250x1690-mm-fr","10":"pa_gewicht-925-kg-leeg-fr","11":"pa_model-3000-l-fr","13":"first","14":"instock","15":"purchasable","16":"product-type-simple"},"acf":[],"_links":{"self":[{"href":"https:\/\/www.euromat.be\/fr\/wp-json\/wp\/v2\/product\/6113","targetHints":{"allow":["GET"]}}],"collection":[{"href":"https:\/\/www.euromat.be\/fr\/wp-json\/wp\/v2\/product"}],"about":[{"href":"https:\/\/www.euromat.be\/fr\/wp-json\/wp\/v2\/types\/product"}],"wp:featuredmedia":[{"embeddable":true,"href":"https:\/\/www.euromat.be\/fr\/wp-json\/wp\/v2\/media\/2286"}],"wp:attachment":[{"href":"https:\/\/www.euromat.be\/fr\/wp-json\/wp\/v2\/media?parent=6113"}],"wp:term":[{"taxonomy":"product_brand","embeddable":true,"href":"https:\/\/www.euromat.be\/fr\/wp-json\/wp\/v2\/product_brand?post=6113"},{"taxonomy":"product_cat","embeddable":true,"href":"https:\/\/www.euromat.be\/fr\/wp-json\/wp\/v2\/product_cat?post=6113"},{"taxonomy":"product_tag","embeddable":true,"href":"https:\/\/www.euromat.be\/fr\/wp-json\/wp\/v2\/product_tag?post=6113"}],"curies":[{"name":"wp","href":"https:\/\/api.w.org\/{rel}","templated":true}]}}