{"id":6114,"date":"2025-09-10T14:04:29","date_gmt":"2025-09-10T12:04:29","guid":{"rendered":"https:\/\/www.euromat.be\/product\/externe-adblue-brandstoftank-1000l\/"},"modified":"2025-09-11T11:35:36","modified_gmt":"2025-09-11T09:35:36","slug":"reservoir-adblue-externe-1000l","status":"publish","type":"product","link":"https:\/\/www.euromat.be\/fr\/produit\/reservoir-adblue-externe-1000l\/","title":{"rendered":"R\u00e9servoir AdBlue externe 1000l"},"content":{"rendered":"<section class=\"l-section wpb_row height_auto\"><div class=\"l-section-h i-cf\"><div class=\"g-cols vc_row via_flex valign_top type_default stacking_default\"><div class=\"vc_col-sm-12 wpb_column vc_column_container\"><div class=\"vc_column-inner\"><div class=\"wpb_wrapper\"><div class=\"wpb_text_column\"><div class=\"wpb_wrapper\"><p>Le r\u00e9servoir externe d&rsquo;AdBlue de 1000 litres est la solution id\u00e9ale pour le stockage et la distribution d&rsquo;AdBlue, n\u00e9cessaire aux syst\u00e8mes de contr\u00f4le des \u00e9missions. Avec un poids \u00e0 vide de 370 kg et des dimensions compactes (1340x1210x1410 mm), ce r\u00e9servoir est facile \u00e0 d\u00e9ployer sur site. Il est id\u00e9al pour les entreprises qui utilisent des moteurs diesel modernes et qui souhaitent se conformer aux normes d&rsquo;\u00e9mission.<\/p>\n<\/div><\/div><\/div><\/div><\/div><\/div><\/div><\/section>\n","protected":false},"excerpt":{"rendered":"<p>R\u00e9servoir AdBlue de 1000 litres pour les applications de contr\u00f4le des \u00e9missions.<\/p>\n","protected":false},"featured_media":2294,"template":"","meta":{"_acf_changed":false},"product_brand":[],"product_cat":[1373,2999,1370],"product_tag":[],"class_list":{"0":"post-6114","1":"product","2":"type-product","3":"status-publish","4":"has-post-thumbnail","6":"product_cat-accessoires-electrogenes-et-mats-declairage","7":"product_cat-cuve-de-carburant","8":"product_cat-groupes-electrogenes-et-eclairage","9":"pa_afmetingen-lxbxh-1340x1210x1410-mm-fr","10":"pa_gewicht-370-kg-leeg-fr","11":"pa_model-1000-l-fr","13":"first","14":"instock","15":"purchasable","16":"product-type-simple"},"acf":[],"_links":{"self":[{"href":"https:\/\/www.euromat.be\/fr\/wp-json\/wp\/v2\/product\/6114","targetHints":{"allow":["GET"]}}],"collection":[{"href":"https:\/\/www.euromat.be\/fr\/wp-json\/wp\/v2\/product"}],"about":[{"href":"https:\/\/www.euromat.be\/fr\/wp-json\/wp\/v2\/types\/product"}],"wp:featuredmedia":[{"embeddable":true,"href":"https:\/\/www.euromat.be\/fr\/wp-json\/wp\/v2\/media\/2294"}],"wp:attachment":[{"href":"https:\/\/www.euromat.be\/fr\/wp-json\/wp\/v2\/media?parent=6114"}],"wp:term":[{"taxonomy":"product_brand","embeddable":true,"href":"https:\/\/www.euromat.be\/fr\/wp-json\/wp\/v2\/product_brand?post=6114"},{"taxonomy":"product_cat","embeddable":true,"href":"https:\/\/www.euromat.be\/fr\/wp-json\/wp\/v2\/product_cat?post=6114"},{"taxonomy":"product_tag","embeddable":true,"href":"https:\/\/www.euromat.be\/fr\/wp-json\/wp\/v2\/product_tag?post=6114"}],"curies":[{"name":"wp","href":"https:\/\/api.w.org\/{rel}","templated":true}]}}