{"id":6115,"date":"2025-09-10T14:04:29","date_gmt":"2025-09-10T12:04:29","guid":{"rendered":"https:\/\/www.euromat.be\/product\/externe-combi-brandstoftank-2200l-200l-adblue\/"},"modified":"2025-09-11T11:35:36","modified_gmt":"2025-09-11T09:35:36","slug":"combinaison-cuve-de-carburant-externe-2200l-200l-adblue","status":"publish","type":"product","link":"https:\/\/www.euromat.be\/fr\/produit\/combinaison-cuve-de-carburant-externe-2200l-200l-adblue\/","title":{"rendered":"Combinaison cuve de carburant externe 2200l &#038; 200l AdBlue"},"content":{"rendered":"<section class=\"l-section wpb_row height_auto\"><div class=\"l-section-h i-cf\"><div class=\"g-cols vc_row via_flex valign_top type_default stacking_default\"><div class=\"vc_col-sm-12 wpb_column vc_column_container\"><div class=\"vc_column-inner\"><div class=\"wpb_wrapper\"><div class=\"wpb_text_column\"><div class=\"wpb_wrapper\"><p>Le r\u00e9servoir externe combin\u00e9 combine une capacit\u00e9 de 2200 litres de carburant avec un r\u00e9servoir d&rsquo;AdBlue int\u00e9gr\u00e9 de 200 litres, ce qui rend ce syst\u00e8me id\u00e9al pour les applications o\u00f9 le carburant et l&rsquo;AdBlue sont tous deux n\u00e9cessaires. Avec un poids \u00e0 vide de 900 kg et des dimensions de 2906x1192x1510 mm, ce r\u00e9servoir robuste offre une solution tout-en-un pour un approvisionnement efficace en carburant et en AdBlue dans l&rsquo;atelier.<\/p>\n<\/div><\/div><\/div><\/div><\/div><\/div><\/div><\/section>\n","protected":false},"excerpt":{"rendered":"<p>R\u00e9servoir combin\u00e9 avec 2200 litres de carburant et 200 litres d&rsquo;AdBlue en un seul syst\u00e8me.<\/p>\n","protected":false},"featured_media":2290,"template":"","meta":{"_acf_changed":false},"product_brand":[],"product_cat":[1373,2999,1370],"product_tag":[],"class_list":{"0":"post-6115","1":"product","2":"type-product","3":"status-publish","4":"has-post-thumbnail","6":"product_cat-accessoires-electrogenes-et-mats-declairage","7":"product_cat-cuve-de-carburant","8":"product_cat-groupes-electrogenes-et-eclairage","9":"pa_afmetingen-lxbxh-2906x1192x1510-mm-fr","10":"pa_gewicht-900-kg-leeg-fr","11":"pa_model-2200-l-200-l-adblue-fr","13":"first","14":"instock","15":"purchasable","16":"product-type-simple"},"acf":[],"_links":{"self":[{"href":"https:\/\/www.euromat.be\/fr\/wp-json\/wp\/v2\/product\/6115","targetHints":{"allow":["GET"]}}],"collection":[{"href":"https:\/\/www.euromat.be\/fr\/wp-json\/wp\/v2\/product"}],"about":[{"href":"https:\/\/www.euromat.be\/fr\/wp-json\/wp\/v2\/types\/product"}],"wp:featuredmedia":[{"embeddable":true,"href":"https:\/\/www.euromat.be\/fr\/wp-json\/wp\/v2\/media\/2290"}],"wp:attachment":[{"href":"https:\/\/www.euromat.be\/fr\/wp-json\/wp\/v2\/media?parent=6115"}],"wp:term":[{"taxonomy":"product_brand","embeddable":true,"href":"https:\/\/www.euromat.be\/fr\/wp-json\/wp\/v2\/product_brand?post=6115"},{"taxonomy":"product_cat","embeddable":true,"href":"https:\/\/www.euromat.be\/fr\/wp-json\/wp\/v2\/product_cat?post=6115"},{"taxonomy":"product_tag","embeddable":true,"href":"https:\/\/www.euromat.be\/fr\/wp-json\/wp\/v2\/product_tag?post=6115"}],"curies":[{"name":"wp","href":"https:\/\/api.w.org\/{rel}","templated":true}]}}