{"id":6116,"date":"2025-09-10T14:04:29","date_gmt":"2025-09-10T12:04:29","guid":{"rendered":"https:\/\/www.euromat.be\/product\/kabel-op-haspel-40m-230v\/"},"modified":"2025-09-11T11:35:37","modified_gmt":"2025-09-11T09:35:37","slug":"enrouleur-de-cable-40m-230v","status":"publish","type":"product","link":"https:\/\/www.euromat.be\/fr\/produit\/enrouleur-de-cable-40m-230v\/","title":{"rendered":"Enrouleur de c\u00e2ble 40m 230V"},"content":{"rendered":"<section class=\"l-section wpb_row height_auto\"><div class=\"l-section-h i-cf\"><div class=\"g-cols vc_row via_flex valign_top type_default stacking_default\"><div class=\"vc_col-sm-12 wpb_column vc_column_container\"><div class=\"vc_column-inner\"><div class=\"wpb_wrapper\"><div class=\"wpb_text_column\"><div class=\"wpb_wrapper\"><p>Le c\u00e2ble 230V sur enrouleur de 40 m\u00e8tres offre une solution pratique pour l&rsquo;alimentation \u00e9lectrique sur les chantiers et les \u00e9v\u00e9nements. \u00c9quip\u00e9 de 3 prises mono prot\u00e9g\u00e9es et d&rsquo;un c\u00e2ble robuste H07RN-F3G2.5, cet enrouleur peut \u00eatre utilis\u00e9 en toute s\u00e9curit\u00e9 dans diverses conditions. Sa conception compacte le rend facile \u00e0 d\u00e9placer et rapide \u00e0 d\u00e9ployer.<\/p>\n<\/div><\/div><\/div><\/div><\/div><\/div><\/div><\/section>\n","protected":false},"excerpt":{"rendered":"<p>Enrouleur de c\u00e2ble de 40 m\u00e8tres avec 3 prises mono filaires, id\u00e9al pour les applications l\u00e9g\u00e8res.<\/p>\n","protected":false},"featured_media":2428,"template":"","meta":{"_acf_changed":false},"product_brand":[],"product_cat":[1373,3001,1370],"product_tag":[],"class_list":{"0":"post-6116","1":"product","2":"type-product","3":"status-publish","4":"has-post-thumbnail","6":"product_cat-accessoires-electrogenes-et-mats-declairage","7":"product_cat-enrouleur-de-cable","8":"product_cat-groupes-electrogenes-et-eclairage","9":"pa_aansluiting-monophase-fr","10":"pa_aantal-stopcontacten-3x-mono-afgezekerd-fr","11":"pa_lengte-kabel-40-m-fr","12":"pa_model-40m-230v-fr","13":"pa_type-kabel-h07rn-f3g2-5-fr","15":"first","16":"instock","17":"purchasable","18":"product-type-simple"},"acf":[],"_links":{"self":[{"href":"https:\/\/www.euromat.be\/fr\/wp-json\/wp\/v2\/product\/6116","targetHints":{"allow":["GET"]}}],"collection":[{"href":"https:\/\/www.euromat.be\/fr\/wp-json\/wp\/v2\/product"}],"about":[{"href":"https:\/\/www.euromat.be\/fr\/wp-json\/wp\/v2\/types\/product"}],"wp:featuredmedia":[{"embeddable":true,"href":"https:\/\/www.euromat.be\/fr\/wp-json\/wp\/v2\/media\/2428"}],"wp:attachment":[{"href":"https:\/\/www.euromat.be\/fr\/wp-json\/wp\/v2\/media?parent=6116"}],"wp:term":[{"taxonomy":"product_brand","embeddable":true,"href":"https:\/\/www.euromat.be\/fr\/wp-json\/wp\/v2\/product_brand?post=6116"},{"taxonomy":"product_cat","embeddable":true,"href":"https:\/\/www.euromat.be\/fr\/wp-json\/wp\/v2\/product_cat?post=6116"},{"taxonomy":"product_tag","embeddable":true,"href":"https:\/\/www.euromat.be\/fr\/wp-json\/wp\/v2\/product_tag?post=6116"}],"curies":[{"name":"wp","href":"https:\/\/api.w.org\/{rel}","templated":true}]}}