{"id":6117,"date":"2025-09-10T14:04:29","date_gmt":"2025-09-10T12:04:29","guid":{"rendered":"https:\/\/www.euromat.be\/product\/kabel-op-haspel-80m-230v\/"},"modified":"2025-09-11T11:35:37","modified_gmt":"2025-09-11T09:35:37","slug":"enrouleur-de-cable-80m-230v","status":"publish","type":"product","link":"https:\/\/www.euromat.be\/fr\/produit\/enrouleur-de-cable-80m-230v\/","title":{"rendered":"Enrouleur de c\u00e2ble 80m 230V"},"content":{"rendered":"<section class=\"l-section wpb_row height_auto\"><div class=\"l-section-h i-cf\"><div class=\"g-cols vc_row via_flex valign_top type_default stacking_default\"><div class=\"vc_col-sm-12 wpb_column vc_column_container\"><div class=\"vc_column-inner\"><div class=\"wpb_wrapper\"><div class=\"wpb_text_column\"><div class=\"wpb_wrapper\"><p>Le c\u00e2ble 230V de 80 m\u00e8tres sur enrouleur est id\u00e9al pour les applications n\u00e9cessitant une plus grande port\u00e9e. Cet enrouleur robuste comporte 6 prises mono prot\u00e9g\u00e9es, \u00e9quip\u00e9es d&rsquo;un c\u00e2ble H07RN-F3G2.5 pour une s\u00e9curit\u00e9 et une durabilit\u00e9 optimales. Gr\u00e2ce \u00e0 sa longueur suppl\u00e9mentaire, ce c\u00e2ble offre une flexibilit\u00e9 maximale dans les grands ateliers ou les espaces ext\u00e9rieurs.<\/p>\n<\/div><\/div><\/div><\/div><\/div><\/div><\/div><\/section>\n","protected":false},"excerpt":{"rendered":"<p>Enrouleur de c\u00e2ble extra-long de 80 m\u00e8tres avec 6 prises de courant mono pour une utilisation prolong\u00e9e.<\/p>\n","protected":false},"featured_media":2440,"template":"","meta":{"_acf_changed":false},"product_brand":[],"product_cat":[1373,3001,1370],"product_tag":[],"class_list":{"0":"post-6117","1":"product","2":"type-product","3":"status-publish","4":"has-post-thumbnail","6":"product_cat-accessoires-electrogenes-et-mats-declairage","7":"product_cat-enrouleur-de-cable","8":"product_cat-groupes-electrogenes-et-eclairage","9":"pa_aansluiting-monophase-fr","10":"pa_aantal-stopcontacten-6x-mono-afgezekerd-fr","11":"pa_lengte-kabel-80-m-fr","12":"pa_model-80m-230v-fr","13":"pa_type-kabel-h07rn-f3g2-5-fr","15":"first","16":"instock","17":"purchasable","18":"product-type-simple"},"acf":[],"_links":{"self":[{"href":"https:\/\/www.euromat.be\/fr\/wp-json\/wp\/v2\/product\/6117","targetHints":{"allow":["GET"]}}],"collection":[{"href":"https:\/\/www.euromat.be\/fr\/wp-json\/wp\/v2\/product"}],"about":[{"href":"https:\/\/www.euromat.be\/fr\/wp-json\/wp\/v2\/types\/product"}],"wp:featuredmedia":[{"embeddable":true,"href":"https:\/\/www.euromat.be\/fr\/wp-json\/wp\/v2\/media\/2440"}],"wp:attachment":[{"href":"https:\/\/www.euromat.be\/fr\/wp-json\/wp\/v2\/media?parent=6117"}],"wp:term":[{"taxonomy":"product_brand","embeddable":true,"href":"https:\/\/www.euromat.be\/fr\/wp-json\/wp\/v2\/product_brand?post=6117"},{"taxonomy":"product_cat","embeddable":true,"href":"https:\/\/www.euromat.be\/fr\/wp-json\/wp\/v2\/product_cat?post=6117"},{"taxonomy":"product_tag","embeddable":true,"href":"https:\/\/www.euromat.be\/fr\/wp-json\/wp\/v2\/product_tag?post=6117"}],"curies":[{"name":"wp","href":"https:\/\/api.w.org\/{rel}","templated":true}]}}