{"id":6118,"date":"2025-09-10T14:04:29","date_gmt":"2025-09-10T12:04:29","guid":{"rendered":"https:\/\/www.euromat.be\/product\/kabel-op-haspel-30m-230-400v\/"},"modified":"2025-09-11T11:35:37","modified_gmt":"2025-09-11T09:35:37","slug":"enrouleur-de-cable-30m-230-400v","status":"publish","type":"product","link":"https:\/\/www.euromat.be\/fr\/produit\/enrouleur-de-cable-30m-230-400v\/","title":{"rendered":"Enrouleur de c\u00e2ble 30m 230\/400V"},"content":{"rendered":"<section class=\"l-section wpb_row height_auto\"><div class=\"l-section-h i-cf\"><div class=\"g-cols vc_row via_flex valign_top type_default stacking_default\"><div class=\"vc_col-sm-12 wpb_column vc_column_container\"><div class=\"vc_column-inner\"><div class=\"wpb_wrapper\"><div class=\"wpb_text_column\"><div class=\"wpb_wrapper\"><p>Le c\u00e2ble sur enrouleur 30 m\u00e8tres 230\/400V &#8211; 32A est une solution d&rsquo;alimentation polyvalente pour les applications plus lourdes. Cette bobine est \u00e9quip\u00e9e d&rsquo;une prise 32A sans fusible, d&rsquo;une prise prot\u00e9g\u00e9e 16A et de trois prises mono prot\u00e9g\u00e9es. Gr\u00e2ce \u00e0 son c\u00e2ble H07RN-F-5G6, il convient aux applications \u00e9lectriques l\u00e9g\u00e8res et lourdes, o\u00f9 la fiabilit\u00e9 et la s\u00e9curit\u00e9 sont primordiales.<\/p>\n<\/div><\/div><\/div><\/div><\/div><\/div><\/div><\/section>\n","protected":false},"excerpt":{"rendered":"<p>Enrouleur de c\u00e2ble multifonctionnel de 30 m\u00e8tres avec prises 32A et 16A, plus 3 prises mono.<\/p>\n","protected":false},"featured_media":2442,"template":"","meta":{"_acf_changed":false},"product_brand":[],"product_cat":[1373,3001,1370],"product_tag":[],"class_list":{"0":"post-6118","1":"product","2":"type-product","3":"status-publish","4":"has-post-thumbnail","6":"product_cat-accessoires-electrogenes-et-mats-declairage","7":"product_cat-enrouleur-de-cable","8":"product_cat-groupes-electrogenes-et-eclairage","9":"pa_aansluiting-32a-fr","10":"pa_aantal-stopcontacten-1x-32a-niet-afgezekerd-1x-16a-afgezekerd-3x-mono-afgezekerd-fr","11":"pa_lengte-kabel-30-m-fr","12":"pa_model-30m-230-400v-fr","13":"pa_type-kabel-h07rn-f-5g6-fr","15":"first","16":"instock","17":"purchasable","18":"product-type-simple"},"acf":[],"_links":{"self":[{"href":"https:\/\/www.euromat.be\/fr\/wp-json\/wp\/v2\/product\/6118","targetHints":{"allow":["GET"]}}],"collection":[{"href":"https:\/\/www.euromat.be\/fr\/wp-json\/wp\/v2\/product"}],"about":[{"href":"https:\/\/www.euromat.be\/fr\/wp-json\/wp\/v2\/types\/product"}],"wp:featuredmedia":[{"embeddable":true,"href":"https:\/\/www.euromat.be\/fr\/wp-json\/wp\/v2\/media\/2442"}],"wp:attachment":[{"href":"https:\/\/www.euromat.be\/fr\/wp-json\/wp\/v2\/media?parent=6118"}],"wp:term":[{"taxonomy":"product_brand","embeddable":true,"href":"https:\/\/www.euromat.be\/fr\/wp-json\/wp\/v2\/product_brand?post=6118"},{"taxonomy":"product_cat","embeddable":true,"href":"https:\/\/www.euromat.be\/fr\/wp-json\/wp\/v2\/product_cat?post=6118"},{"taxonomy":"product_tag","embeddable":true,"href":"https:\/\/www.euromat.be\/fr\/wp-json\/wp\/v2\/product_tag?post=6118"}],"curies":[{"name":"wp","href":"https:\/\/api.w.org\/{rel}","templated":true}]}}