{"id":6119,"date":"2025-09-10T14:04:29","date_gmt":"2025-09-10T12:04:29","guid":{"rendered":"https:\/\/www.euromat.be\/product\/gasdetectie\/"},"modified":"2025-09-11T11:35:37","modified_gmt":"2025-09-11T09:35:37","slug":"detection-de-gaz","status":"publish","type":"product","link":"https:\/\/www.euromat.be\/fr\/produit\/detection-de-gaz\/","title":{"rendered":"D\u00e9tection de gaz"},"content":{"rendered":"<section class=\"l-section wpb_row height_auto\"><div class=\"l-section-h i-cf\"><div class=\"g-cols vc_row via_flex valign_top type_default stacking_default\"><div class=\"vc_col-sm-12 wpb_column vc_column_container\"><div class=\"vc_column-inner\"><div class=\"wpb_wrapper\"><div class=\"wpb_text_column\"><div class=\"wpb_wrapper\"><p>Le d\u00e9tecteur de gaz est con\u00e7u pour mesurer et signaler en continu la pr\u00e9sence de gaz dangereux. Cet appareil compact et robuste accro\u00eet la s\u00e9curit\u00e9 sur le lieu de travail, en particulier dans les espaces confin\u00e9s ou les environnements o\u00f9 les fuites de gaz pr\u00e9sentent des risques. Son affichage clair et ses fonctions d&rsquo;alarme permettent aux utilisateurs de r\u00e9agir rapidement aux situations dangereuses, ce qui rend le d\u00e9tecteur de gaz indispensable pour travailler en toute s\u00e9curit\u00e9.<\/p>\n<\/div><\/div><\/div><\/div><\/div><\/div><\/div><\/section>\n","protected":false},"excerpt":{"rendered":"<p>D\u00e9tecteur de gaz fiable pour surveiller en toute s\u00e9curit\u00e9 les concentrations de gaz sur le lieu de travail.<\/p>\n","protected":false},"featured_media":3217,"template":"","meta":{"_acf_changed":false},"product_brand":[],"product_cat":[1373,3002,1370],"product_tag":[],"class_list":{"0":"post-6119","1":"product","2":"type-product","3":"status-publish","4":"has-post-thumbnail","6":"product_cat-accessoires-electrogenes-et-mats-declairage","7":"product_cat-detection-de-gaz","8":"product_cat-groupes-electrogenes-et-eclairage","10":"first","11":"instock","12":"purchasable","13":"product-type-simple"},"acf":[],"_links":{"self":[{"href":"https:\/\/www.euromat.be\/fr\/wp-json\/wp\/v2\/product\/6119","targetHints":{"allow":["GET"]}}],"collection":[{"href":"https:\/\/www.euromat.be\/fr\/wp-json\/wp\/v2\/product"}],"about":[{"href":"https:\/\/www.euromat.be\/fr\/wp-json\/wp\/v2\/types\/product"}],"wp:featuredmedia":[{"embeddable":true,"href":"https:\/\/www.euromat.be\/fr\/wp-json\/wp\/v2\/media\/3217"}],"wp:attachment":[{"href":"https:\/\/www.euromat.be\/fr\/wp-json\/wp\/v2\/media?parent=6119"}],"wp:term":[{"taxonomy":"product_brand","embeddable":true,"href":"https:\/\/www.euromat.be\/fr\/wp-json\/wp\/v2\/product_brand?post=6119"},{"taxonomy":"product_cat","embeddable":true,"href":"https:\/\/www.euromat.be\/fr\/wp-json\/wp\/v2\/product_cat?post=6119"},{"taxonomy":"product_tag","embeddable":true,"href":"https:\/\/www.euromat.be\/fr\/wp-json\/wp\/v2\/product_tag?post=6119"}],"curies":[{"name":"wp","href":"https:\/\/api.w.org\/{rel}","templated":true}]}}