{"id":6120,"date":"2025-09-10T14:04:29","date_gmt":"2025-09-10T12:04:29","guid":{"rendered":"https:\/\/www.euromat.be\/product\/veiligheidstransfo-230v-24v-600-va\/"},"modified":"2025-09-11T11:35:36","modified_gmt":"2025-09-11T09:35:36","slug":"transfo-de-securite-230v-24v-600-va","status":"publish","type":"product","link":"https:\/\/www.euromat.be\/fr\/produit\/transfo-de-securite-230v-24v-600-va\/","title":{"rendered":"Transfo de s\u00e9curit\u00e9 230V > 24V 600 VA"},"content":{"rendered":"<section class=\"l-section wpb_row height_auto\"><div class=\"l-section-h i-cf\"><div class=\"g-cols vc_row via_flex valign_top type_default stacking_default\"><div class=\"vc_col-sm-12 wpb_column vc_column_container\"><div class=\"vc_column-inner\"><div class=\"wpb_wrapper\"><div class=\"wpb_text_column\"><div class=\"wpb_wrapper\"><p>Le transformateur de s\u00e9curit\u00e9 230V &gt; 24V 600 VA convertit la tension secteur en une tension de s\u00e9curit\u00e9 de 24V, ce qui r\u00e9duit consid\u00e9rablement le risque de choc \u00e9lectrique. Ce transformateur est donc particuli\u00e8rement adapt\u00e9 aux environnements humides, aux chantiers de construction et aux situations o\u00f9 la s\u00e9curit\u00e9 et la fiabilit\u00e9 sont primordiales. Gr\u00e2ce \u00e0 son bo\u00eetier robuste et \u00e0 sa conception compacte, il est facile \u00e0 d\u00e9placer et id\u00e9al pour diverses applications n\u00e9cessitant une basse tension.<\/p>\n<\/div><\/div><\/div><\/div><\/div><\/div><\/div><\/section>\n","protected":false},"excerpt":{"rendered":"<p>Transformateur de s\u00e9curit\u00e9 compact 230V \u00e0 24V, 600 VA, pour une utilisation s\u00fbre des outils \u00e9lectriques.<\/p>\n","protected":false},"featured_media":3273,"template":"","meta":{"_acf_changed":false},"product_brand":[],"product_cat":[1373,1370,3003],"product_tag":[],"class_list":{"0":"post-6120","1":"product","2":"type-product","3":"status-publish","4":"has-post-thumbnail","6":"product_cat-accessoires-electrogenes-et-mats-declairage","7":"product_cat-groupes-electrogenes-et-eclairage","8":"product_cat-transfo-de-securite","10":"first","11":"instock","12":"purchasable","13":"product-type-simple"},"acf":[],"_links":{"self":[{"href":"https:\/\/www.euromat.be\/fr\/wp-json\/wp\/v2\/product\/6120","targetHints":{"allow":["GET"]}}],"collection":[{"href":"https:\/\/www.euromat.be\/fr\/wp-json\/wp\/v2\/product"}],"about":[{"href":"https:\/\/www.euromat.be\/fr\/wp-json\/wp\/v2\/types\/product"}],"wp:featuredmedia":[{"embeddable":true,"href":"https:\/\/www.euromat.be\/fr\/wp-json\/wp\/v2\/media\/3273"}],"wp:attachment":[{"href":"https:\/\/www.euromat.be\/fr\/wp-json\/wp\/v2\/media?parent=6120"}],"wp:term":[{"taxonomy":"product_brand","embeddable":true,"href":"https:\/\/www.euromat.be\/fr\/wp-json\/wp\/v2\/product_brand?post=6120"},{"taxonomy":"product_cat","embeddable":true,"href":"https:\/\/www.euromat.be\/fr\/wp-json\/wp\/v2\/product_cat?post=6120"},{"taxonomy":"product_tag","embeddable":true,"href":"https:\/\/www.euromat.be\/fr\/wp-json\/wp\/v2\/product_tag?post=6120"}],"curies":[{"name":"wp","href":"https:\/\/api.w.org\/{rel}","templated":true}]}}