{"id":6125,"date":"2025-09-10T14:04:29","date_gmt":"2025-09-10T12:04:29","guid":{"rendered":"https:\/\/www.euromat.be\/product\/elektrische-voedingskabel-16a-230v-20m\/"},"modified":"2025-09-11T11:35:34","modified_gmt":"2025-09-11T09:35:34","slug":"cable-electrique-16a-230v-20m","status":"publish","type":"product","link":"https:\/\/www.euromat.be\/fr\/produit\/cable-electrique-16a-230v-20m\/","title":{"rendered":"C\u00e2ble \u00e9lectrique 16A &#8211; 230V (20m)"},"content":{"rendered":"<section class=\"l-section wpb_row height_auto\"><div class=\"l-section-h i-cf\"><div class=\"g-cols vc_row via_flex valign_top type_default stacking_default\"><div class=\"vc_col-sm-12 wpb_column vc_column_container\"><div class=\"vc_column-inner\"><div class=\"wpb_wrapper\"><div class=\"wpb_text_column\"><div class=\"wpb_wrapper\"><p>Ce c\u00e2ble d&rsquo;alimentation de 20 m\u00e8tres 16A &#8211; 230V permet de brancher en toute s\u00e9curit\u00e9 des appareils \u00e9lectriques et des machines l\u00e9g\u00e8res sur un chantier ou lors d&rsquo;un \u00e9v\u00e9nement. Gr\u00e2ce \u00e0 ses fiches CEE robustes, le c\u00e2ble est fiable et facile \u00e0 utiliser. Le c\u00e2ble est con\u00e7u pour un usage intensif et fournit une alimentation \u00e9lectrique stable.<\/p>\n<\/div><\/div><\/div><\/div><\/div><\/div><\/div><\/section>\n","protected":false},"excerpt":{"rendered":"<p>C\u00e2ble d&rsquo;alimentation robuste 16A &#8211; 230V, 20 m\u00e8tres de long, id\u00e9al pour une alimentation standard.<\/p>\n","protected":false},"featured_media":2430,"template":"","meta":{"_acf_changed":false},"product_brand":[],"product_cat":[1373,3000,1370],"product_tag":[],"class_list":{"0":"post-6125","1":"product","2":"type-product","3":"status-publish","4":"has-post-thumbnail","6":"product_cat-accessoires-electrogenes-et-mats-declairage","7":"product_cat-cable-electrique","8":"product_cat-groupes-electrogenes-et-eclairage","9":"pa_model-16a-230v-20m-fr","11":"first","12":"instock","13":"purchasable","14":"product-type-simple"},"acf":[],"_links":{"self":[{"href":"https:\/\/www.euromat.be\/fr\/wp-json\/wp\/v2\/product\/6125","targetHints":{"allow":["GET"]}}],"collection":[{"href":"https:\/\/www.euromat.be\/fr\/wp-json\/wp\/v2\/product"}],"about":[{"href":"https:\/\/www.euromat.be\/fr\/wp-json\/wp\/v2\/types\/product"}],"wp:featuredmedia":[{"embeddable":true,"href":"https:\/\/www.euromat.be\/fr\/wp-json\/wp\/v2\/media\/2430"}],"wp:attachment":[{"href":"https:\/\/www.euromat.be\/fr\/wp-json\/wp\/v2\/media?parent=6125"}],"wp:term":[{"taxonomy":"product_brand","embeddable":true,"href":"https:\/\/www.euromat.be\/fr\/wp-json\/wp\/v2\/product_brand?post=6125"},{"taxonomy":"product_cat","embeddable":true,"href":"https:\/\/www.euromat.be\/fr\/wp-json\/wp\/v2\/product_cat?post=6125"},{"taxonomy":"product_tag","embeddable":true,"href":"https:\/\/www.euromat.be\/fr\/wp-json\/wp\/v2\/product_tag?post=6125"}],"curies":[{"name":"wp","href":"https:\/\/api.w.org\/{rel}","templated":true}]}}