{"id":6127,"date":"2025-09-10T14:04:29","date_gmt":"2025-09-10T12:04:29","guid":{"rendered":"https:\/\/www.euromat.be\/product\/elektrische-voedingskabel-32a-400v-20m\/"},"modified":"2025-09-11T11:35:34","modified_gmt":"2025-09-11T09:35:34","slug":"cable-electrique-32a-400v-20m","status":"publish","type":"product","link":"https:\/\/www.euromat.be\/fr\/produit\/cable-electrique-32a-400v-20m\/","title":{"rendered":"C\u00e2ble \u00e9lectrique 32A &#8211; 400v (20m)"},"content":{"rendered":"<section class=\"l-section wpb_row height_auto\"><div class=\"l-section-h i-cf\"><div class=\"g-cols vc_row via_flex valign_top type_default stacking_default\"><div class=\"vc_col-sm-12 wpb_column vc_column_container\"><div class=\"vc_column-inner\"><div class=\"wpb_wrapper\"><div class=\"wpb_text_column\"><div class=\"wpb_wrapper\"><p>Ce c\u00e2ble d&rsquo;alimentation 32A &#8211; 400V d&rsquo;une longueur de 20 m\u00e8tres est parfait pour le raccordement d&rsquo;appareils et de machines plus lourds. Gr\u00e2ce aux solides fiches CEE \u00e0 5 p\u00f4les, le c\u00e2ble offre une alimentation \u00e9lectrique fiable et s\u00fbre sur les chantiers de construction ou les installations industrielles.<\/p>\n<\/div><\/div><\/div><\/div><\/div><\/div><\/div><\/section>\n","protected":false},"excerpt":{"rendered":"<p>C\u00e2ble d&rsquo;alimentation \u00e0 usage intensif 32A &#8211; 400V, 20 m\u00e8tres, adapt\u00e9 aux consommateurs de puissance moyenne.<\/p>\n","protected":false},"featured_media":2434,"template":"","meta":{"_acf_changed":false},"product_brand":[],"product_cat":[1373,3000,1370],"product_tag":[],"class_list":{"0":"post-6127","1":"product","2":"type-product","3":"status-publish","4":"has-post-thumbnail","6":"product_cat-accessoires-electrogenes-et-mats-declairage","7":"product_cat-cable-electrique","8":"product_cat-groupes-electrogenes-et-eclairage","9":"pa_model-32a-400v-20m-fr","11":"first","12":"instock","13":"purchasable","14":"product-type-simple"},"acf":[],"_links":{"self":[{"href":"https:\/\/www.euromat.be\/fr\/wp-json\/wp\/v2\/product\/6127","targetHints":{"allow":["GET"]}}],"collection":[{"href":"https:\/\/www.euromat.be\/fr\/wp-json\/wp\/v2\/product"}],"about":[{"href":"https:\/\/www.euromat.be\/fr\/wp-json\/wp\/v2\/types\/product"}],"wp:featuredmedia":[{"embeddable":true,"href":"https:\/\/www.euromat.be\/fr\/wp-json\/wp\/v2\/media\/2434"}],"wp:attachment":[{"href":"https:\/\/www.euromat.be\/fr\/wp-json\/wp\/v2\/media?parent=6127"}],"wp:term":[{"taxonomy":"product_brand","embeddable":true,"href":"https:\/\/www.euromat.be\/fr\/wp-json\/wp\/v2\/product_brand?post=6127"},{"taxonomy":"product_cat","embeddable":true,"href":"https:\/\/www.euromat.be\/fr\/wp-json\/wp\/v2\/product_cat?post=6127"},{"taxonomy":"product_tag","embeddable":true,"href":"https:\/\/www.euromat.be\/fr\/wp-json\/wp\/v2\/product_tag?post=6127"}],"curies":[{"name":"wp","href":"https:\/\/api.w.org\/{rel}","templated":true}]}}