{"id":6128,"date":"2025-09-10T14:04:29","date_gmt":"2025-09-10T12:04:29","guid":{"rendered":"https:\/\/www.euromat.be\/product\/elektrische-voedingskabel-63a-400v-20m\/"},"modified":"2025-09-11T11:35:35","modified_gmt":"2025-09-11T09:35:35","slug":"cable-electrique-63a-400v-20m","status":"publish","type":"product","link":"https:\/\/www.euromat.be\/fr\/produit\/cable-electrique-63a-400v-20m\/","title":{"rendered":"C\u00e2ble \u00e9lectrique 63A &#8211; 400v (20m)"},"content":{"rendered":"<section class=\"l-section wpb_row height_auto\"><div class=\"l-section-h i-cf\"><div class=\"g-cols vc_row via_flex valign_top type_default stacking_default\"><div class=\"vc_col-sm-12 wpb_column vc_column_container\"><div class=\"vc_column-inner\"><div class=\"wpb_wrapper\"><div class=\"wpb_text_column\"><div class=\"wpb_wrapper\"><p>Le c\u00e2ble d&rsquo;alimentation 63A &#8211; 400V de 20 m\u00e8tres est con\u00e7u pour les applications \u00e0 haute puissance et le raccordement de machines lourdes. \u00c9quip\u00e9 de fiches CEE robustes, ce c\u00e2ble garantit une connexion s\u00fbre et stable, m\u00eame dans des conditions exigeantes telles que les grands chantiers de construction et les \u00e9v\u00e9nements.<\/p>\n<\/div><\/div><\/div><\/div><\/div><\/div><\/div><\/section>\n","protected":false},"excerpt":{"rendered":"<p>C\u00e2ble d&rsquo;alimentation puissant 63A &#8211; 400V, 20 m\u00e8tres, pour les applications lourdes.<\/p>\n","protected":false},"featured_media":2436,"template":"","meta":{"_acf_changed":false},"product_brand":[],"product_cat":[1373,3000,1370],"product_tag":[],"class_list":{"0":"post-6128","1":"product","2":"type-product","3":"status-publish","4":"has-post-thumbnail","6":"product_cat-accessoires-electrogenes-et-mats-declairage","7":"product_cat-cable-electrique","8":"product_cat-groupes-electrogenes-et-eclairage","9":"pa_model-63a-400v-20m-fr","11":"first","12":"instock","13":"purchasable","14":"product-type-simple"},"acf":[],"_links":{"self":[{"href":"https:\/\/www.euromat.be\/fr\/wp-json\/wp\/v2\/product\/6128","targetHints":{"allow":["GET"]}}],"collection":[{"href":"https:\/\/www.euromat.be\/fr\/wp-json\/wp\/v2\/product"}],"about":[{"href":"https:\/\/www.euromat.be\/fr\/wp-json\/wp\/v2\/types\/product"}],"wp:featuredmedia":[{"embeddable":true,"href":"https:\/\/www.euromat.be\/fr\/wp-json\/wp\/v2\/media\/2436"}],"wp:attachment":[{"href":"https:\/\/www.euromat.be\/fr\/wp-json\/wp\/v2\/media?parent=6128"}],"wp:term":[{"taxonomy":"product_brand","embeddable":true,"href":"https:\/\/www.euromat.be\/fr\/wp-json\/wp\/v2\/product_brand?post=6128"},{"taxonomy":"product_cat","embeddable":true,"href":"https:\/\/www.euromat.be\/fr\/wp-json\/wp\/v2\/product_cat?post=6128"},{"taxonomy":"product_tag","embeddable":true,"href":"https:\/\/www.euromat.be\/fr\/wp-json\/wp\/v2\/product_tag?post=6128"}],"curies":[{"name":"wp","href":"https:\/\/api.w.org\/{rel}","templated":true}]}}