{"id":6130,"date":"2025-09-10T14:04:29","date_gmt":"2025-09-10T12:04:29","guid":{"rendered":"https:\/\/www.euromat.be\/product\/elektrische-voedingskabel-2pa-16a-cee-24-volt-25m\/"},"modified":"2025-09-11T11:35:35","modified_gmt":"2025-09-11T09:35:35","slug":"cable-electrique-2pa-16a-cee-24-volt-25m","status":"publish","type":"product","link":"https:\/\/www.euromat.be\/fr\/produit\/cable-electrique-2pa-16a-cee-24-volt-25m\/","title":{"rendered":"C\u00e2ble \u00e9lectrique 2P+A 16A &#8211; CEE 24 Volt (25m)"},"content":{"rendered":"<section class=\"l-section wpb_row height_auto\"><div class=\"l-section-h i-cf\"><div class=\"g-cols vc_row via_flex valign_top type_default stacking_default\"><div class=\"vc_col-sm-12 wpb_column vc_column_container\"><div class=\"vc_column-inner\"><div class=\"wpb_wrapper\"><div class=\"wpb_text_column\"><div class=\"wpb_wrapper\"><p>Le c\u00e2ble d&rsquo;alimentation CEE 2P+A 16A de 25 m\u00e8tres est con\u00e7u pour les connexions \u00e0 basse tension (24V). Ce c\u00e2ble offre une s\u00e9curit\u00e9 maximale lors de l&rsquo;utilisation d&rsquo;\u00e9clairages, d&rsquo;outils ou d&rsquo;autres appareils fonctionnant \u00e0 24V. Gr\u00e2ce \u00e0 sa construction robuste et \u00e0 ses fiches CEE, le c\u00e2ble peut r\u00e9sister \u00e0 une utilisation intensive sur les chantiers et lors d&rsquo;\u00e9v\u00e9nements.<\/p>\n<\/div><\/div><\/div><\/div><\/div><\/div><\/div><\/section>\n","protected":false},"excerpt":{"rendered":"<p>C\u00e2ble de rallonge 16A &#8211; 24V, 25 m\u00e8tres, sp\u00e9cialement pour les applications basse tension.<\/p>\n","protected":false},"featured_media":2444,"template":"","meta":{"_acf_changed":false},"product_brand":[],"product_cat":[1373,3000,1370],"product_tag":[],"class_list":{"0":"post-6130","1":"product","2":"type-product","3":"status-publish","4":"has-post-thumbnail","6":"product_cat-accessoires-electrogenes-et-mats-declairage","7":"product_cat-cable-electrique","8":"product_cat-groupes-electrogenes-et-eclairage","9":"pa_model-2pa-cee-24v-25m-fr","11":"first","12":"instock","13":"purchasable","14":"product-type-simple"},"acf":[],"_links":{"self":[{"href":"https:\/\/www.euromat.be\/fr\/wp-json\/wp\/v2\/product\/6130","targetHints":{"allow":["GET"]}}],"collection":[{"href":"https:\/\/www.euromat.be\/fr\/wp-json\/wp\/v2\/product"}],"about":[{"href":"https:\/\/www.euromat.be\/fr\/wp-json\/wp\/v2\/types\/product"}],"wp:featuredmedia":[{"embeddable":true,"href":"https:\/\/www.euromat.be\/fr\/wp-json\/wp\/v2\/media\/2444"}],"wp:attachment":[{"href":"https:\/\/www.euromat.be\/fr\/wp-json\/wp\/v2\/media?parent=6130"}],"wp:term":[{"taxonomy":"product_brand","embeddable":true,"href":"https:\/\/www.euromat.be\/fr\/wp-json\/wp\/v2\/product_brand?post=6130"},{"taxonomy":"product_cat","embeddable":true,"href":"https:\/\/www.euromat.be\/fr\/wp-json\/wp\/v2\/product_cat?post=6130"},{"taxonomy":"product_tag","embeddable":true,"href":"https:\/\/www.euromat.be\/fr\/wp-json\/wp\/v2\/product_tag?post=6130"}],"curies":[{"name":"wp","href":"https:\/\/api.w.org\/{rel}","templated":true}]}}