{"id":6132,"date":"2025-09-10T14:03:58","date_gmt":"2025-09-10T12:03:58","guid":{"rendered":"https:\/\/www.euromat.be\/product\/euromair-minijet-120\/"},"modified":"2025-10-29T11:20:54","modified_gmt":"2025-10-29T10:20:54","slug":"euromair-minijet-120","status":"publish","type":"product","link":"https:\/\/www.euromat.be\/fr\/produit\/euromair-minijet-120\/","title":{"rendered":"Euromair Minijet 120"},"content":{"rendered":"<section class=\"l-section wpb_row height_auto\"><div class=\"l-section-h i-cf\"><div class=\"g-cols vc_row via_flex valign_top type_default stacking_default\"><div class=\"vc_col-sm-12 wpb_column vc_column_container\"><div class=\"vc_column-inner\"><div class=\"wpb_wrapper\"><div class=\"wpb_text_column\"><div class=\"wpb_wrapper\"><p><strong>Euromair Minijet 120 &#8211; Machine compacte de pulv\u00e9risation \u00e0 haute pression pour les charges et les rev\u00eatements<\/strong><\/p>\n<p>Solution de pulv\u00e9risation puissante et flexible d&rsquo;Euromair pour la finition des int\u00e9rieurs et des fa\u00e7ades<br \/>\nL&rsquo;Euromair Minijet 120 est un pulv\u00e9risateur haute pression compact mais extr\u00eamement puissant, sp\u00e9cialement con\u00e7u pour la pulv\u00e9risation de mastics, de bitumes et de poudres de remplissage. Gr\u00e2ce \u00e0 la pompe JET 2, \u00e0 un d\u00e9bit de produit maximal de 6 litres par minute et \u00e0 une pression de service allant jusqu&rsquo;\u00e0 120 bars, cette machine convient \u00e0 de nombreuses applications professionnelles dans le secteur de la construction. Sa taille compacte et sa construction robuste rendent cette machine Euromair particuli\u00e8rement conviviale sur les petits et grands chantiers.<\/p>\n<p><strong>Caract\u00e9ristiques principales :<\/strong><br \/>\n&#8211; Capacit\u00e9 : 57 litres &#8211; longue dur\u00e9e de travail sans interruption<br \/>\n&#8211; D\u00e9bit de produit : jusqu&rsquo;\u00e0 6 L\/min &#8211; grande efficacit\u00e9 de pulv\u00e9risation<br \/>\n&#8211; Pompe : puissante Euromair JET 2 &#8211; performance fiable<br \/>\n&#8211; Pression de service maximale : 120 bars &#8211; pour une pulv\u00e9risation uniforme et puissante<br \/>\n&#8211; Puissance du moteur : 2,2 kW &#8211; rapport puissance\/\u00e9nergie optimal<br \/>\n&#8211; Alimentation \u00e9lectrique : 230 V \/ 50-60 Hz &#8211; utilisation universelle sur tous les chantiers<br \/>\n&#8211; Dimensions : 1130 x 610 x 780 mm &#8211; compact et facilement d\u00e9pla\u00e7able<br \/>\n&#8211; Poids : 62 kg &#8211; robuste et mobile<\/p>\n<p><strong>Applications :<\/strong><br \/>\nParfait pour les applications int\u00e9rieures et ext\u00e9rieures telles que la pulv\u00e9risation de mastic, d&rsquo;enduits, de poudres de remplissage et de bitume dans les projets de r\u00e9novation et de nouvelle construction.<\/p>\n<p><strong>A propos de la marque Euromair :<\/strong><br \/>\nLe fabricant fran\u00e7ais Euromair se concentre sur les \u00e9quipements professionnels pour l&rsquo;application de mastics, de bitume et d&rsquo;autres mat\u00e9riaux de construction. Par le biais de ses marques Europe Projection et Euromair Distribution, il propose des solutions innovantes pour l&rsquo;application de peinture et de mastic. L&rsquo;objectif d&rsquo;Euromair est de fournir des pulv\u00e9risateurs de haute qualit\u00e9 adapt\u00e9s aux besoins changeants du march\u00e9 professionnel. Gr\u00e2ce \u00e0 sa fiabilit\u00e9, sa qualit\u00e9 et son approche ax\u00e9e sur le service, Euromair est un partenaire solide dans la vaste gamme de machines d&rsquo;Euromat.<\/p>\n<p><strong>Pourquoi choisir Euromat et Euromair ?<\/strong><\/p>\n<p>\u2714\ufe0f Technologie de pulv\u00e9risation Euromair imm\u00e9diatement disponible<br \/>\n\u2714\ufe0f Des conditions de location flexibles adapt\u00e9es \u00e0 vos besoins<br \/>\n\u2714\ufe0f Assistance technique et conseils des sp\u00e9cialistes d&rsquo;Euromat<\/p>\n<\/div><\/div><\/div><\/div><\/div><\/div><\/div><\/section>\n","protected":false},"excerpt":{"rendered":"<p>Louer Euromair Polymair 4 ? Pulv\u00e9risateur \u00e9lectrique compact pour fillers, bitumes et poudres. Capacit\u00e9 jusqu&rsquo;\u00e0 4 kg\/min, pression de travail de 30 bars et r\u00e9servoir de 32 litres. Id\u00e9al pour les applications int\u00e9rieures et ext\u00e9rieures dans la construction et la r\u00e9novation.<\/p>\n","protected":false},"featured_media":2927,"template":"","meta":{"_acf_changed":false},"product_brand":[1407],"product_cat":[2986,1369,1365],"product_tag":[],"class_list":{"0":"post-6132","1":"product","2":"type-product","3":"status-publish","4":"has-post-thumbnail","6":"product_brand-euromair","7":"product_cat-materiel-de-projection","8":"product_cat-materiels-de-peinture","9":"product_cat-traitement-de-surface","10":"pa_afmetingen-lxbxh-1130x610x780-mm-fr","11":"pa_capaciteit-57-l-fr","12":"pa_gewicht-62-kg-fr","13":"pa_motorvermogen-22-kw-fr","14":"pa_pomp-jet-2-fr","15":"pa_productstroom-6-l-min-fr","16":"pa_stroomvoorziening-230-v-50-60-hz","17":"pa_werkdruk-tot-120-bar-fr","19":"first","20":"instock","21":"purchasable","22":"product-type-simple"},"acf":[],"_links":{"self":[{"href":"https:\/\/www.euromat.be\/fr\/wp-json\/wp\/v2\/product\/6132","targetHints":{"allow":["GET"]}}],"collection":[{"href":"https:\/\/www.euromat.be\/fr\/wp-json\/wp\/v2\/product"}],"about":[{"href":"https:\/\/www.euromat.be\/fr\/wp-json\/wp\/v2\/types\/product"}],"wp:featuredmedia":[{"embeddable":true,"href":"https:\/\/www.euromat.be\/fr\/wp-json\/wp\/v2\/media\/2927"}],"wp:attachment":[{"href":"https:\/\/www.euromat.be\/fr\/wp-json\/wp\/v2\/media?parent=6132"}],"wp:term":[{"taxonomy":"product_brand","embeddable":true,"href":"https:\/\/www.euromat.be\/fr\/wp-json\/wp\/v2\/product_brand?post=6132"},{"taxonomy":"product_cat","embeddable":true,"href":"https:\/\/www.euromat.be\/fr\/wp-json\/wp\/v2\/product_cat?post=6132"},{"taxonomy":"product_tag","embeddable":true,"href":"https:\/\/www.euromat.be\/fr\/wp-json\/wp\/v2\/product_tag?post=6132"}],"curies":[{"name":"wp","href":"https:\/\/api.w.org\/{rel}","templated":true}]}}