{"id":6135,"date":"2025-09-10T14:03:58","date_gmt":"2025-09-10T12:03:58","guid":{"rendered":"https:\/\/www.euromat.be\/product\/wiwa-fleximix-2-professional-gx\/"},"modified":"2025-10-29T11:12:45","modified_gmt":"2025-10-29T10:12:45","slug":"wiwa-fleximix-2-professional-gx","status":"publish","type":"product","link":"https:\/\/www.euromat.be\/fr\/produit\/wiwa-fleximix-2-professional-gx\/","title":{"rendered":"Wiwa Fleximix 2 professional GX"},"content":{"rendered":"<section class=\"l-section wpb_row height_auto\"><div class=\"l-section-h i-cf\"><div class=\"g-cols vc_row via_flex valign_top type_default stacking_default\"><div class=\"vc_col-sm-12 wpb_column vc_column_container\"><div class=\"vc_column-inner\"><div class=\"wpb_wrapper\"><div class=\"wpb_text_column\"><div class=\"wpb_wrapper\"><p><strong>Wiwa Fleximix 2 Professional GX<\/strong><\/p>\n<p>Pompe \u00e0 piston pneumatique airless durable pour une utilisation professionnelle<\/p>\n<p>Le Wiwa Fleximix 2 Professional GX est un pulv\u00e9risateur 2K robuste, enti\u00e8rement m\u00e9tallique, con\u00e7u pour une utilisation intensive dans le domaine du traitement de surface et de la r\u00e9novation. Gr\u00e2ce \u00e0 ses pompes \u00e0 mat\u00e9riaux de longue dur\u00e9e, n\u00e9cessitant peu d&rsquo;entretien, et \u00e0 une distribution d&rsquo;air optimis\u00e9e, ce Wiwa Fleximix travaille de mani\u00e8re extr\u00eamement efficace, avec moins de bruit et un risque de givrage r\u00e9duit lors d&rsquo;un fonctionnement continu.<\/p>\n<p><strong>Caract\u00e9ristiques principales :<\/strong><br \/>\n&#8211; Pression maximale de l&rsquo;air entrant de 7 ou 8 bars pour des performances \u00e9lev\u00e9es<br \/>\n&#8211; Rapport de pression allant de 27:1 \u00e0 63:1, adapt\u00e9 \u00e0 diverses applications<br \/>\n&#8211; Construction tout acier pour une durabilit\u00e9 maximale<br \/>\n&#8211; Distribution d&rsquo;air optimis\u00e9e pour r\u00e9duire le bruit et le givrage pendant le fonctionnement \u00e0 long terme<br \/>\n&#8211; Faibles co\u00fbts d&rsquo;exploitation gr\u00e2ce \u00e0 des pompes \u00e0 mat\u00e9riaux n\u00e9cessitant peu d&rsquo;entretien et ayant une longue dur\u00e9e de vie.<\/p>\n<p><strong>Applications :<\/strong><br \/>\nLe Wiwa Fleximix 2 Professional GX est id\u00e9al pour la pulv\u00e9risation pneumatique sans air dans le secteur de la construction et de la r\u00e9novation. Il convient pour l&rsquo;application de rev\u00eatements et de finitions sur les fa\u00e7ades, les surfaces industrielles et d&rsquo;autres projets de grande envergure.<\/p>\n<p><strong>Pourquoi choisir Euromat ?<\/strong><\/p>\n<p>\u2714\ufe0f Des conseils sp\u00e9cialis\u00e9s et un accompagnement dans votre choix<br \/>\n\u2714\ufe0f Livraison et service rapides dans toute la Belgique<br \/>\n\u2714\ufe0f Assistance professionnelle lors de l&rsquo;installation et de l&rsquo;utilisation<\/p>\n<\/div><\/div><\/div><\/div><\/div><\/div><\/div><\/section>\n","protected":false},"excerpt":{"rendered":"<p>Louer Wiwa Fleximix 2 Professional GX ? Pompe \u00e0 piston pneumatique airless 2K durable, enti\u00e8rement en acier, avec un rapport de pression de 27:1 \u00e0 63:1. Peu d&rsquo;entretien, peu de bruit et id\u00e9ale pour les applications de construction et de r\u00e9novation intensives.<\/p>\n","protected":false},"featured_media":3567,"template":"","meta":{"_acf_changed":false},"product_brand":[1433],"product_cat":[1369,2982,1365],"product_tag":[],"class_list":{"0":"post-6135","1":"product","2":"type-product","3":"status-publish","4":"has-post-thumbnail","6":"product_brand-wiwa","7":"product_cat-materiels-de-peinture","8":"product_cat-pompe-a-piston-airless-pneumatique","9":"product_cat-traitement-de-surface","10":"pa_drukverhouding-27-1-63-1-fr","11":"pa_max-inkomende-luchtdruk-7-8-bar-fr","12":"pa_uitvoering-staal-fr","13":"pa_werkdruk-460-bar-fr","15":"first","16":"instock","17":"purchasable","18":"product-type-simple"},"acf":[],"_links":{"self":[{"href":"https:\/\/www.euromat.be\/fr\/wp-json\/wp\/v2\/product\/6135","targetHints":{"allow":["GET"]}}],"collection":[{"href":"https:\/\/www.euromat.be\/fr\/wp-json\/wp\/v2\/product"}],"about":[{"href":"https:\/\/www.euromat.be\/fr\/wp-json\/wp\/v2\/types\/product"}],"wp:featuredmedia":[{"embeddable":true,"href":"https:\/\/www.euromat.be\/fr\/wp-json\/wp\/v2\/media\/3567"}],"wp:attachment":[{"href":"https:\/\/www.euromat.be\/fr\/wp-json\/wp\/v2\/media?parent=6135"}],"wp:term":[{"taxonomy":"product_brand","embeddable":true,"href":"https:\/\/www.euromat.be\/fr\/wp-json\/wp\/v2\/product_brand?post=6135"},{"taxonomy":"product_cat","embeddable":true,"href":"https:\/\/www.euromat.be\/fr\/wp-json\/wp\/v2\/product_cat?post=6135"},{"taxonomy":"product_tag","embeddable":true,"href":"https:\/\/www.euromat.be\/fr\/wp-json\/wp\/v2\/product_tag?post=6135"}],"curies":[{"name":"wp","href":"https:\/\/api.w.org\/{rel}","templated":true}]}}