{"id":6151,"date":"2025-09-10T14:03:32","date_gmt":"2025-09-10T12:03:32","guid":{"rendered":"https:\/\/www.euromat.be\/product\/luchtslang-slu10x20m\/"},"modified":"2025-09-11T11:35:43","modified_gmt":"2025-09-11T09:35:43","slug":"tuyau-dair-slu10x20m-casque","status":"publish","type":"product","link":"https:\/\/www.euromat.be\/fr\/produit\/tuyau-dair-slu10x20m-casque\/","title":{"rendered":"Tuyau d&rsquo;air SLU10x20m casque"},"content":{"rendered":"<section class=\"l-section wpb_row height_auto\"><div class=\"l-section-h i-cf\"><div class=\"g-cols vc_row via_flex valign_top type_default stacking_default\"><div class=\"vc_col-sm-12 wpb_column vc_column_container\"><div class=\"vc_column-inner\"><div class=\"wpb_wrapper\"><div class=\"wpb_text_column\"><div class=\"wpb_wrapper\"><p>Le tuyau d&rsquo;air SLU10 (20 m) est un tuyau d&rsquo;air durable et flexible con\u00e7u pour une alimentation stable et s\u00fbre en air comprim\u00e9 dans diverses applications industrielles. Gr\u00e2ce \u00e0 sa construction solide, le tuyau r\u00e9siste \u00e0 une utilisation intensive et \u00e0 une pression d&rsquo;air \u00e9lev\u00e9e, tandis que sa longueur de 20 m\u00e8tres garantit une libert\u00e9 de mouvement optimale dans l&rsquo;atelier. Il est id\u00e9al pour raccorder des \u00e9quipements de sablage ou d&rsquo;autres outils pneumatiques pour lesquels la fiabilit\u00e9 et la flexibilit\u00e9 sont essentielles.<\/p>\n<\/div><\/div><\/div><\/div><\/div><\/div><\/div><\/section>\n","protected":false},"excerpt":{"rendered":"<p>SLU10 Tuyau d&rsquo;air flexible de 20 m\u00e8tres pour une alimentation fiable en air comprim\u00e9.<\/p>\n","protected":false},"featured_media":3455,"template":"","meta":{"_acf_changed":false},"product_brand":[],"product_cat":[1368,1365,2974],"product_tag":[],"class_list":{"0":"post-6151","1":"product","2":"type-product","3":"status-publish","4":"has-post-thumbnail","6":"product_cat-accessoires-traitement-de-surface","7":"product_cat-traitement-de-surface","8":"product_cat-tuyaux-dair","10":"first","11":"instock","12":"purchasable","13":"product-type-simple"},"acf":[],"_links":{"self":[{"href":"https:\/\/www.euromat.be\/fr\/wp-json\/wp\/v2\/product\/6151","targetHints":{"allow":["GET"]}}],"collection":[{"href":"https:\/\/www.euromat.be\/fr\/wp-json\/wp\/v2\/product"}],"about":[{"href":"https:\/\/www.euromat.be\/fr\/wp-json\/wp\/v2\/types\/product"}],"wp:featuredmedia":[{"embeddable":true,"href":"https:\/\/www.euromat.be\/fr\/wp-json\/wp\/v2\/media\/3455"}],"wp:attachment":[{"href":"https:\/\/www.euromat.be\/fr\/wp-json\/wp\/v2\/media?parent=6151"}],"wp:term":[{"taxonomy":"product_brand","embeddable":true,"href":"https:\/\/www.euromat.be\/fr\/wp-json\/wp\/v2\/product_brand?post=6151"},{"taxonomy":"product_cat","embeddable":true,"href":"https:\/\/www.euromat.be\/fr\/wp-json\/wp\/v2\/product_cat?post=6151"},{"taxonomy":"product_tag","embeddable":true,"href":"https:\/\/www.euromat.be\/fr\/wp-json\/wp\/v2\/product_tag?post=6151"}],"curies":[{"name":"wp","href":"https:\/\/api.w.org\/{rel}","templated":true}]}}