{"id":6152,"date":"2025-09-10T14:03:32","date_gmt":"2025-09-10T12:03:32","guid":{"rendered":"https:\/\/www.euromat.be\/product\/luchtslang-slu19-light-voor-aansluiting-anticor\/"},"modified":"2025-09-11T11:35:45","modified_gmt":"2025-09-11T09:35:45","slug":"tuyau-dair-slu19-light-pour-connexion-machine-anticor","status":"publish","type":"product","link":"https:\/\/www.euromat.be\/fr\/produit\/tuyau-dair-slu19-light-pour-connexion-machine-anticor\/","title":{"rendered":"Tuyau d&rsquo;air SLU19 light pour connexion machine (anticor)"},"content":{"rendered":"<section class=\"l-section wpb_row height_auto\"><div class=\"l-section-h i-cf\"><div class=\"g-cols vc_row via_flex valign_top type_default stacking_default\"><div class=\"vc_col-sm-12 wpb_column vc_column_container\"><div class=\"vc_column-inner\"><div class=\"wpb_wrapper\"><div class=\"wpb_text_column\"><div class=\"wpb_wrapper\"><p>Le tuyau d&rsquo;air SLU19 Light a \u00e9t\u00e9 sp\u00e9cialement con\u00e7u pour \u00eatre raccord\u00e9 aux syst\u00e8mes Anticor. Ce tuyau l\u00e9ger allie flexibilit\u00e9 et robustesse, ce qui le rend facile \u00e0 manipuler, m\u00eame en cas d&rsquo;utilisation intensive. Gr\u00e2ce \u00e0 ses mat\u00e9riaux de haute qualit\u00e9, le tuyau r\u00e9siste \u00e0 la pression et \u00e0 l&rsquo;usure, assurant une alimentation en air comprim\u00e9 fiable dans des conditions industrielles exigeantes. C&rsquo;est le choix id\u00e9al pour ceux qui recherchent un tuyau d&rsquo;air pratique, durable et facile \u00e0 utiliser.<\/p>\n<\/div><\/div><\/div><\/div><\/div><\/div><\/div><\/section>\n","protected":false},"excerpt":{"rendered":"<p>Tuyau d&rsquo;air l\u00e9ger SLU19 pour connexion Anticor, robuste et facile \u00e0 utiliser.<\/p>\n","protected":false},"featured_media":3459,"template":"","meta":{"_acf_changed":false},"product_brand":[],"product_cat":[1368,1365,2974],"product_tag":[],"class_list":{"0":"post-6152","1":"product","2":"type-product","3":"status-publish","4":"has-post-thumbnail","6":"product_cat-accessoires-traitement-de-surface","7":"product_cat-traitement-de-surface","8":"product_cat-tuyaux-dair","10":"first","11":"instock","12":"purchasable","13":"product-type-simple"},"acf":[],"_links":{"self":[{"href":"https:\/\/www.euromat.be\/fr\/wp-json\/wp\/v2\/product\/6152","targetHints":{"allow":["GET"]}}],"collection":[{"href":"https:\/\/www.euromat.be\/fr\/wp-json\/wp\/v2\/product"}],"about":[{"href":"https:\/\/www.euromat.be\/fr\/wp-json\/wp\/v2\/types\/product"}],"wp:featuredmedia":[{"embeddable":true,"href":"https:\/\/www.euromat.be\/fr\/wp-json\/wp\/v2\/media\/3459"}],"wp:attachment":[{"href":"https:\/\/www.euromat.be\/fr\/wp-json\/wp\/v2\/media?parent=6152"}],"wp:term":[{"taxonomy":"product_brand","embeddable":true,"href":"https:\/\/www.euromat.be\/fr\/wp-json\/wp\/v2\/product_brand?post=6152"},{"taxonomy":"product_cat","embeddable":true,"href":"https:\/\/www.euromat.be\/fr\/wp-json\/wp\/v2\/product_cat?post=6152"},{"taxonomy":"product_tag","embeddable":true,"href":"https:\/\/www.euromat.be\/fr\/wp-json\/wp\/v2\/product_tag?post=6152"}],"curies":[{"name":"wp","href":"https:\/\/api.w.org\/{rel}","templated":true}]}}