{"id":6154,"date":"2025-09-10T14:03:32","date_gmt":"2025-09-10T12:03:32","guid":{"rendered":"https:\/\/www.euromat.be\/product\/elektrische-airless-pistonpomp-tritech-t5\/"},"modified":"2025-10-29T10:57:21","modified_gmt":"2025-10-29T09:57:21","slug":"airless-pompe-a-pistonnes-airless-electrique-tritech-t5","status":"publish","type":"product","link":"https:\/\/www.euromat.be\/fr\/produit\/airless-pompe-a-pistonnes-airless-electrique-tritech-t5\/","title":{"rendered":"Airless pompe a pistonnes airless \u00e9lectrique Tritech T5"},"content":{"rendered":"<section class=\"l-section wpb_row height_auto\"><div class=\"l-section-h i-cf\"><div class=\"g-cols vc_row via_flex valign_top type_default stacking_default\"><div class=\"vc_col-sm-12 wpb_column vc_column_container\"><div class=\"vc_column-inner\"><div class=\"wpb_wrapper\"><div class=\"wpb_text_column\"><div class=\"wpb_wrapper\"><p><strong>Pompe \u00e9lectrique \u00e0 piston airless Tritech T5<\/strong><\/p>\n<p>Pour ceux qui recherchent les meilleures performances et la polyvalence pour tous les travaux de pulv\u00e9risation dans la construction et l&rsquo;industrie.<\/p>\n<p>La Tritech T5, disponible chez Euromat, est une pompe \u00e0 piston airless robuste et puissante con\u00e7ue pour les travaux de peinture de moyenne \u00e0 grande envergure. La combinaison d&rsquo;une pression de travail \u00e9lev\u00e9e (jusqu&rsquo;\u00e0 226 bars) et d&rsquo;un d\u00e9bit de 2,55 litres par minute rend cette unit\u00e9 parfaite pour une large gamme d&rsquo;applications.<\/p>\n<p>Cette pompe Tritech traite sans probl\u00e8me les appr\u00eats, les laques, le latex et m\u00eame les rev\u00eatements plus \u00e9pais tels que l&rsquo;\u00e9poxy. La buse de pulv\u00e9risation maximale de 0,025&Prime;\u00a0\u00bb assure la flexibilit\u00e9, tandis que le syst\u00e8me \u00e0 entra\u00eenement \u00e9lectrique garantit un fonctionnement silencieux, de faibles \u00e9missions et peu d&rsquo;entretien.<\/p>\n<p><strong>Pourquoi choisir Tritech ?<\/strong><br \/>\n1. Pulv\u00e9risation parfaitement uniforme sans pulsations<br \/>\n2. Le moteur PMC s&rsquo;adapte \u00e0 la buse utilis\u00e9e<br \/>\n3. Pas d&rsquo;usure du cylindre &#8211; donc tr\u00e8s grande long\u00e9vit\u00e9<br \/>\n4. Structure de la pompe enti\u00e8rement en acier inoxydable<br \/>\n5. Convient aux produits \u00e0 base de solvant et d&rsquo;eau<br \/>\n6. Facile \u00e0 transporter et \u00e0 utiliser<\/p>\n<p><strong>Caract\u00e9ristiques principales :<\/strong><br \/>\n&#8211; Marque : Tritech<br \/>\n&#8211; Mod\u00e8le : T5<br \/>\n&#8211; Pression de travail : 0-226 bar<br \/>\n&#8211; D\u00e9bit : 2,55 litres\/minute<br \/>\n&#8211; Buse de pulv\u00e9risation maximale : 0,025&Prime;\u00a0\u00bb.<br \/>\n&#8211; Poids : 35 kg<br \/>\n&#8211; Entra\u00eenement : \u00e9lectrique<\/p>\n<p><strong>Applications :<\/strong><br \/>\nLe Tritech T5 peut \u00eatre utilis\u00e9 pour des projets de peinture professionnels dans la construction neuve, la r\u00e9novation, les structures en acier et la finition int\u00e9rieure. Parfait pour les entrepreneurs, les entreprises de peinture et les utilisateurs industriels qui exigent rapidit\u00e9 et qualit\u00e9.<\/p>\n<p><strong>Pourquoi louer chez Euromat ?<\/strong><\/p>\n<p>\u2714\ufe0f Distributeur officiel de Tritech<br \/>\n\u2714\ufe0f Toujours disponible \u00e0 la location<br \/>\n\u2714\ufe0f Techniquement en parfait \u00e9tat<br \/>\n\u2714\ufe0f Des conseils adapt\u00e9s aux besoins de votre projet<\/p>\n<\/div><\/div><\/div><\/div><\/div><\/div><\/div><\/section>\n","protected":false},"excerpt":{"rendered":"<p>Location de la pompe \u00e0 piston airless Tritech T5 ? Centrale \u00e9lectrique jusqu&rsquo;\u00e0 226 bars et 2,55 l\/min, adapt\u00e9e aux appr\u00eats, \u00e0 la laque, au latex et aux rev\u00eatements plus \u00e9pais tels que l&rsquo;\u00e9poxy. Pulv\u00e9risation durable, silencieuse et sans pulsation &#8211; id\u00e9ale pour les projets de peinture et de rev\u00eatement de moyenne \u00e0 grande envergure.<\/p>\n","protected":false},"featured_media":2184,"template":"","meta":{"_acf_changed":false},"product_brand":[1429],"product_cat":[1369,2981,1365],"product_tag":[],"class_list":{"0":"post-6154","1":"product","2":"type-product","3":"status-publish","4":"has-post-thumbnail","6":"product_brand-tritech","7":"product_cat-materiels-de-peinture","8":"product_cat-pompe-a-piston-airless-electrique","9":"product_cat-traitement-de-surface","10":"pa_doorloopcapaciteit-255-l-min","11":"pa_gewicht-35-kg-fr","12":"pa_max-spuittip-0025-fr","13":"pa_werkdruk-0-226-bar-fr","15":"first","16":"instock","17":"purchasable","18":"product-type-simple"},"acf":[],"_links":{"self":[{"href":"https:\/\/www.euromat.be\/fr\/wp-json\/wp\/v2\/product\/6154","targetHints":{"allow":["GET"]}}],"collection":[{"href":"https:\/\/www.euromat.be\/fr\/wp-json\/wp\/v2\/product"}],"about":[{"href":"https:\/\/www.euromat.be\/fr\/wp-json\/wp\/v2\/types\/product"}],"wp:featuredmedia":[{"embeddable":true,"href":"https:\/\/www.euromat.be\/fr\/wp-json\/wp\/v2\/media\/2184"}],"wp:attachment":[{"href":"https:\/\/www.euromat.be\/fr\/wp-json\/wp\/v2\/media?parent=6154"}],"wp:term":[{"taxonomy":"product_brand","embeddable":true,"href":"https:\/\/www.euromat.be\/fr\/wp-json\/wp\/v2\/product_brand?post=6154"},{"taxonomy":"product_cat","embeddable":true,"href":"https:\/\/www.euromat.be\/fr\/wp-json\/wp\/v2\/product_cat?post=6154"},{"taxonomy":"product_tag","embeddable":true,"href":"https:\/\/www.euromat.be\/fr\/wp-json\/wp\/v2\/product_tag?post=6154"}],"curies":[{"name":"wp","href":"https:\/\/api.w.org\/{rel}","templated":true}]}}